{"id":6132,"date":"2013-10-24T23:09:50","date_gmt":"2013-10-24T21:09:50","guid":{"rendered":"https:\/\/www.fcgueugnon.fr\/wp\/?page_id=6132"},"modified":"2022-04-12T10:10:02","modified_gmt":"2022-04-12T08:10:02","slug":"boutique","status":"publish","type":"page","link":"https:\/\/www.fcgueugnon.fr\/wp\/boutique","title":{"rendered":"Boutique"},"content":{"rendered":"\n<div class=\"wp-block-columns is-layout-flex wp-container-core-columns-is-layout-1 wp-block-columns-is-layout-flex\">\n<div class=\"wp-block-column is-layout-flow wp-block-column-is-layout-flow\">\n<div class=\"wp-block-image\"><figure class=\"alignright is-resized\"><a href=\"wp\/boutique\"><img decoding=\"async\" src=\"https:\/\/www.fcgueugnon.fr\/wp\/wp-content\/uploads\/2020\/10\/boutique-fc-gueugnon-350x87.png\" alt=\"\" class=\"wp-image-43091\" width=\"222\"\/><\/a><\/figure><\/div>\n<\/div>\n\n\n\n<div class=\"wp-block-column is-layout-flow wp-block-column-is-layout-flow\">\n<div class=\"wp-block-image\"><figure class=\"alignleft is-resized\"><a href=\"wp\/panier\"><img decoding=\"async\" src=\"https:\/\/www.fcgueugnon.fr\/wp\/wp-content\/uploads\/2020\/10\/mon-panier-fc-gueugnon-350x87.png\" alt=\"\" class=\"wp-image-43092\" width=\"222\"\/><\/a><\/figure><\/div>\n<\/div>\n<\/div>\n\n\n\n<h3 class=\"wp-block-heading\"><strong>Bienvenue dans les rayons de la boutique du Site Officiel du FCGueugnon !<\/strong><\/h3>\n\n\n\n<p>Depuis son lancement mi-d\u00e9cembre 2013, celle-ci vous propose un ensemble d&rsquo;<strong>articles personnalis\u00e9s aux couleurs du FCG<\/strong>.<br>Autre argument de confiance, vous pourrez utiliser le paiement s\u00e9curis\u00e9, via le dispositif \u00ab\u00a0apayer\u00a0\u00bb du Cr\u00e9dit Mutuel.<\/p>\n\n\n\n<p>Pour toutes questions,&nbsp; n&rsquo;h\u00e9sitez pas \u00e0 contacter le club par mail \u00e0 l&rsquo;adresse suivante : <a href=\"mailto:boutique@fcgueugnon.fr\">boutique@fcgueugnon.fr<\/a> ou par t\u00e9l\u00e9phone (voir les coordonn\u00e9es \u00e0 l&rsquo;onglet <a href=\"https:\/\/www.fcgueugnon.fr\/wp\/contact\">contact + CGV<\/a>).<\/p>\n\n\n\n<p><strong>Bonne visite sur <a title=\"boutique\" href=\"http:\/\/boutique.fcgueugnon.fr\">boutique.fcgueugnon.fr<\/a>&nbsp;!<\/strong><\/p>\n\n\n\n<div style=\"height:45px\" aria-hidden=\"true\" class=\"wp-block-spacer\"><\/div>\n\n\n\n<p><\/p>\n","protected":false},"excerpt":{"rendered":"<p>Bienvenue dans les rayons de la boutique du Site Officiel du FCGueugnon ! Depuis son lancement mi-d\u00e9cembre 2013, celle-ci vous propose un ensemble d&rsquo;articles personnalis\u00e9s aux couleurs du FCG.Autre argument de confiance, vous pourrez utiliser le paiement s\u00e9curis\u00e9, via le dispositif \u00ab\u00a0apayer\u00a0\u00bb du Cr\u00e9dit Mutuel. Pour toutes questions,&nbsp; n&rsquo;h\u00e9sitez pas \u00e0 contacter le club par &#8230; <\/p>\n<p class=\"read-more-container\"><a title=\"Boutique\" class=\"read-more button\" href=\"https:\/\/www.fcgueugnon.fr\/wp\/boutique#more-6132\">Lire la suite<span class=\"screen-reader-text\">Boutique<\/span><\/a><\/p>\n","protected":false},"author":1,"featured_media":0,"parent":0,"menu_order":0,"comment_status":"closed","ping_status":"closed","template":"","meta":{"_coblocks_attr":"","_coblocks_dimensions":"","_coblocks_responsive_height":"","_coblocks_accordion_ie_support":"","footnotes":""},"_links":{"self":[{"href":"https:\/\/www.fcgueugnon.fr\/wp\/wp-json\/wp\/v2\/pages\/6132"}],"collection":[{"href":"https:\/\/www.fcgueugnon.fr\/wp\/wp-json\/wp\/v2\/pages"}],"about":[{"href":"https:\/\/www.fcgueugnon.fr\/wp\/wp-json\/wp\/v2\/types\/page"}],"author":[{"embeddable":true,"href":"https:\/\/www.fcgueugnon.fr\/wp\/wp-json\/wp\/v2\/users\/1"}],"replies":[{"embeddable":true,"href":"https:\/\/www.fcgueugnon.fr\/wp\/wp-json\/wp\/v2\/comments?post=6132"}],"version-history":[{"count":0,"href":"https:\/\/www.fcgueugnon.fr\/wp\/wp-json\/wp\/v2\/pages\/6132\/revisions"}],"wp:attachment":[{"href":"https:\/\/www.fcgueugnon.fr\/wp\/wp-json\/wp\/v2\/media?parent=6132"}],"curies":[{"name":"wp","href":"https:\/\/api.w.org\/{rel}","templated":true}]}}