{"id":4219,"date":"2013-08-28T13:34:16","date_gmt":"2013-08-28T12:34:16","guid":{"rendered":"https:\/\/www.fcgueugnon.fr\/wp\/?page_id=4219"},"modified":"2020-09-01T22:48:00","modified_gmt":"2020-09-01T20:48:00","slug":"infos-pratiques","status":"publish","type":"page","link":"https:\/\/www.fcgueugnon.fr\/wp\/club\/infos-pratiques","title":{"rendered":"Infos Pratiques"},"content":{"rendered":"\n<h1 class=\"wp-block-heading\"><strong>Se rendre au FC Gueugnon<\/strong><\/h1>\n\n\n\n<div class=\"wp-block-image\"><figure class=\"aligncenter\"><a href=\"https:\/\/www.fcgueugnon.fr\/wp\/wp-content\/uploads\/2013\/08\/CarteRegion.jpg\"><img loading=\"lazy\" decoding=\"async\" width=\"700\" height=\"296\" src=\"https:\/\/www.fcgueugnon.fr\/wp\/wp-content\/uploads\/2013\/08\/CarteRegion-700x296.jpg\" alt=\"CarteRegion\" class=\"wp-image-4706\"\/><\/a><\/figure><\/div>\n\n\n\n<p class=\"has-text-align-center\"><span style=\"color: #ff6600;\"><em>Adresse: Avenue du stade, 71130 Gueugnon<\/em><\/span><br><span style=\"color: #ff6600;\"> <em>Coordonn\u00e9es GPS : 46\u00b0 35&prime; 44\u201d N, 04\u00b0 03&prime; 27\u201d E<\/em><\/span><\/p>\n\n\n\n<div class=\"wp-block-columns is-layout-flex wp-container-core-columns-is-layout-1 wp-block-columns-is-layout-flex\">\n<div class=\"wp-block-column is-layout-flow wp-block-column-is-layout-flow\">\n<h2 class=\"wp-block-heading\">&#x1f697; En voiture<\/h2>\n\n\n\n<p><strong><span style=\"text-decoration: underline;\">Depuis Paris &#8211; Dijon via <span style=\"color: #ff0000;\">A6<\/span><\/span><\/strong><br><strong>Sortie n\u00b026 &#8211; Chalon Sud &#8211; Montceau les Mines<\/strong><br>Suivre Paray le Monial sur N70<br>Sortie Gueugnon &#8211; Perrecy les Forges<br>Suivre Gueugnon sur D60<\/p>\n\n\n\n<p><strong><span style=\"text-decoration: underline;\">Depuis Lyon via <span style=\"color: #ff0000;\">A6<\/span><\/span><\/strong><br><strong>Sortie n\u00b0 29 &#8211; M\u00e2con Centre &#8211; Moulins<\/strong><br>Suivre Moulins sur N79<br>Sortie n\u00b023 &#8211; Digoin Centre &#8211; Gueugnon<br>Suivre Gueugnon sur D994<\/p>\n\n\n\n<p><strong><span style=\"text-decoration: underline;\">Depuis Clermont ou Paris via <span style=\"color: #ff0000;\">A71<\/span><\/span><\/strong><br><strong>Sortie n\u00b011 &#8211; Moulins &#8211; Montmarault<\/strong><br>Suivre Paray le Monial sur N79<br>Sortie n\u00b023 &#8211; Digoin Centre &#8211; Gueugnon<br>Suivre Gueugnon sur D994<\/p>\n<\/div>\n\n\n\n<div class=\"wp-block-column is-layout-flow wp-block-column-is-layout-flow\">\n<h2 class=\"wp-block-heading\">&#x1f686; En Train<\/h2>\n\n\n\n<h3 class=\"wp-block-heading\"><strong>En TGV sur la ligne Paris \/ Lyon<\/strong><\/h3>\n\n\n\n<figure class=\"wp-block-image size-medium\"><img loading=\"lazy\" decoding=\"async\" width=\"350\" height=\"154\" src=\"https:\/\/www.fcgueugnon.fr\/wp\/wp-content\/uploads\/2020\/09\/gare-le-creusot-montceau-montchanin-TGV-350x154.jpg\" alt=\"\" class=\"wp-image-41907\"\/><\/figure>\n\n\n\n<p><a href=\"https:\/\/www.gares-sncf.com\/fr\/gare\/frxcc\/creusot-montceau-mines-montchanin-tgv\" target=\"_blank\" rel=\"noopener noreferrer\">Gare TGV \u00ab\u00a0Le Creusot &#8211; Montceau-les-Mines &#8211; Montchanin TGV\u00a0\u00bb<\/a>\u00a0 \u00e0 40 km du stade<\/p>\n<\/div>\n\n\n\n<div class=\"wp-block-column is-layout-flow wp-block-column-is-layout-flow\">\n<h2 class=\"wp-block-heading\">&#x2708;&#xfe0f; En Avion<\/h2>\n\n\n\n<h3 class=\"wp-block-heading\">A\u00e9roport du Charolais \u00e0 Saint-Yan (71) \u00e0 25km du stade<\/h3>\n\n\n\n<div class=\"wp-block-image\"><figure class=\"aligncenter is-resized\"><a href=\"http:\/\/www.aeroportsaintyan.fr\" target=\"_blank\" rel=\"noopener noreferrer\"><img decoding=\"async\" src=\"https:\/\/www.fcgueugnon.fr\/wp\/wp-content\/uploads\/2018\/07\/a\u00e9roport-a\u00e9rodrome-du-charolais-Saint-st-Yan-350x263.jpg\" alt=\"\" class=\"wp-image-27596\" height=\"154\"\/><\/a><\/figure><\/div>\n\n\n\n<p><\/p>\n<\/div>\n<\/div>\n\n\n\n<div style=\"height:100px\" aria-hidden=\"true\" class=\"wp-block-spacer\"><\/div>\n\n\n\n<h1 class=\"wp-block-heading\"><strong>Acc\u00e8s aux parkings du Stade<\/strong><\/h1>\n\n\n\n<div class=\"wp-block-image\"><figure class=\"aligncenter\"><a href=\"https:\/\/www.fcgueugnon.fr\/wp\/wp-content\/uploads\/2013\/08\/CarteStade.jpeg\"><img decoding=\"async\" src=\"https:\/\/www.fcgueugnon.fr\/wp\/wp-content\/uploads\/2013\/08\/CarteStade-300x177.jpeg\" alt=\"CarteStade\" class=\"wp-image-4707\"\/><\/a><\/figure><\/div>\n\n\n\n<p>Aujourd\u2019hui, pour les matchs de National 3, seule <strong>la tribune Nord<\/strong> (3 000 personnes) est ouverte.<\/p>\n\n\n\n<ul><li>Le <strong>parking Ouest \u00ab\u00a0Po\u00a0\u00bb<\/strong> est r\u00e9serv\u00e9 aux spectateurs et est situ\u00e9 derri\u00e8re la tribune Ouest c\u00f4t\u00e9 rivi\u00e8re de l&rsquo;Arroux. La billetterie et l&rsquo;acc\u00e8s \u00e0 l&rsquo;enceinte s&rsquo;effectue entre les tribune Ouest et Nord pr\u00e8s de la piscine. Aucun acc\u00e8s spectateurs n\u2019est possible par un autre endroit.<\/li><li>Le <strong>parking Nord<\/strong> <strong>\u00ab\u00a0Pn\u00a0\u00bb<\/strong> est r\u00e9serv\u00e9 aux officiels, joueurs, arbitres, d\u00e9l\u00e9gu\u00e9s ainsi qu\u2019aux partenaires et sponsors. Il est situ\u00e9 derri\u00e8re la tribune Nord avec acc\u00e8s par la route c\u00f4t\u00e9 canal et terrain de tennis. Ce parking est contr\u00f4l\u00e9 au portail.<\/li><\/ul>\n\n\n\n<p>Un parking sp\u00e9cifique pour la plaine de la VF (<strong>parking Pvf<\/strong>) est ) votre disposition rue des Potiers<\/p>\n\n\n\n<p>Un service s\u00e9curit\u00e9 est charg\u00e9 de faire respecter les r\u00e8gles d\u2019organisation dict\u00e9es par la F\u00e9d\u00e9ration Fran\u00e7aise de Football : contr\u00f4les des acc\u00e8s en tribune et parking, protection de la zone de jeu, filtrage du couloir d\u2019acc\u00e8s aux vestiaires et terrain, etc \u2026<\/p>\n\n\n\n<div class=\"wp-block-image\"><figure class=\"aligncenter\"><a href=\"https:\/\/www.fcgueugnon.fr\/wp\/club\/jean-laville\"><img loading=\"lazy\" decoding=\"async\" width=\"600\" height=\"405\" src=\"https:\/\/www.fcgueugnon.fr\/wp\/wp-content\/uploads\/2019\/06\/stade-jean-laville-place-1.png\" alt=\"\" class=\"wp-image-34465\"\/><\/a><figcaption>Plus d&rsquo;info sur le stade Jean Laville<\/figcaption><\/figure><\/div>\n\n\n\n<h3 class=\"wp-block-heading\"><strong>PMR<\/strong><\/h3>\n\n\n\n<p>&#x267f; Un ascenseur et plusieurs emplacements sont disponibles aux personnes \u00e0 mobilit\u00e9 r\u00e9duite (PMR). N&rsquo;h\u00e9sitez pas \u00e0 contacter le club afin de pr\u00e9parer au mieux votre venue.<\/p>\n\n\n\n<div style=\"height:100px\" aria-hidden=\"true\" class=\"wp-block-spacer\"><\/div>\n\n\n\n<h1 class=\"wp-block-heading\"><strong>Billetterie et Services<\/strong><\/h1>\n\n\n\n<h2 class=\"wp-block-heading\">Prix des places pour le National 3<\/h2>\n\n\n\n<ul><li><span style=\"line-height: 15px;\"><strong>7 \u20ac<\/strong> (Plein tarif)<\/span><\/li><li><strong>4 \u20ac<\/strong> (Ch\u00f4meurs et \u00e9tudiants)<\/li><li><strong>Gratuit<\/strong> pour les moins de 16 ans<\/li><\/ul>\n\n\n\n<h2 class=\"wp-block-heading\">Buvettes &amp; Snacks<\/h2>\n\n\n\n<p>2 buvettes en tribune Nord sont propos\u00e9es au public. Une au rez de chauss\u00e9e, l&rsquo;autre \u00e0 l&rsquo;\u00e9tage.<\/p>\n\n\n\n<p><em id=\"__mceDel\"><strong>Il n&rsquo;y a pas d&rsquo;encaissement d&rsquo;argent liquide aux buvettes.<\/strong> Des \u00ab\u00a0tickets-jetons\u00a0\u00bb sont en vente \u00e0 proximit\u00e9 des buvettes sur chaque niveau.<br>N&rsquo;oubliez pas d&rsquo;\u00e9changer votre monnaie contre des \u00ab\u00a0tickets-jetons\u00a0\u00bb de 1 \u20ac et 2 \u20ac valables dans l&rsquo;enceinte du stade Jean Laville, toute la saison pour les matchs \u00e0 domicile !<\/em><\/p>\n\n\n\n<p>Soucieux de l&rsquo;environnement, le FC Gueugnon met \u00e0 disposition des gobelets r\u00e9utilisables en \u00e9change d&rsquo;une consigne d&rsquo;1\u20ac. Vous pouvez r\u00e9cup\u00e9rer votre caution en rendant votre verre. Vous pouvez \u00e9galement faire le choix de garder votre verre en souvenir.<\/p>\n\n\n\n<h3 class=\"has-text-align-center wp-block-heading\"><strong><span style=\"color: #008000;\">Ensemble, \u0153uvrons pour le d\u00e9veloppement durable !<\/span><\/strong><\/h3>\n\n\n\n<div class=\"wp-block-image\"><figure class=\"aligncenter\"><a href=\"https:\/\/www.fcgueugnon.fr\/wp\/wp-content\/uploads\/2013\/08\/Gobelets-Eco-cup.png\"><img loading=\"lazy\" decoding=\"async\" width=\"350\" height=\"238\" src=\"https:\/\/www.fcgueugnon.fr\/wp\/wp-content\/uploads\/2013\/08\/Gobelets-Eco-cup-350x238.png\" alt=\"\" class=\"wp-image-22962\"\/><\/a><\/figure><\/div>\n\n\n\n<h2 class=\"wp-block-heading\">Prestation VIP <\/h2>\n\n\n\n<p>Le FC Gueugnon propose des soir\u00e9es VIP au salon de Bourgogne du stade Jean Laville. Pour plus d&rsquo;information, contactez Christophe Noluveau (Directeur G\u00e9n\u00e9ral) par mail \u00e0 c.noluveau[at]fcgueugnon.fr<\/p>\n\n\n\n<div class=\"wp-block-blockgallery-masonry alignwide\"><div class=\"blockgallery has-caption-style-dark has-gutter\"><ul class=\"has-grid-med has-gutter-50 has-gutter-mobile-15\"><li class=\"blockgallery--item\"><figure class=\"blockgallery--figure\"><img loading=\"lazy\" decoding=\"async\" width=\"700\" height=\"467\" src=\"https:\/\/www.fcgueugnon.fr\/wp\/wp-content\/uploads\/2020\/01\/FC-Gueugnon-Racing-Besan\u00e7on-soir\u00e9e-VIP-Partenaires-30-700x467.jpg\" alt=\"\" data-id=\"38553\" data-link=\"https:\/\/www.fcgueugnon.fr\/wp\/partenaires-retour-en-images-sur-la-soiree-partenaires-fc-gueugnon-racing-besancon\/38534\/fc-gueugnon-racing-besancon-soiree-vip-partenaires-30#main\" class=\"wp-image-38553\"\/><\/figure><\/li><li class=\"blockgallery--item\"><figure class=\"blockgallery--figure\"><img loading=\"lazy\" decoding=\"async\" width=\"700\" height=\"467\" src=\"https:\/\/www.fcgueugnon.fr\/wp\/wp-content\/uploads\/2020\/01\/FC-Gueugnon-Racing-Besan\u00e7on-soir\u00e9e-VIP-Partenaires-57-700x467.jpg\" alt=\"\" data-id=\"38567\" data-link=\"https:\/\/www.fcgueugnon.fr\/wp\/partenaires-retour-en-images-sur-la-soiree-partenaires-fc-gueugnon-racing-besancon\/38534\/fc-gueugnon-racing-besancon-soiree-vip-partenaires-57#main\" class=\"wp-image-38567\"\/><\/figure><\/li><li class=\"blockgallery--item\"><figure class=\"blockgallery--figure\"><img loading=\"lazy\" decoding=\"async\" width=\"700\" height=\"467\" src=\"https:\/\/www.fcgueugnon.fr\/wp\/wp-content\/uploads\/2020\/01\/FC-Gueugnon-Racing-Besan\u00e7on-soir\u00e9e-VIP-Partenaires-39-700x467.jpg\" alt=\"\" data-id=\"38560\" data-link=\"https:\/\/www.fcgueugnon.fr\/wp\/partenaires-retour-en-images-sur-la-soiree-partenaires-fc-gueugnon-racing-besancon\/38534\/fc-gueugnon-racing-besancon-soiree-vip-partenaires-39#main\" class=\"wp-image-38560\"\/><\/figure><\/li><li class=\"blockgallery--item\"><figure class=\"blockgallery--figure\"><img loading=\"lazy\" decoding=\"async\" width=\"700\" height=\"467\" src=\"https:\/\/www.fcgueugnon.fr\/wp\/wp-content\/uploads\/2020\/01\/FC-Gueugnon-Racing-Besan\u00e7on-soir\u00e9e-VIP-Partenaires-14-700x467.jpg\" alt=\"\" data-id=\"38541\" data-link=\"https:\/\/www.fcgueugnon.fr\/wp\/partenaires-retour-en-images-sur-la-soiree-partenaires-fc-gueugnon-racing-besancon\/38534\/fc-gueugnon-racing-besancon-soiree-vip-partenaires-14#main\" class=\"wp-image-38541\"\/><\/figure><\/li><\/ul><\/div><\/div>\n","protected":false},"excerpt":{"rendered":"<p>Se rendre au FC Gueugnon Adresse: Avenue du stade, 71130 Gueugnon Coordonn\u00e9es GPS : 46\u00b0 35&prime; 44\u201d N, 04\u00b0 03&prime; 27\u201d E &#x1f697; En voiture Depuis Paris &#8211; Dijon via A6Sortie n\u00b026 &#8211; Chalon Sud &#8211; Montceau les MinesSuivre Paray le Monial sur N70Sortie Gueugnon &#8211; Perrecy les ForgesSuivre Gueugnon sur D60 Depuis Lyon via &#8230; <\/p>\n<p class=\"read-more-container\"><a title=\"Infos Pratiques\" class=\"read-more button\" href=\"https:\/\/www.fcgueugnon.fr\/wp\/club\/infos-pratiques#more-4219\">Lire la suite<span class=\"screen-reader-text\">Infos Pratiques<\/span><\/a><\/p>\n","protected":false},"author":7,"featured_media":0,"parent":2344,"menu_order":0,"comment_status":"closed","ping_status":"closed","template":"","meta":{"_coblocks_attr":"","_coblocks_dimensions":"","_coblocks_responsive_height":"","_coblocks_accordion_ie_support":"","footnotes":""},"_links":{"self":[{"href":"https:\/\/www.fcgueugnon.fr\/wp\/wp-json\/wp\/v2\/pages\/4219"}],"collection":[{"href":"https:\/\/www.fcgueugnon.fr\/wp\/wp-json\/wp\/v2\/pages"}],"about":[{"href":"https:\/\/www.fcgueugnon.fr\/wp\/wp-json\/wp\/v2\/types\/page"}],"author":[{"embeddable":true,"href":"https:\/\/www.fcgueugnon.fr\/wp\/wp-json\/wp\/v2\/users\/7"}],"replies":[{"embeddable":true,"href":"https:\/\/www.fcgueugnon.fr\/wp\/wp-json\/wp\/v2\/comments?post=4219"}],"version-history":[{"count":0,"href":"https:\/\/www.fcgueugnon.fr\/wp\/wp-json\/wp\/v2\/pages\/4219\/revisions"}],"up":[{"embeddable":true,"href":"https:\/\/www.fcgueugnon.fr\/wp\/wp-json\/wp\/v2\/pages\/2344"}],"wp:attachment":[{"href":"https:\/\/www.fcgueugnon.fr\/wp\/wp-json\/wp\/v2\/media?parent=4219"}],"curies":[{"name":"wp","href":"https:\/\/api.w.org\/{rel}","templated":true}]}}