{"id":98,"date":"2022-07-20T23:57:18","date_gmt":"2022-07-20T21:57:18","guid":{"rendered":"https:\/\/www.fcgueugnon.fr\/site\/?page_id=98"},"modified":"2022-07-20T23:58:56","modified_gmt":"2022-07-20T21:58:56","slug":"mentions-legales","status":"publish","type":"page","link":"https:\/\/www.fcgueugnon.fr\/site\/mentions-legales","title":{"rendered":"MENTIONS LEGALES"},"content":{"rendered":"\n<div style=\"height:30px\" aria-hidden=\"true\" class=\"wp-block-spacer\"><\/div>\n\n\n\n<p><strong>Propri\u00e9taire du site<\/strong><\/p>\n\n\n\n<p>Association FC Gueugnon \u2013 Association Loi 1901<br>71130 GUEUGNON<br>Tel : 03 85 85 06 26<\/p>\n\n\n\n<p><em>Directeur de la publication : Anthony HERODET<\/em><\/p>\n\n\n\n<div style=\"height:10px\" aria-hidden=\"true\" class=\"wp-block-spacer\"><\/div>\n\n\n\n<p><strong>R\u00e9alisation<\/strong><\/p>\n\n\n\n<p>Site d\u00e9velopp\u00e9 par Anthony HERODET pour le FCG<\/p>\n\n\n\n<div style=\"height:10px\" aria-hidden=\"true\" class=\"wp-block-spacer\"><\/div>\n\n\n\n<p><strong>H\u00e9bergement<\/strong><\/p>\n\n\n\n<p>IONOS 1&amp;1 Internet SARL<br>7 place de la Gare<br>BP 70109 &#8211; 57201 Sarreguemines Cedex<br>www.1and1.fr<br>RCS Sarreguemines B 431 303 775<br>SIRET 431 303 775 000 16<\/p>\n\n\n\n<div style=\"height:10px\" aria-hidden=\"true\" class=\"wp-block-spacer\"><\/div>\n\n\n\n<p><strong>Informatique et Libert\u00e9s<\/strong><\/p>\n\n\n\n<p>Conform\u00e9ment \u00e0 la loi \u00ab Informatique et Libert\u00e9s \u00bb du 6 juillet 1978 modifi\u00e9e, vous disposez d\u2019un droit d\u2019acc\u00e8s, de modification, de rectification et de suppression des donn\u00e9es qui vous concernent. Pour l\u2019exercer, merci d\u2019adresser votre demande par courrier \u00e0&nbsp;: FC Gueugnon, BP 8 \u2013 Avenue du Stade, Stade Jean-Laville \u2013&nbsp;71130 GUEUGNON<br>ou par email \u00e0 gueugnon.fc[at]lbfc-foot.fr<\/p>\n\n\n\n<div style=\"height:10px\" aria-hidden=\"true\" class=\"wp-block-spacer\"><\/div>\n\n\n\n<p><strong>Respect des droits d&rsquo;auteur<\/strong><\/p>\n\n\n\n<p>L\u2019utilisation de tout document provenant du site <a href=\"http:\/\/www.fcgueugnon.fr\">www.fcgueugnon.fr<\/a> n\u2019est autoris\u00e9e qu\u2019\u00e0 titre d\u2019information pour un usage priv\u00e9. Toute utilisation de ces \u00e9l\u00e9ments prot\u00e9g\u00e9s par le droit d\u2019auteur sur d\u2019autres sites internet et sur tout autre support est formellement interdite. Le FCG s\u2019efforce d\u2019assurer au mieux de ses possibilit\u00e9s, l\u2019exactitude et la mise \u00e0 jour des informations diffus\u00e9es sur ce site, dont elle se r\u00e9serve le droit de corriger, \u00e0 tout moment et sans pr\u00e9avis, le contenu. Aussi, elle avertit le visiteur qu\u2019il lui appartient de v\u00e9rifier l\u2019information par d\u2019autres moyens, y compris en contactant le club.<\/p>\n\n\n\n<p>En cons\u00e9quence, FCG d\u00e9cline toute responsabilit\u00e9 : pour toute impr\u00e9cision, inexactitude ou omission portant sur des informations disponibles sur le site ; pour tous dommages r\u00e9sultant d\u2019une intrusion frauduleuse d\u2019un tiers ayant entra\u00een\u00e9 une modification des informations mises \u00e0 la disposition sur le site ; et plus g\u00e9n\u00e9ralement pour tous dommages, directs ou indirects, qu\u2019elles qu\u2019en soient les causes, origines, nature ou cons\u00e9quences, provoqu\u00e9s \u00e0 raison de l\u2019acc\u00e8s de quiconque au site ou de l\u2019impossibilit\u00e9 d\u2019y acc\u00e9der, de m\u00eame que l\u2019utilisation du site et\/ou du cr\u00e9dit accord\u00e9 \u00e0 une quelconque information provenant directement ou indirectement de ce dernier.<\/p>\n\n\n\n<div style=\"height:10px\" aria-hidden=\"true\" class=\"wp-block-spacer\"><\/div>\n\n\n\n<p><strong>Recommandations pour la visualisation<\/strong><\/p>\n\n\n\n<p>Pour visualiser les pages de ce site de fa\u00e7on optimale, nous vous recommandons d\u2019utiliser un navigateur web et\/ou mobile r\u00e9cent (Firefox, Chrome).<\/p>\n\n\n\n<div style=\"height:10px\" aria-hidden=\"true\" class=\"wp-block-spacer\"><\/div>\n\n\n\n<p><em><strong>Cookies et RGPD \u25ba<\/strong> <a href=\"https:\/\/www.fcgueugnon.fr\/site\/charte-de-protection-de-vos-donnees-personnelles\">Charte de protection de vos donn\u00e9es personnelles<\/a><\/em><\/p>\n\n\n\n<div style=\"height:100px\" aria-hidden=\"true\" class=\"wp-block-spacer\"><\/div>\n","protected":false},"excerpt":{"rendered":"<p>Propri\u00e9taire du site Association FC Gueugnon \u2013 Association Loi 190171130 GUEUGNONTel : 03 85 85 06 26 Directeur de la publication : Anthony HERODET R\u00e9alisation Site d\u00e9velopp\u00e9 par Anthony HERODET pour le FCG H\u00e9bergement IONOS 1&amp;1 Internet SARL7 place de la GareBP 70109 &#8211; 57201 Sarreguemines Cedexwww.1and1.frRCS Sarreguemines B 431 303 775SIRET 431 303 775 &#8230; <\/p>\n<p class=\"read-more-container\"><a title=\"MENTIONS LEGALES\" class=\"read-more button\" href=\"https:\/\/www.fcgueugnon.fr\/site\/mentions-legales#more-98\" aria-label=\"Plus sur MENTIONS LEGALES\">Lire la suite<\/a><\/p>\n","protected":false},"author":1,"featured_media":0,"parent":0,"menu_order":0,"comment_status":"closed","ping_status":"closed","template":"","meta":{"footnotes":""},"class_list":{"0":"post-98","1":"page","2":"type-page","3":"status-publish","5":"infinite-scroll-item"},"yoast_head":"<!-- This site is optimized with the Yoast SEO plugin v26.6 - https:\/\/yoast.com\/wordpress\/plugins\/seo\/ -->\n<title>MENTIONS LEGALES &#8226; FOOTBALL CLUB GUEUGNON<\/title>\n<meta name=\"robots\" content=\"index, follow, max-snippet:-1, max-image-preview:large, max-video-preview:-1\" \/>\n<link rel=\"canonical\" href=\"https:\/\/www.fcgueugnon.fr\/site\/mentions-legales\" \/>\n<meta property=\"og:locale\" content=\"fr_FR\" \/>\n<meta property=\"og:type\" content=\"article\" \/>\n<meta property=\"og:title\" content=\"MENTIONS LEGALES &#8226; FOOTBALL CLUB GUEUGNON\" \/>\n<meta property=\"og:description\" content=\"Propri\u00e9taire du site Association FC Gueugnon \u2013 Association Loi 190171130 GUEUGNONTel : 03 85 85 06 26 Directeur de la publication : Anthony HERODET R\u00e9alisation Site d\u00e9velopp\u00e9 par Anthony HERODET pour le FCG H\u00e9bergement IONOS 1&amp;1 Internet SARL7 place de la GareBP 70109 &#8211; 57201 Sarreguemines Cedexwww.1and1.frRCS Sarreguemines B 431 303 775SIRET 431 303 775 ... Lire la suite\" \/>\n<meta property=\"og:url\" content=\"https:\/\/www.fcgueugnon.fr\/site\/mentions-legales\" \/>\n<meta property=\"og:site_name\" content=\"FOOTBALL CLUB GUEUGNON\" \/>\n<meta property=\"article:publisher\" content=\"http:\/\/facebook.com\/FCGueugnon\" \/>\n<meta property=\"article:modified_time\" content=\"2022-07-20T21:58:56+00:00\" \/>\n<meta property=\"og:image\" content=\"https:\/\/www.fcgueugnon.fr\/site\/wp-content\/uploads\/2022\/07\/cropped-cropped-Logo-FCGUEUGNON-low-350x350-1.png\" \/>\n\t<meta property=\"og:image:width\" content=\"512\" \/>\n\t<meta property=\"og:image:height\" content=\"512\" \/>\n\t<meta property=\"og:image:type\" content=\"image\/png\" \/>\n<meta name=\"twitter:card\" content=\"summary_large_image\" \/>\n<meta name=\"twitter:site\" content=\"@FCGueugnon_off\" \/>\n<meta name=\"twitter:label1\" content=\"Dur\u00e9e de lecture estim\u00e9e\" \/>\n\t<meta name=\"twitter:data1\" content=\"2 minutes\" \/>\n<script type=\"application\/ld+json\" class=\"yoast-schema-graph\">{\"@context\":\"https:\/\/schema.org\",\"@graph\":[{\"@type\":\"WebPage\",\"@id\":\"https:\/\/www.fcgueugnon.fr\/site\/mentions-legales\",\"url\":\"https:\/\/www.fcgueugnon.fr\/site\/mentions-legales\",\"name\":\"MENTIONS LEGALES &#8226; FOOTBALL CLUB GUEUGNON\",\"isPartOf\":{\"@id\":\"https:\/\/www.fcgueugnon.fr\/site\/#website\"},\"datePublished\":\"2022-07-20T21:57:18+00:00\",\"dateModified\":\"2022-07-20T21:58:56+00:00\",\"breadcrumb\":{\"@id\":\"https:\/\/www.fcgueugnon.fr\/site\/mentions-legales#breadcrumb\"},\"inLanguage\":\"fr-FR\",\"potentialAction\":[{\"@type\":\"ReadAction\",\"target\":[\"https:\/\/www.fcgueugnon.fr\/site\/mentions-legales\"]}]},{\"@type\":\"BreadcrumbList\",\"@id\":\"https:\/\/www.fcgueugnon.fr\/site\/mentions-legales#breadcrumb\",\"itemListElement\":[{\"@type\":\"ListItem\",\"position\":1,\"name\":\"Accueil\",\"item\":\"https:\/\/www.fcgueugnon.fr\/site\/\"},{\"@type\":\"ListItem\",\"position\":2,\"name\":\"MENTIONS LEGALES\"}]},{\"@type\":\"WebSite\",\"@id\":\"https:\/\/www.fcgueugnon.fr\/site\/#website\",\"url\":\"https:\/\/www.fcgueugnon.fr\/site\/\",\"name\":\"FOOTBALL CLUB GUEUGNON\",\"description\":\"Le Site Officiel des Forgerons\",\"publisher\":{\"@id\":\"https:\/\/www.fcgueugnon.fr\/site\/#organization\"},\"potentialAction\":[{\"@type\":\"SearchAction\",\"target\":{\"@type\":\"EntryPoint\",\"urlTemplate\":\"https:\/\/www.fcgueugnon.fr\/site\/?s={search_term_string}\"},\"query-input\":{\"@type\":\"PropertyValueSpecification\",\"valueRequired\":true,\"valueName\":\"search_term_string\"}}],\"inLanguage\":\"fr-FR\"},{\"@type\":\"Organization\",\"@id\":\"https:\/\/www.fcgueugnon.fr\/site\/#organization\",\"name\":\"FC Gueugnon\",\"url\":\"https:\/\/www.fcgueugnon.fr\/site\/\",\"logo\":{\"@type\":\"ImageObject\",\"inLanguage\":\"fr-FR\",\"@id\":\"https:\/\/www.fcgueugnon.fr\/site\/#\/schema\/logo\/image\/\",\"url\":\"https:\/\/www.fcgueugnon.fr\/site\/wp-content\/uploads\/2022\/07\/cropped-Logo-FCGUEUGNON-low-350x350-1.png\",\"contentUrl\":\"https:\/\/www.fcgueugnon.fr\/site\/wp-content\/uploads\/2022\/07\/cropped-Logo-FCGUEUGNON-low-350x350-1.png\",\"width\":350,\"height\":350,\"caption\":\"FC Gueugnon\"},\"image\":{\"@id\":\"https:\/\/www.fcgueugnon.fr\/site\/#\/schema\/logo\/image\/\"},\"sameAs\":[\"http:\/\/facebook.com\/FCGueugnon\",\"https:\/\/x.com\/FCGueugnon_off\",\"https:\/\/www.instagram.com\/fcgueugnon\/\",\"https:\/\/www.linkedin.com\/company\/football-club-de-gueugnon\/\",\"https:\/\/www.youtube.com\/user\/FCGueugnonnais\",\"https:\/\/fr.wikipedia.org\/wiki\/Football_Club_de_Gueugnon\"]}]}<\/script>\n<!-- \/ Yoast SEO plugin. -->","yoast_head_json":{"title":"MENTIONS LEGALES &#8226; FOOTBALL CLUB GUEUGNON","robots":{"index":"index","follow":"follow","max-snippet":"max-snippet:-1","max-image-preview":"max-image-preview:large","max-video-preview":"max-video-preview:-1"},"canonical":"https:\/\/www.fcgueugnon.fr\/site\/mentions-legales","og_locale":"fr_FR","og_type":"article","og_title":"MENTIONS LEGALES &#8226; FOOTBALL CLUB GUEUGNON","og_description":"Propri\u00e9taire du site Association FC Gueugnon \u2013 Association Loi 190171130 GUEUGNONTel : 03 85 85 06 26 Directeur de la publication : Anthony HERODET R\u00e9alisation Site d\u00e9velopp\u00e9 par Anthony HERODET pour le FCG H\u00e9bergement IONOS 1&amp;1 Internet SARL7 place de la GareBP 70109 &#8211; 57201 Sarreguemines Cedexwww.1and1.frRCS Sarreguemines B 431 303 775SIRET 431 303 775 ... Lire la suite","og_url":"https:\/\/www.fcgueugnon.fr\/site\/mentions-legales","og_site_name":"FOOTBALL CLUB GUEUGNON","article_publisher":"http:\/\/facebook.com\/FCGueugnon","article_modified_time":"2022-07-20T21:58:56+00:00","og_image":[{"width":512,"height":512,"url":"https:\/\/www.fcgueugnon.fr\/site\/wp-content\/uploads\/2022\/07\/cropped-cropped-Logo-FCGUEUGNON-low-350x350-1.png","type":"image\/png"}],"twitter_card":"summary_large_image","twitter_site":"@FCGueugnon_off","twitter_misc":{"Dur\u00e9e de lecture estim\u00e9e":"2 minutes"},"schema":{"@context":"https:\/\/schema.org","@graph":[{"@type":"WebPage","@id":"https:\/\/www.fcgueugnon.fr\/site\/mentions-legales","url":"https:\/\/www.fcgueugnon.fr\/site\/mentions-legales","name":"MENTIONS LEGALES &#8226; FOOTBALL CLUB GUEUGNON","isPartOf":{"@id":"https:\/\/www.fcgueugnon.fr\/site\/#website"},"datePublished":"2022-07-20T21:57:18+00:00","dateModified":"2022-07-20T21:58:56+00:00","breadcrumb":{"@id":"https:\/\/www.fcgueugnon.fr\/site\/mentions-legales#breadcrumb"},"inLanguage":"fr-FR","potentialAction":[{"@type":"ReadAction","target":["https:\/\/www.fcgueugnon.fr\/site\/mentions-legales"]}]},{"@type":"BreadcrumbList","@id":"https:\/\/www.fcgueugnon.fr\/site\/mentions-legales#breadcrumb","itemListElement":[{"@type":"ListItem","position":1,"name":"Accueil","item":"https:\/\/www.fcgueugnon.fr\/site\/"},{"@type":"ListItem","position":2,"name":"MENTIONS LEGALES"}]},{"@type":"WebSite","@id":"https:\/\/www.fcgueugnon.fr\/site\/#website","url":"https:\/\/www.fcgueugnon.fr\/site\/","name":"FOOTBALL CLUB GUEUGNON","description":"Le Site Officiel des Forgerons","publisher":{"@id":"https:\/\/www.fcgueugnon.fr\/site\/#organization"},"potentialAction":[{"@type":"SearchAction","target":{"@type":"EntryPoint","urlTemplate":"https:\/\/www.fcgueugnon.fr\/site\/?s={search_term_string}"},"query-input":{"@type":"PropertyValueSpecification","valueRequired":true,"valueName":"search_term_string"}}],"inLanguage":"fr-FR"},{"@type":"Organization","@id":"https:\/\/www.fcgueugnon.fr\/site\/#organization","name":"FC Gueugnon","url":"https:\/\/www.fcgueugnon.fr\/site\/","logo":{"@type":"ImageObject","inLanguage":"fr-FR","@id":"https:\/\/www.fcgueugnon.fr\/site\/#\/schema\/logo\/image\/","url":"https:\/\/www.fcgueugnon.fr\/site\/wp-content\/uploads\/2022\/07\/cropped-Logo-FCGUEUGNON-low-350x350-1.png","contentUrl":"https:\/\/www.fcgueugnon.fr\/site\/wp-content\/uploads\/2022\/07\/cropped-Logo-FCGUEUGNON-low-350x350-1.png","width":350,"height":350,"caption":"FC Gueugnon"},"image":{"@id":"https:\/\/www.fcgueugnon.fr\/site\/#\/schema\/logo\/image\/"},"sameAs":["http:\/\/facebook.com\/FCGueugnon","https:\/\/x.com\/FCGueugnon_off","https:\/\/www.instagram.com\/fcgueugnon\/","https:\/\/www.linkedin.com\/company\/football-club-de-gueugnon\/","https:\/\/www.youtube.com\/user\/FCGueugnonnais","https:\/\/fr.wikipedia.org\/wiki\/Football_Club_de_Gueugnon"]}]}},"rttpg_featured_image_url":null,"rttpg_author":{"display_name":"FC Gueugnon","author_link":"https:\/\/www.fcgueugnon.fr\/site\/author\/admin-antho"},"rttpg_comment":0,"rttpg_category":null,"rttpg_excerpt":"Propri\u00e9taire du site Association FC Gueugnon \u2013 Association Loi 190171130 GUEUGNONTel : 03 85 85 06 26 Directeur de la publication : Anthony HERODET R\u00e9alisation Site d\u00e9velopp\u00e9 par Anthony HERODET pour le FCG H\u00e9bergement IONOS 1&amp;1 Internet SARL7 place de la GareBP 70109 &#8211; 57201 Sarreguemines Cedexwww.1and1.frRCS Sarreguemines B 431 303 775SIRET 431 303 775\u2026","_links":{"self":[{"href":"https:\/\/www.fcgueugnon.fr\/site\/wp-json\/wp\/v2\/pages\/98","targetHints":{"allow":["GET"]}}],"collection":[{"href":"https:\/\/www.fcgueugnon.fr\/site\/wp-json\/wp\/v2\/pages"}],"about":[{"href":"https:\/\/www.fcgueugnon.fr\/site\/wp-json\/wp\/v2\/types\/page"}],"author":[{"embeddable":true,"href":"https:\/\/www.fcgueugnon.fr\/site\/wp-json\/wp\/v2\/users\/1"}],"replies":[{"embeddable":true,"href":"https:\/\/www.fcgueugnon.fr\/site\/wp-json\/wp\/v2\/comments?post=98"}],"version-history":[{"count":3,"href":"https:\/\/www.fcgueugnon.fr\/site\/wp-json\/wp\/v2\/pages\/98\/revisions"}],"predecessor-version":[{"id":103,"href":"https:\/\/www.fcgueugnon.fr\/site\/wp-json\/wp\/v2\/pages\/98\/revisions\/103"}],"wp:attachment":[{"href":"https:\/\/www.fcgueugnon.fr\/site\/wp-json\/wp\/v2\/media?parent=98"}],"curies":[{"name":"wp","href":"https:\/\/api.w.org\/{rel}","templated":true}]}}