{"id":92,"date":"2022-07-21T00:02:17","date_gmt":"2022-07-20T22:02:17","guid":{"rendered":"https:\/\/www.fcgueugnon.fr\/site\/?page_id=92"},"modified":"2022-11-08T13:46:33","modified_gmt":"2022-11-08T12:46:33","slug":"pour-tout-contact","status":"publish","type":"page","link":"https:\/\/www.fcgueugnon.fr\/site\/pour-tout-contact","title":{"rendered":"Pour tout contact"},"content":{"rendered":"\n<div style=\"height:50px\" aria-hidden=\"true\" class=\"wp-block-spacer\"><\/div>\n\n\n\n<h2 class=\"wp-block-heading\">\ud83d\udce7 Mail<\/h2>\n\n\n\n<p>Pour toute question, <strong>\u00e9crivez-nous<\/strong> \u00e0 <span style=\"text-decoration: underline;\">gueugnon.fc@lbfc-foot.fr<\/span><\/p>\n\n\n\n<div style=\"height:20px\" aria-hidden=\"true\" class=\"wp-block-spacer\"><\/div>\n\n\n\n<h2 class=\"wp-block-heading\">\u260e\ufe0f T\u00e9l\u00e9phone<\/h2>\n\n\n\n<p>Par <strong>t\u00e9l\u00e9phone<\/strong> au bureau du si\u00e8ge : 03.85.85.06.26<\/p>\n\n\n\n<div style=\"height:20px\" aria-hidden=\"true\" class=\"wp-block-spacer\"><\/div>\n\n\n\n<h2 class=\"wp-block-heading\">\ud83c\udfdf\ufe0f Si\u00e8ge du club<\/h2>\n\n\n\n<p>Au Si\u00e8ge du Club situ\u00e9 au stade Jean Laville, parking Tribune Nord, acc\u00e8s par le c\u00f4t\u00e9 canal ou c\u00f4t\u00e9 tennis, le secr\u00e9tariat est g\u00e9n\u00e9ralement ouvert en semaine de 15h \u00e0 18h.<\/p>\n\n\n\n<p>Possibilit\u00e9 \u00e9galement de rencontrer un responsable du Club sur la Plaine du Vieux Fresne.<br>Bureau des vestiaires VF. (- Parking face \u00e0 la caserne des Pompiers.)<\/p>\n\n\n\n<div style=\"height:20px\" aria-hidden=\"true\" class=\"wp-block-spacer\"><\/div>\n\n\n\n<h2 class=\"wp-block-heading\">\ud83d\udceb Adresse postale<\/h2>\n\n\n\n<p class=\"has-text-align-left\"><em>FC Gueugnon<br>BP 8<br>Avenue du Stade (Tribune Nord)<br>71130 Gueugnon<\/em><\/p>\n\n\n\n<div style=\"height:20px\" aria-hidden=\"true\" class=\"wp-block-spacer\"><\/div>\n\n\n\n<h2 class=\"wp-block-heading\">\ud83c\udf0d R\u00e9seaux Sociaux<\/h2>\n\n\n<div class=\"wp-block-image\">\n<figure class=\"aligncenter size-full\"><a href=\"https:\/\/www.facebook.com\/FCGueugnon\/\" target=\"_blank\" rel=\"noopener noreferrer\"><img loading=\"lazy\" decoding=\"async\" width=\"128\" height=\"125\" src=\"https:\/\/www.fcgueugnon.fr\/site\/wp-content\/uploads\/2022\/07\/logo-facebook-relief.png\" alt=\"\" class=\"wp-image-93\"\/><\/a><figcaption class=\"wp-element-caption\">Facebook<\/figcaption><\/figure>\n<\/div>\n\n<div class=\"wp-block-image\">\n<figure class=\"aligncenter size-full\"><a href=\"https:\/\/twitter.com\/fcgueugnon_off\" target=\"_blank\" rel=\"noopener noreferrer\"><img loading=\"lazy\" decoding=\"async\" width=\"128\" height=\"102\" src=\"https:\/\/www.fcgueugnon.fr\/site\/wp-content\/uploads\/2022\/07\/logo-twitter-relief.png\" alt=\"\" class=\"wp-image-94\"\/><\/a><figcaption class=\"wp-element-caption\">Twitter<\/figcaption><\/figure>\n<\/div>\n\n<div class=\"wp-block-image\">\n<figure class=\"aligncenter size-full\"><a href=\"https:\/\/www.instagram.com\/fcgueugnon\/\" target=\"_blank\" rel=\"noopener noreferrer\"><img loading=\"lazy\" decoding=\"async\" width=\"124\" height=\"128\" src=\"https:\/\/www.fcgueugnon.fr\/site\/wp-content\/uploads\/2022\/07\/logo-instagra-mreleif.png\" alt=\"\" class=\"wp-image-95\"\/><\/a><figcaption class=\"wp-element-caption\">Instagram<\/figcaption><\/figure>\n<\/div>\n\n<div class=\"wp-block-image\">\n<figure class=\"aligncenter size-full\"><a href=\"https:\/\/www.youtube.com\/c\/FCGueugnon_off\" target=\"_blank\" rel=\"noreferrer noopener\"><img loading=\"lazy\" decoding=\"async\" width=\"128\" height=\"96\" src=\"https:\/\/www.fcgueugnon.fr\/site\/wp-content\/uploads\/2022\/07\/logo-youtube-relief.png\" alt=\"\" class=\"wp-image-96\"\/><\/a><figcaption class=\"wp-element-caption\">Youtube<\/figcaption><\/figure>\n<\/div>\n\n<div class=\"wp-block-image\">\n<figure class=\"aligncenter size-full\"><a href=\"https:\/\/www.linkedin.com\/company\/football-club-de-gueugnon\/\" target=\"_blank\" rel=\"noopener noreferrer\"><img loading=\"lazy\" decoding=\"async\" width=\"128\" height=\"128\" src=\"https:\/\/www.fcgueugnon.fr\/site\/wp-content\/uploads\/2022\/07\/logo-linkedin.png\" alt=\"\" class=\"wp-image-97\"\/><\/a><figcaption class=\"wp-element-caption\">LinkedIn<\/figcaption><\/figure>\n<\/div>\n\n\n<div style=\"height:20px\" aria-hidden=\"true\" class=\"wp-block-spacer\"><\/div>\n\n\n\n<div style=\"height:20px\" aria-hidden=\"true\" class=\"wp-block-spacer\"><\/div>\n\n\n\n<h2 class=\"wp-block-heading\">\u26bd FFF<\/h2>\n\n\n\n<p><em><a href=\"https:\/\/www.fff.fr\/competition\/club\/506791-f-c-gueugnonnais\/information.html\" target=\"_blank\" rel=\"noreferrer noopener\">Fiche FFF du club = n\u00b0 d\u2019affiliation 506791 (+ contacts)<\/a><\/em><\/p>\n\n\n\n<div style=\"height:20px\" aria-hidden=\"true\" class=\"wp-block-spacer\"><\/div>\n\n\n\n<h2 class=\"wp-block-heading\">\ud83d\udd0e RGPD &amp; Mentions L\u00e9gales<\/h2>\n\n\n\n<p><a href=\"https:\/\/www.fcgueugnon.fr\/site\/charte-de-protection-de-vos-donnees-personnelles\">Charte de protection de vos donn\u00e9es personnelles<\/a><\/p>\n\n\n\n<p><a href=\"https:\/\/www.fcgueugnon.fr\/site\/mentions-legales\">Mentions L\u00e9gales<\/a><\/p>\n\n\n\n<p><a href=\"https:\/\/www.fcgueugnon.fr\/site\/cgv-boutique-en-ligne\">CGV Boutique en Ligne<\/a><\/p>\n","protected":false},"excerpt":{"rendered":"<p>\ud83d\udce7 Mail Pour toute question, \u00e9crivez-nous \u00e0 gueugnon.fc@lbfc-foot.fr \u260e\ufe0f T\u00e9l\u00e9phone Par t\u00e9l\u00e9phone au bureau du si\u00e8ge : 03.85.85.06.26 \ud83c\udfdf\ufe0f Si\u00e8ge du club Au Si\u00e8ge du Club situ\u00e9 au stade Jean Laville, parking Tribune Nord, acc\u00e8s par le c\u00f4t\u00e9 canal ou c\u00f4t\u00e9 tennis, le secr\u00e9tariat est g\u00e9n\u00e9ralement ouvert en semaine de 15h \u00e0 18h. Possibilit\u00e9 \u00e9galement &#8230; <\/p>\n<p class=\"read-more-container\"><a title=\"Pour tout contact\" class=\"read-more button\" href=\"https:\/\/www.fcgueugnon.fr\/site\/pour-tout-contact#more-92\" aria-label=\"Plus sur Pour tout contact\">Lire la suite<\/a><\/p>\n","protected":false},"author":1,"featured_media":0,"parent":0,"menu_order":0,"comment_status":"closed","ping_status":"closed","template":"","meta":{"footnotes":""},"class_list":{"0":"post-92","1":"page","2":"type-page","3":"status-publish","5":"infinite-scroll-item"},"yoast_head":"<!-- This site is optimized with the Yoast SEO plugin v26.6 - https:\/\/yoast.com\/wordpress\/plugins\/seo\/ -->\n<title>Pour tout contact &#8226; FOOTBALL CLUB GUEUGNON<\/title>\n<meta name=\"robots\" content=\"index, follow, max-snippet:-1, max-image-preview:large, max-video-preview:-1\" \/>\n<link rel=\"canonical\" href=\"https:\/\/www.fcgueugnon.fr\/site\/pour-tout-contact\" \/>\n<meta property=\"og:locale\" content=\"fr_FR\" \/>\n<meta property=\"og:type\" content=\"article\" \/>\n<meta property=\"og:title\" content=\"Pour tout contact &#8226; FOOTBALL CLUB GUEUGNON\" \/>\n<meta property=\"og:description\" content=\"\ud83d\udce7 Mail Pour toute question, \u00e9crivez-nous \u00e0 gueugnon.fc@lbfc-foot.fr \u260e\ufe0f T\u00e9l\u00e9phone Par t\u00e9l\u00e9phone au bureau du si\u00e8ge : 03.85.85.06.26 \ud83c\udfdf\ufe0f Si\u00e8ge du club Au Si\u00e8ge du Club situ\u00e9 au stade Jean Laville, parking Tribune Nord, acc\u00e8s par le c\u00f4t\u00e9 canal ou c\u00f4t\u00e9 tennis, le secr\u00e9tariat est g\u00e9n\u00e9ralement ouvert en semaine de 15h \u00e0 18h. Possibilit\u00e9 \u00e9galement ... Lire la suite\" \/>\n<meta property=\"og:url\" content=\"https:\/\/www.fcgueugnon.fr\/site\/pour-tout-contact\" \/>\n<meta property=\"og:site_name\" content=\"FOOTBALL CLUB GUEUGNON\" \/>\n<meta property=\"article:publisher\" content=\"http:\/\/facebook.com\/FCGueugnon\" \/>\n<meta property=\"article:modified_time\" content=\"2022-11-08T12:46:33+00:00\" \/>\n<meta property=\"og:image\" content=\"https:\/\/www.fcgueugnon.fr\/site\/wp-content\/uploads\/2022\/07\/logo-facebook-relief.png\" \/>\n<meta name=\"twitter:card\" content=\"summary_large_image\" \/>\n<meta name=\"twitter:site\" content=\"@FCGueugnon_off\" \/>\n<meta name=\"twitter:label1\" content=\"Dur\u00e9e de lecture estim\u00e9e\" \/>\n\t<meta name=\"twitter:data1\" content=\"2 minutes\" \/>\n<script type=\"application\/ld+json\" class=\"yoast-schema-graph\">{\"@context\":\"https:\/\/schema.org\",\"@graph\":[{\"@type\":\"WebPage\",\"@id\":\"https:\/\/www.fcgueugnon.fr\/site\/pour-tout-contact\",\"url\":\"https:\/\/www.fcgueugnon.fr\/site\/pour-tout-contact\",\"name\":\"Pour tout contact &#8226; FOOTBALL CLUB GUEUGNON\",\"isPartOf\":{\"@id\":\"https:\/\/www.fcgueugnon.fr\/site\/#website\"},\"primaryImageOfPage\":{\"@id\":\"https:\/\/www.fcgueugnon.fr\/site\/pour-tout-contact#primaryimage\"},\"image\":{\"@id\":\"https:\/\/www.fcgueugnon.fr\/site\/pour-tout-contact#primaryimage\"},\"thumbnailUrl\":\"https:\/\/www.fcgueugnon.fr\/site\/wp-content\/uploads\/2022\/07\/logo-facebook-relief.png\",\"datePublished\":\"2022-07-20T22:02:17+00:00\",\"dateModified\":\"2022-11-08T12:46:33+00:00\",\"breadcrumb\":{\"@id\":\"https:\/\/www.fcgueugnon.fr\/site\/pour-tout-contact#breadcrumb\"},\"inLanguage\":\"fr-FR\",\"potentialAction\":[{\"@type\":\"ReadAction\",\"target\":[\"https:\/\/www.fcgueugnon.fr\/site\/pour-tout-contact\"]}]},{\"@type\":\"ImageObject\",\"inLanguage\":\"fr-FR\",\"@id\":\"https:\/\/www.fcgueugnon.fr\/site\/pour-tout-contact#primaryimage\",\"url\":\"https:\/\/www.fcgueugnon.fr\/site\/wp-content\/uploads\/2022\/07\/logo-facebook-relief.png\",\"contentUrl\":\"https:\/\/www.fcgueugnon.fr\/site\/wp-content\/uploads\/2022\/07\/logo-facebook-relief.png\",\"width\":128,\"height\":125},{\"@type\":\"BreadcrumbList\",\"@id\":\"https:\/\/www.fcgueugnon.fr\/site\/pour-tout-contact#breadcrumb\",\"itemListElement\":[{\"@type\":\"ListItem\",\"position\":1,\"name\":\"Accueil\",\"item\":\"https:\/\/www.fcgueugnon.fr\/site\/\"},{\"@type\":\"ListItem\",\"position\":2,\"name\":\"Pour tout contact\"}]},{\"@type\":\"WebSite\",\"@id\":\"https:\/\/www.fcgueugnon.fr\/site\/#website\",\"url\":\"https:\/\/www.fcgueugnon.fr\/site\/\",\"name\":\"FOOTBALL CLUB GUEUGNON\",\"description\":\"Le Site Officiel des Forgerons\",\"publisher\":{\"@id\":\"https:\/\/www.fcgueugnon.fr\/site\/#organization\"},\"potentialAction\":[{\"@type\":\"SearchAction\",\"target\":{\"@type\":\"EntryPoint\",\"urlTemplate\":\"https:\/\/www.fcgueugnon.fr\/site\/?s={search_term_string}\"},\"query-input\":{\"@type\":\"PropertyValueSpecification\",\"valueRequired\":true,\"valueName\":\"search_term_string\"}}],\"inLanguage\":\"fr-FR\"},{\"@type\":\"Organization\",\"@id\":\"https:\/\/www.fcgueugnon.fr\/site\/#organization\",\"name\":\"FC Gueugnon\",\"url\":\"https:\/\/www.fcgueugnon.fr\/site\/\",\"logo\":{\"@type\":\"ImageObject\",\"inLanguage\":\"fr-FR\",\"@id\":\"https:\/\/www.fcgueugnon.fr\/site\/#\/schema\/logo\/image\/\",\"url\":\"https:\/\/www.fcgueugnon.fr\/site\/wp-content\/uploads\/2022\/07\/cropped-Logo-FCGUEUGNON-low-350x350-1.png\",\"contentUrl\":\"https:\/\/www.fcgueugnon.fr\/site\/wp-content\/uploads\/2022\/07\/cropped-Logo-FCGUEUGNON-low-350x350-1.png\",\"width\":350,\"height\":350,\"caption\":\"FC Gueugnon\"},\"image\":{\"@id\":\"https:\/\/www.fcgueugnon.fr\/site\/#\/schema\/logo\/image\/\"},\"sameAs\":[\"http:\/\/facebook.com\/FCGueugnon\",\"https:\/\/x.com\/FCGueugnon_off\",\"https:\/\/www.instagram.com\/fcgueugnon\/\",\"https:\/\/www.linkedin.com\/company\/football-club-de-gueugnon\/\",\"https:\/\/www.youtube.com\/user\/FCGueugnonnais\",\"https:\/\/fr.wikipedia.org\/wiki\/Football_Club_de_Gueugnon\"]}]}<\/script>\n<!-- \/ Yoast SEO plugin. -->","yoast_head_json":{"title":"Pour tout contact &#8226; FOOTBALL CLUB GUEUGNON","robots":{"index":"index","follow":"follow","max-snippet":"max-snippet:-1","max-image-preview":"max-image-preview:large","max-video-preview":"max-video-preview:-1"},"canonical":"https:\/\/www.fcgueugnon.fr\/site\/pour-tout-contact","og_locale":"fr_FR","og_type":"article","og_title":"Pour tout contact &#8226; FOOTBALL CLUB GUEUGNON","og_description":"\ud83d\udce7 Mail Pour toute question, \u00e9crivez-nous \u00e0 gueugnon.fc@lbfc-foot.fr \u260e\ufe0f T\u00e9l\u00e9phone Par t\u00e9l\u00e9phone au bureau du si\u00e8ge : 03.85.85.06.26 \ud83c\udfdf\ufe0f Si\u00e8ge du club Au Si\u00e8ge du Club situ\u00e9 au stade Jean Laville, parking Tribune Nord, acc\u00e8s par le c\u00f4t\u00e9 canal ou c\u00f4t\u00e9 tennis, le secr\u00e9tariat est g\u00e9n\u00e9ralement ouvert en semaine de 15h \u00e0 18h. Possibilit\u00e9 \u00e9galement ... Lire la suite","og_url":"https:\/\/www.fcgueugnon.fr\/site\/pour-tout-contact","og_site_name":"FOOTBALL CLUB GUEUGNON","article_publisher":"http:\/\/facebook.com\/FCGueugnon","article_modified_time":"2022-11-08T12:46:33+00:00","og_image":[{"url":"https:\/\/www.fcgueugnon.fr\/site\/wp-content\/uploads\/2022\/07\/logo-facebook-relief.png","type":"","width":"","height":""}],"twitter_card":"summary_large_image","twitter_site":"@FCGueugnon_off","twitter_misc":{"Dur\u00e9e de lecture estim\u00e9e":"2 minutes"},"schema":{"@context":"https:\/\/schema.org","@graph":[{"@type":"WebPage","@id":"https:\/\/www.fcgueugnon.fr\/site\/pour-tout-contact","url":"https:\/\/www.fcgueugnon.fr\/site\/pour-tout-contact","name":"Pour tout contact &#8226; FOOTBALL CLUB GUEUGNON","isPartOf":{"@id":"https:\/\/www.fcgueugnon.fr\/site\/#website"},"primaryImageOfPage":{"@id":"https:\/\/www.fcgueugnon.fr\/site\/pour-tout-contact#primaryimage"},"image":{"@id":"https:\/\/www.fcgueugnon.fr\/site\/pour-tout-contact#primaryimage"},"thumbnailUrl":"https:\/\/www.fcgueugnon.fr\/site\/wp-content\/uploads\/2022\/07\/logo-facebook-relief.png","datePublished":"2022-07-20T22:02:17+00:00","dateModified":"2022-11-08T12:46:33+00:00","breadcrumb":{"@id":"https:\/\/www.fcgueugnon.fr\/site\/pour-tout-contact#breadcrumb"},"inLanguage":"fr-FR","potentialAction":[{"@type":"ReadAction","target":["https:\/\/www.fcgueugnon.fr\/site\/pour-tout-contact"]}]},{"@type":"ImageObject","inLanguage":"fr-FR","@id":"https:\/\/www.fcgueugnon.fr\/site\/pour-tout-contact#primaryimage","url":"https:\/\/www.fcgueugnon.fr\/site\/wp-content\/uploads\/2022\/07\/logo-facebook-relief.png","contentUrl":"https:\/\/www.fcgueugnon.fr\/site\/wp-content\/uploads\/2022\/07\/logo-facebook-relief.png","width":128,"height":125},{"@type":"BreadcrumbList","@id":"https:\/\/www.fcgueugnon.fr\/site\/pour-tout-contact#breadcrumb","itemListElement":[{"@type":"ListItem","position":1,"name":"Accueil","item":"https:\/\/www.fcgueugnon.fr\/site\/"},{"@type":"ListItem","position":2,"name":"Pour tout contact"}]},{"@type":"WebSite","@id":"https:\/\/www.fcgueugnon.fr\/site\/#website","url":"https:\/\/www.fcgueugnon.fr\/site\/","name":"FOOTBALL CLUB GUEUGNON","description":"Le Site Officiel des Forgerons","publisher":{"@id":"https:\/\/www.fcgueugnon.fr\/site\/#organization"},"potentialAction":[{"@type":"SearchAction","target":{"@type":"EntryPoint","urlTemplate":"https:\/\/www.fcgueugnon.fr\/site\/?s={search_term_string}"},"query-input":{"@type":"PropertyValueSpecification","valueRequired":true,"valueName":"search_term_string"}}],"inLanguage":"fr-FR"},{"@type":"Organization","@id":"https:\/\/www.fcgueugnon.fr\/site\/#organization","name":"FC Gueugnon","url":"https:\/\/www.fcgueugnon.fr\/site\/","logo":{"@type":"ImageObject","inLanguage":"fr-FR","@id":"https:\/\/www.fcgueugnon.fr\/site\/#\/schema\/logo\/image\/","url":"https:\/\/www.fcgueugnon.fr\/site\/wp-content\/uploads\/2022\/07\/cropped-Logo-FCGUEUGNON-low-350x350-1.png","contentUrl":"https:\/\/www.fcgueugnon.fr\/site\/wp-content\/uploads\/2022\/07\/cropped-Logo-FCGUEUGNON-low-350x350-1.png","width":350,"height":350,"caption":"FC Gueugnon"},"image":{"@id":"https:\/\/www.fcgueugnon.fr\/site\/#\/schema\/logo\/image\/"},"sameAs":["http:\/\/facebook.com\/FCGueugnon","https:\/\/x.com\/FCGueugnon_off","https:\/\/www.instagram.com\/fcgueugnon\/","https:\/\/www.linkedin.com\/company\/football-club-de-gueugnon\/","https:\/\/www.youtube.com\/user\/FCGueugnonnais","https:\/\/fr.wikipedia.org\/wiki\/Football_Club_de_Gueugnon"]}]}},"rttpg_featured_image_url":null,"rttpg_author":{"display_name":"FC Gueugnon","author_link":"https:\/\/www.fcgueugnon.fr\/site\/author\/admin-antho"},"rttpg_comment":0,"rttpg_category":null,"rttpg_excerpt":"\ud83d\udce7 Mail Pour toute question, \u00e9crivez-nous \u00e0 gueugnon.fc@lbfc-foot.fr \u260e\ufe0f T\u00e9l\u00e9phone Par t\u00e9l\u00e9phone au bureau du si\u00e8ge : 03.85.85.06.26 \ud83c\udfdf\ufe0f Si\u00e8ge du club Au Si\u00e8ge du Club situ\u00e9 au stade Jean Laville, parking Tribune Nord, acc\u00e8s par le c\u00f4t\u00e9 canal ou c\u00f4t\u00e9 tennis, le secr\u00e9tariat est g\u00e9n\u00e9ralement ouvert en semaine de 15h \u00e0 18h. Possibilit\u00e9 \u00e9galement\u2026","_links":{"self":[{"href":"https:\/\/www.fcgueugnon.fr\/site\/wp-json\/wp\/v2\/pages\/92","targetHints":{"allow":["GET"]}}],"collection":[{"href":"https:\/\/www.fcgueugnon.fr\/site\/wp-json\/wp\/v2\/pages"}],"about":[{"href":"https:\/\/www.fcgueugnon.fr\/site\/wp-json\/wp\/v2\/types\/page"}],"author":[{"embeddable":true,"href":"https:\/\/www.fcgueugnon.fr\/site\/wp-json\/wp\/v2\/users\/1"}],"replies":[{"embeddable":true,"href":"https:\/\/www.fcgueugnon.fr\/site\/wp-json\/wp\/v2\/comments?post=92"}],"version-history":[{"count":3,"href":"https:\/\/www.fcgueugnon.fr\/site\/wp-json\/wp\/v2\/pages\/92\/revisions"}],"predecessor-version":[{"id":2238,"href":"https:\/\/www.fcgueugnon.fr\/site\/wp-json\/wp\/v2\/pages\/92\/revisions\/2238"}],"wp:attachment":[{"href":"https:\/\/www.fcgueugnon.fr\/site\/wp-json\/wp\/v2\/media?parent=92"}],"curies":[{"name":"wp","href":"https:\/\/api.w.org\/{rel}","templated":true}]}}