{"id":694,"date":"2022-08-17T00:07:26","date_gmt":"2022-08-16T22:07:26","guid":{"rendered":"https:\/\/www.fcgueugnon.fr\/site\/?page_id=694"},"modified":"2024-08-27T20:48:25","modified_gmt":"2024-08-27T18:48:25","slug":"classement-regional-1-bourgogne-franche-comte","status":"publish","type":"page","link":"https:\/\/www.fcgueugnon.fr\/site\/classement-regional-1-bourgogne-franche-comte","title":{"rendered":"Classement R\u00e9gional 1 &#8211; Bourgogne Franche-Comt\u00e9"},"content":{"rendered":"\n<h3 class=\"wp-block-heading\">Retrouvez le <strong>classement officiel<\/strong> du championnat R\u00e9gional 1 &#8211; Bourgogne Franche-Comt\u00e9 du <strong>FC Gueugnon<\/strong> apr\u00e8s la premi\u00e8re journ\u00e9e de championnat. <\/h3>\n\n\n\n<h3 class=\"wp-block-heading\">Retrouvez aussi le <a href=\"https:\/\/www.fcgueugnon.fr\/site\/calendrier-seniors-a-national-3-bourgogne-franche-comte\">calendrier de nos s\u00e9niors espoirs<\/a> <figure class=\"wp-block-image aligncenter size-large\"><\/figure><\/h3>\n\n\n\n<div style=\"height:20px\" aria-hidden=\"true\" class=\"wp-block-spacer\"><\/div>\n\n\n<div class=\"wp-block-image\">\n<figure class=\"aligncenter size-large\"><img loading=\"lazy\" decoding=\"async\" width=\"724\" height=\"1024\" src=\"https:\/\/www.fcgueugnon.fr\/site\/wp-content\/uploads\/2024\/08\/classement-R2-J1-724x1024.png\" alt=\"\" class=\"wp-image-51697\" srcset=\"https:\/\/www.fcgueugnon.fr\/site\/wp-content\/uploads\/2024\/08\/classement-R2-J1-724x1024.png 724w, https:\/\/www.fcgueugnon.fr\/site\/wp-content\/uploads\/2024\/08\/classement-R2-J1-283x400.png 283w, https:\/\/www.fcgueugnon.fr\/site\/wp-content\/uploads\/2024\/08\/classement-R2-J1-768x1086.png 768w, https:\/\/www.fcgueugnon.fr\/site\/wp-content\/uploads\/2024\/08\/classement-R2-J1-1086x1536.png 1086w, https:\/\/www.fcgueugnon.fr\/site\/wp-content\/uploads\/2024\/08\/classement-R2-J1-1448x2048.png 1448w, https:\/\/www.fcgueugnon.fr\/site\/wp-content\/uploads\/2024\/08\/classement-R2-J1-1320x1867.png 1320w\" sizes=\"auto, (max-width: 724px) 100vw, 724px\" \/><\/figure>\n<\/div>\n\n\n<div style=\"height:20px\" aria-hidden=\"true\" class=\"wp-block-spacer\"><\/div>\n\n\n\n<p class=\"has-text-align-right\">Source : <strong><a href=\"https:\/\/lbfc.fff.fr\/recherche-clubs?subtab=ranking&amp;tab=resultats&amp;scl=2968&amp;competition=394427&amp;stage=1&amp;group=1&amp;label=REGIONAL%201%20HERBELIN\">lbfc.fr<\/a><\/strong><\/p>\n","protected":false},"excerpt":{"rendered":"<p>Retrouvez le classement officiel du championnat R\u00e9gional 1 &#8211; Bourgogne Franche-Comt\u00e9 du FC Gueugnon apr\u00e8s la premi\u00e8re journ\u00e9e de championnat. Retrouvez aussi le calendrier de nos s\u00e9niors espoirs Source : lbfc.fr<\/p>\n","protected":false},"author":1,"featured_media":0,"parent":0,"menu_order":0,"comment_status":"closed","ping_status":"closed","template":"","meta":{"footnotes":""},"class_list":{"0":"post-694","1":"page","2":"type-page","3":"status-publish","5":"infinite-scroll-item"},"yoast_head":"<!-- This site is optimized with the Yoast SEO plugin v26.6 - https:\/\/yoast.com\/wordpress\/plugins\/seo\/ -->\n<title>Classement R\u00e9gional 1 - Bourgogne Franche-Comt\u00e9 &#8226; FOOTBALL CLUB GUEUGNON<\/title>\n<meta name=\"robots\" content=\"index, follow, max-snippet:-1, max-image-preview:large, max-video-preview:-1\" \/>\n<link rel=\"canonical\" href=\"https:\/\/www.fcgueugnon.fr\/site\/classement-regional-1-bourgogne-franche-comte\" \/>\n<meta property=\"og:locale\" content=\"fr_FR\" \/>\n<meta property=\"og:type\" content=\"article\" \/>\n<meta property=\"og:title\" content=\"Classement R\u00e9gional 1 - Bourgogne Franche-Comt\u00e9 &#8226; FOOTBALL CLUB GUEUGNON\" \/>\n<meta property=\"og:description\" content=\"Retrouvez le classement officiel du championnat R\u00e9gional 1 &#8211; Bourgogne Franche-Comt\u00e9 du FC Gueugnon apr\u00e8s la premi\u00e8re journ\u00e9e de championnat. Retrouvez aussi le calendrier de nos s\u00e9niors espoirs Source : lbfc.fr\" \/>\n<meta property=\"og:url\" content=\"https:\/\/www.fcgueugnon.fr\/site\/classement-regional-1-bourgogne-franche-comte\" \/>\n<meta property=\"og:site_name\" content=\"FOOTBALL CLUB GUEUGNON\" \/>\n<meta property=\"article:publisher\" content=\"http:\/\/facebook.com\/FCGueugnon\" \/>\n<meta property=\"article:modified_time\" content=\"2024-08-27T18:48:25+00:00\" \/>\n<meta property=\"og:image\" content=\"https:\/\/www.fcgueugnon.fr\/site\/wp-content\/uploads\/2024\/08\/classement-R2-J1-724x1024.png\" \/>\n<meta name=\"twitter:card\" content=\"summary_large_image\" \/>\n<meta name=\"twitter:site\" content=\"@FCGueugnon_off\" \/>\n<meta name=\"twitter:label1\" content=\"Dur\u00e9e de lecture estim\u00e9e\" \/>\n\t<meta name=\"twitter:data1\" content=\"1 minute\" \/>\n<script type=\"application\/ld+json\" class=\"yoast-schema-graph\">{\"@context\":\"https:\/\/schema.org\",\"@graph\":[{\"@type\":\"WebPage\",\"@id\":\"https:\/\/www.fcgueugnon.fr\/site\/classement-regional-1-bourgogne-franche-comte\",\"url\":\"https:\/\/www.fcgueugnon.fr\/site\/classement-regional-1-bourgogne-franche-comte\",\"name\":\"Classement R\u00e9gional 1 - Bourgogne Franche-Comt\u00e9 &#8226; FOOTBALL CLUB GUEUGNON\",\"isPartOf\":{\"@id\":\"https:\/\/www.fcgueugnon.fr\/site\/#website\"},\"primaryImageOfPage\":{\"@id\":\"https:\/\/www.fcgueugnon.fr\/site\/classement-regional-1-bourgogne-franche-comte#primaryimage\"},\"image\":{\"@id\":\"https:\/\/www.fcgueugnon.fr\/site\/classement-regional-1-bourgogne-franche-comte#primaryimage\"},\"thumbnailUrl\":\"https:\/\/www.fcgueugnon.fr\/site\/wp-content\/uploads\/2024\/08\/classement-R2-J1-724x1024.png\",\"datePublished\":\"2022-08-16T22:07:26+00:00\",\"dateModified\":\"2024-08-27T18:48:25+00:00\",\"breadcrumb\":{\"@id\":\"https:\/\/www.fcgueugnon.fr\/site\/classement-regional-1-bourgogne-franche-comte#breadcrumb\"},\"inLanguage\":\"fr-FR\",\"potentialAction\":[{\"@type\":\"ReadAction\",\"target\":[\"https:\/\/www.fcgueugnon.fr\/site\/classement-regional-1-bourgogne-franche-comte\"]}]},{\"@type\":\"ImageObject\",\"inLanguage\":\"fr-FR\",\"@id\":\"https:\/\/www.fcgueugnon.fr\/site\/classement-regional-1-bourgogne-franche-comte#primaryimage\",\"url\":\"https:\/\/www.fcgueugnon.fr\/site\/wp-content\/uploads\/2024\/08\/classement-R2-J1.png\",\"contentUrl\":\"https:\/\/www.fcgueugnon.fr\/site\/wp-content\/uploads\/2024\/08\/classement-R2-J1.png\",\"width\":2480,\"height\":3508},{\"@type\":\"BreadcrumbList\",\"@id\":\"https:\/\/www.fcgueugnon.fr\/site\/classement-regional-1-bourgogne-franche-comte#breadcrumb\",\"itemListElement\":[{\"@type\":\"ListItem\",\"position\":1,\"name\":\"Accueil\",\"item\":\"https:\/\/www.fcgueugnon.fr\/site\/\"},{\"@type\":\"ListItem\",\"position\":2,\"name\":\"Classement R\u00e9gional 1 &#8211; Bourgogne Franche-Comt\u00e9\"}]},{\"@type\":\"WebSite\",\"@id\":\"https:\/\/www.fcgueugnon.fr\/site\/#website\",\"url\":\"https:\/\/www.fcgueugnon.fr\/site\/\",\"name\":\"FOOTBALL CLUB GUEUGNON\",\"description\":\"Le Site Officiel des Forgerons\",\"publisher\":{\"@id\":\"https:\/\/www.fcgueugnon.fr\/site\/#organization\"},\"potentialAction\":[{\"@type\":\"SearchAction\",\"target\":{\"@type\":\"EntryPoint\",\"urlTemplate\":\"https:\/\/www.fcgueugnon.fr\/site\/?s={search_term_string}\"},\"query-input\":{\"@type\":\"PropertyValueSpecification\",\"valueRequired\":true,\"valueName\":\"search_term_string\"}}],\"inLanguage\":\"fr-FR\"},{\"@type\":\"Organization\",\"@id\":\"https:\/\/www.fcgueugnon.fr\/site\/#organization\",\"name\":\"FC Gueugnon\",\"url\":\"https:\/\/www.fcgueugnon.fr\/site\/\",\"logo\":{\"@type\":\"ImageObject\",\"inLanguage\":\"fr-FR\",\"@id\":\"https:\/\/www.fcgueugnon.fr\/site\/#\/schema\/logo\/image\/\",\"url\":\"https:\/\/www.fcgueugnon.fr\/site\/wp-content\/uploads\/2022\/07\/cropped-Logo-FCGUEUGNON-low-350x350-1.png\",\"contentUrl\":\"https:\/\/www.fcgueugnon.fr\/site\/wp-content\/uploads\/2022\/07\/cropped-Logo-FCGUEUGNON-low-350x350-1.png\",\"width\":350,\"height\":350,\"caption\":\"FC Gueugnon\"},\"image\":{\"@id\":\"https:\/\/www.fcgueugnon.fr\/site\/#\/schema\/logo\/image\/\"},\"sameAs\":[\"http:\/\/facebook.com\/FCGueugnon\",\"https:\/\/x.com\/FCGueugnon_off\",\"https:\/\/www.instagram.com\/fcgueugnon\/\",\"https:\/\/www.linkedin.com\/company\/football-club-de-gueugnon\/\",\"https:\/\/www.youtube.com\/user\/FCGueugnonnais\",\"https:\/\/fr.wikipedia.org\/wiki\/Football_Club_de_Gueugnon\"]}]}<\/script>\n<!-- \/ Yoast SEO plugin. -->","yoast_head_json":{"title":"Classement R\u00e9gional 1 - Bourgogne Franche-Comt\u00e9 &#8226; FOOTBALL CLUB GUEUGNON","robots":{"index":"index","follow":"follow","max-snippet":"max-snippet:-1","max-image-preview":"max-image-preview:large","max-video-preview":"max-video-preview:-1"},"canonical":"https:\/\/www.fcgueugnon.fr\/site\/classement-regional-1-bourgogne-franche-comte","og_locale":"fr_FR","og_type":"article","og_title":"Classement R\u00e9gional 1 - Bourgogne Franche-Comt\u00e9 &#8226; FOOTBALL CLUB GUEUGNON","og_description":"Retrouvez le classement officiel du championnat R\u00e9gional 1 &#8211; Bourgogne Franche-Comt\u00e9 du FC Gueugnon apr\u00e8s la premi\u00e8re journ\u00e9e de championnat. Retrouvez aussi le calendrier de nos s\u00e9niors espoirs Source : lbfc.fr","og_url":"https:\/\/www.fcgueugnon.fr\/site\/classement-regional-1-bourgogne-franche-comte","og_site_name":"FOOTBALL CLUB GUEUGNON","article_publisher":"http:\/\/facebook.com\/FCGueugnon","article_modified_time":"2024-08-27T18:48:25+00:00","og_image":[{"url":"https:\/\/www.fcgueugnon.fr\/site\/wp-content\/uploads\/2024\/08\/classement-R2-J1-724x1024.png","type":"","width":"","height":""}],"twitter_card":"summary_large_image","twitter_site":"@FCGueugnon_off","twitter_misc":{"Dur\u00e9e de lecture estim\u00e9e":"1 minute"},"schema":{"@context":"https:\/\/schema.org","@graph":[{"@type":"WebPage","@id":"https:\/\/www.fcgueugnon.fr\/site\/classement-regional-1-bourgogne-franche-comte","url":"https:\/\/www.fcgueugnon.fr\/site\/classement-regional-1-bourgogne-franche-comte","name":"Classement R\u00e9gional 1 - Bourgogne Franche-Comt\u00e9 &#8226; FOOTBALL CLUB GUEUGNON","isPartOf":{"@id":"https:\/\/www.fcgueugnon.fr\/site\/#website"},"primaryImageOfPage":{"@id":"https:\/\/www.fcgueugnon.fr\/site\/classement-regional-1-bourgogne-franche-comte#primaryimage"},"image":{"@id":"https:\/\/www.fcgueugnon.fr\/site\/classement-regional-1-bourgogne-franche-comte#primaryimage"},"thumbnailUrl":"https:\/\/www.fcgueugnon.fr\/site\/wp-content\/uploads\/2024\/08\/classement-R2-J1-724x1024.png","datePublished":"2022-08-16T22:07:26+00:00","dateModified":"2024-08-27T18:48:25+00:00","breadcrumb":{"@id":"https:\/\/www.fcgueugnon.fr\/site\/classement-regional-1-bourgogne-franche-comte#breadcrumb"},"inLanguage":"fr-FR","potentialAction":[{"@type":"ReadAction","target":["https:\/\/www.fcgueugnon.fr\/site\/classement-regional-1-bourgogne-franche-comte"]}]},{"@type":"ImageObject","inLanguage":"fr-FR","@id":"https:\/\/www.fcgueugnon.fr\/site\/classement-regional-1-bourgogne-franche-comte#primaryimage","url":"https:\/\/www.fcgueugnon.fr\/site\/wp-content\/uploads\/2024\/08\/classement-R2-J1.png","contentUrl":"https:\/\/www.fcgueugnon.fr\/site\/wp-content\/uploads\/2024\/08\/classement-R2-J1.png","width":2480,"height":3508},{"@type":"BreadcrumbList","@id":"https:\/\/www.fcgueugnon.fr\/site\/classement-regional-1-bourgogne-franche-comte#breadcrumb","itemListElement":[{"@type":"ListItem","position":1,"name":"Accueil","item":"https:\/\/www.fcgueugnon.fr\/site\/"},{"@type":"ListItem","position":2,"name":"Classement R\u00e9gional 1 &#8211; Bourgogne Franche-Comt\u00e9"}]},{"@type":"WebSite","@id":"https:\/\/www.fcgueugnon.fr\/site\/#website","url":"https:\/\/www.fcgueugnon.fr\/site\/","name":"FOOTBALL CLUB GUEUGNON","description":"Le Site Officiel des Forgerons","publisher":{"@id":"https:\/\/www.fcgueugnon.fr\/site\/#organization"},"potentialAction":[{"@type":"SearchAction","target":{"@type":"EntryPoint","urlTemplate":"https:\/\/www.fcgueugnon.fr\/site\/?s={search_term_string}"},"query-input":{"@type":"PropertyValueSpecification","valueRequired":true,"valueName":"search_term_string"}}],"inLanguage":"fr-FR"},{"@type":"Organization","@id":"https:\/\/www.fcgueugnon.fr\/site\/#organization","name":"FC Gueugnon","url":"https:\/\/www.fcgueugnon.fr\/site\/","logo":{"@type":"ImageObject","inLanguage":"fr-FR","@id":"https:\/\/www.fcgueugnon.fr\/site\/#\/schema\/logo\/image\/","url":"https:\/\/www.fcgueugnon.fr\/site\/wp-content\/uploads\/2022\/07\/cropped-Logo-FCGUEUGNON-low-350x350-1.png","contentUrl":"https:\/\/www.fcgueugnon.fr\/site\/wp-content\/uploads\/2022\/07\/cropped-Logo-FCGUEUGNON-low-350x350-1.png","width":350,"height":350,"caption":"FC Gueugnon"},"image":{"@id":"https:\/\/www.fcgueugnon.fr\/site\/#\/schema\/logo\/image\/"},"sameAs":["http:\/\/facebook.com\/FCGueugnon","https:\/\/x.com\/FCGueugnon_off","https:\/\/www.instagram.com\/fcgueugnon\/","https:\/\/www.linkedin.com\/company\/football-club-de-gueugnon\/","https:\/\/www.youtube.com\/user\/FCGueugnonnais","https:\/\/fr.wikipedia.org\/wiki\/Football_Club_de_Gueugnon"]}]}},"rttpg_featured_image_url":null,"rttpg_author":{"display_name":"FC Gueugnon","author_link":"https:\/\/www.fcgueugnon.fr\/site\/author\/admin-antho"},"rttpg_comment":0,"rttpg_category":null,"rttpg_excerpt":"Retrouvez le classement officiel du championnat R\u00e9gional 1 &#8211; Bourgogne Franche-Comt\u00e9 du FC Gueugnon apr\u00e8s la premi\u00e8re journ\u00e9e de championnat. Retrouvez aussi le calendrier de nos s\u00e9niors espoirs Source : lbfc.fr","_links":{"self":[{"href":"https:\/\/www.fcgueugnon.fr\/site\/wp-json\/wp\/v2\/pages\/694","targetHints":{"allow":["GET"]}}],"collection":[{"href":"https:\/\/www.fcgueugnon.fr\/site\/wp-json\/wp\/v2\/pages"}],"about":[{"href":"https:\/\/www.fcgueugnon.fr\/site\/wp-json\/wp\/v2\/types\/page"}],"author":[{"embeddable":true,"href":"https:\/\/www.fcgueugnon.fr\/site\/wp-json\/wp\/v2\/users\/1"}],"replies":[{"embeddable":true,"href":"https:\/\/www.fcgueugnon.fr\/site\/wp-json\/wp\/v2\/comments?post=694"}],"version-history":[{"count":35,"href":"https:\/\/www.fcgueugnon.fr\/site\/wp-json\/wp\/v2\/pages\/694\/revisions"}],"predecessor-version":[{"id":51707,"href":"https:\/\/www.fcgueugnon.fr\/site\/wp-json\/wp\/v2\/pages\/694\/revisions\/51707"}],"wp:attachment":[{"href":"https:\/\/www.fcgueugnon.fr\/site\/wp-json\/wp\/v2\/media?parent=694"}],"curies":[{"name":"wp","href":"https:\/\/api.w.org\/{rel}","templated":true}]}}