{"id":56088,"date":"2026-01-20T09:48:17","date_gmt":"2026-01-20T08:48:17","guid":{"rendered":"https:\/\/www.fcgueugnon.fr\/site\/?page_id=56088"},"modified":"2026-01-20T09:57:57","modified_gmt":"2026-01-20T08:57:57","slug":"contrat-dengagement-republicain","status":"publish","type":"page","link":"https:\/\/www.fcgueugnon.fr\/site\/contrat-dengagement-republicain","title":{"rendered":"Contrat d\u2019engagement r\u00e9publicain"},"content":{"rendered":"\n<h4 class=\"wp-block-heading\"><strong>Dans le cadre de ses obligations r\u00e9glementaires et de son engagement en faveur des valeurs du sport, le FC Gueugnon vous informe qu\u2019il a officiellement souscrit au Contrat d\u2019Engagement R\u00e9publicain (CER).<\/strong><\/h4>\n\n\n\n<div style=\"height:30px\" aria-hidden=\"true\" class=\"wp-block-spacer\"><\/div>\n\n\n\n<h3 class=\"wp-block-heading\"><strong>Qu\u2019est-ce que le Contrat d\u2019Engagement R\u00e9publicain ?<\/strong><\/h3>\n\n\n\n<div style=\"height:10px\" aria-hidden=\"true\" class=\"wp-block-spacer\"><\/div>\n\n\n\n<p>Le Contrat d\u2019Engagement R\u00e9publicain est un engagement que les associations signent lorsqu\u2019elles b\u00e9n\u00e9ficient de soutiens publics (subventions, mise \u00e0 disposition de locaux, agr\u00e9ments).\u00a0Il vise \u00e0 garantir le respect des valeurs fondamentales de la R\u00e9publique fran\u00e7aise dans le fonctionnement et les actions des associations.<\/p>\n\n\n\n<div style=\"height:30px\" aria-hidden=\"true\" class=\"wp-block-spacer\"><\/div>\n\n\n\n<h3 class=\"wp-block-heading\"><strong>Quels principes sont concern\u00e9s ?<\/strong><\/h3>\n\n\n\n<div style=\"height:10px\" aria-hidden=\"true\" class=\"wp-block-spacer\"><\/div>\n\n\n\n<p>En signant ce contrat, le FC Gueugnon s\u2019engage notamment \u00e0 :<\/p>\n\n\n\n<ul class=\"wp-block-list\">\n<li>respecter les lois de la R\u00e9publique et le principe de la\u00efcit\u00e9,<\/li>\n\n\n\n<li>promouvoir les valeurs de libert\u00e9, d\u2019\u00e9galit\u00e9 et de fraternit\u00e9,<\/li>\n\n\n\n<li>garantir l\u2019\u00e9galit\u00e9 et la non-discrimination,<\/li>\n\n\n\n<li>lutter contre toute forme de violence, de haine ou de comportement contraire \u00e0 la dignit\u00e9 humaine,<\/li>\n\n\n\n<li>assurer un cadre respectueux, s\u00e9curis\u00e9 et bienveillant pour tous.<\/li>\n<\/ul>\n\n\n\n<div style=\"height:30px\" aria-hidden=\"true\" class=\"wp-block-spacer\"><\/div>\n\n\n\n<h3 class=\"wp-block-heading\"><strong>Quel est l\u2019int\u00e9r\u00eat pour le club et ses licenci\u00e9s ?<\/strong><\/h3>\n\n\n\n<div style=\"height:10px\" aria-hidden=\"true\" class=\"wp-block-spacer\"><\/div>\n\n\n\n<p>Cet engagement s\u2019inscrit pleinement dans les valeurs que le FC Gueugnon d\u00e9fend au quotidien :<\/p>\n\n\n\n<ul class=\"wp-block-list\">\n<li>consolider la relation de confiance entre le club, les familles, les licenci\u00e9s et les partenaires institutionnels.<\/li>\n\n\n\n<li>offrir un environnement sain, respectueux et s\u00e9curis\u00e9 \u00e0 l\u2019ensemble de ses licenci\u00e9s,<\/li>\n\n\n\n<li>renforcer le vivre-ensemble, le respect mutuel et le r\u00f4le \u00e9ducatif du club,<\/li>\n\n\n\n<li>consolider la relation de confiance entre le club, les familles, les licenci\u00e9s et les partenaires institutionnels.<\/li>\n<\/ul>\n\n\n\n<div style=\"height:30px\" aria-hidden=\"true\" class=\"wp-block-spacer\"><\/div>\n\n\n\n<h3 class=\"wp-block-heading\"><strong>Information compl\u00e9mentaire \u00e0 disposition :<\/strong><\/h3>\n\n\n\n<div style=\"height:10px\" aria-hidden=\"true\" class=\"wp-block-spacer\"><\/div>\n\n\n\n<div class=\"wp-block-pdf-viewer-block-standard\" style=\"text-align:left\"><div class=\"uploaded-pdf\"><a href=\"https:\/\/www.fcgueugnon.fr\/site\/wp-content\/uploads\/2026\/01\/Plaquette-Contrat-dengagement-republicain-FCG.pdf\" data-width=\"\" data-height=\"\"><\/a><\/div><\/div>\n\n\n\n<div style=\"height:10px\" aria-hidden=\"true\" class=\"wp-block-spacer\"><\/div>\n","protected":false},"excerpt":{"rendered":"<p>Dans le cadre de ses obligations r\u00e9glementaires et de son engagement en faveur des valeurs du sport, le FC Gueugnon vous informe qu\u2019il a officiellement souscrit au Contrat d\u2019Engagement R\u00e9publicain (CER). Qu\u2019est-ce que le Contrat d\u2019Engagement R\u00e9publicain ? Le Contrat d\u2019Engagement R\u00e9publicain est un engagement que les associations signent lorsqu\u2019elles b\u00e9n\u00e9ficient de soutiens publics (subventions, &#8230; <\/p>\n<p class=\"read-more-container\"><a title=\"Contrat d\u2019engagement r\u00e9publicain\" class=\"read-more button\" href=\"https:\/\/www.fcgueugnon.fr\/site\/contrat-dengagement-republicain#more-56088\" aria-label=\"Plus sur Contrat d\u2019engagement r\u00e9publicain\">Lire la suite<\/a><\/p>\n","protected":false},"author":3,"featured_media":0,"parent":0,"menu_order":0,"comment_status":"closed","ping_status":"closed","template":"","meta":{"footnotes":""},"class_list":{"0":"post-56088","1":"page","2":"type-page","3":"status-publish","5":"infinite-scroll-item"},"yoast_head":"<!-- This site is optimized with the Yoast SEO plugin v26.6 - https:\/\/yoast.com\/wordpress\/plugins\/seo\/ -->\n<title>Contrat d\u2019engagement r\u00e9publicain &#8226; FOOTBALL CLUB GUEUGNON<\/title>\n<meta name=\"robots\" content=\"index, follow, max-snippet:-1, max-image-preview:large, max-video-preview:-1\" \/>\n<link rel=\"canonical\" href=\"https:\/\/www.fcgueugnon.fr\/site\/contrat-dengagement-republicain\" \/>\n<meta property=\"og:locale\" content=\"fr_FR\" \/>\n<meta property=\"og:type\" content=\"article\" \/>\n<meta property=\"og:title\" content=\"Contrat d\u2019engagement r\u00e9publicain &#8226; FOOTBALL CLUB GUEUGNON\" \/>\n<meta property=\"og:description\" content=\"Dans le cadre de ses obligations r\u00e9glementaires et de son engagement en faveur des valeurs du sport, le FC Gueugnon vous informe qu\u2019il a officiellement souscrit au Contrat d\u2019Engagement R\u00e9publicain (CER). Qu\u2019est-ce que le Contrat d\u2019Engagement R\u00e9publicain ? Le Contrat d\u2019Engagement R\u00e9publicain est un engagement que les associations signent lorsqu\u2019elles b\u00e9n\u00e9ficient de soutiens publics (subventions, ... Lire la suite\" \/>\n<meta property=\"og:url\" content=\"https:\/\/www.fcgueugnon.fr\/site\/contrat-dengagement-republicain\" \/>\n<meta property=\"og:site_name\" content=\"FOOTBALL CLUB GUEUGNON\" \/>\n<meta property=\"article:publisher\" content=\"http:\/\/facebook.com\/FCGueugnon\" \/>\n<meta property=\"article:modified_time\" content=\"2026-01-20T08:57:57+00:00\" \/>\n<meta property=\"og:image\" content=\"https:\/\/www.fcgueugnon.fr\/site\/wp-content\/uploads\/2022\/07\/cropped-cropped-Logo-FCGUEUGNON-low-350x350-1.png\" \/>\n\t<meta property=\"og:image:width\" content=\"512\" \/>\n\t<meta property=\"og:image:height\" content=\"512\" \/>\n\t<meta property=\"og:image:type\" content=\"image\/png\" \/>\n<meta name=\"twitter:card\" content=\"summary_large_image\" \/>\n<meta name=\"twitter:site\" content=\"@FCGueugnon_off\" \/>\n<meta name=\"twitter:label1\" content=\"Dur\u00e9e de lecture estim\u00e9e\" \/>\n\t<meta name=\"twitter:data1\" content=\"2 minutes\" \/>\n<script type=\"application\/ld+json\" class=\"yoast-schema-graph\">{\"@context\":\"https:\/\/schema.org\",\"@graph\":[{\"@type\":\"WebPage\",\"@id\":\"https:\/\/www.fcgueugnon.fr\/site\/contrat-dengagement-republicain\",\"url\":\"https:\/\/www.fcgueugnon.fr\/site\/contrat-dengagement-republicain\",\"name\":\"Contrat d\u2019engagement r\u00e9publicain &#8226; FOOTBALL CLUB GUEUGNON\",\"isPartOf\":{\"@id\":\"https:\/\/www.fcgueugnon.fr\/site\/#website\"},\"datePublished\":\"2026-01-20T08:48:17+00:00\",\"dateModified\":\"2026-01-20T08:57:57+00:00\",\"breadcrumb\":{\"@id\":\"https:\/\/www.fcgueugnon.fr\/site\/contrat-dengagement-republicain#breadcrumb\"},\"inLanguage\":\"fr-FR\",\"potentialAction\":[{\"@type\":\"ReadAction\",\"target\":[\"https:\/\/www.fcgueugnon.fr\/site\/contrat-dengagement-republicain\"]}]},{\"@type\":\"BreadcrumbList\",\"@id\":\"https:\/\/www.fcgueugnon.fr\/site\/contrat-dengagement-republicain#breadcrumb\",\"itemListElement\":[{\"@type\":\"ListItem\",\"position\":1,\"name\":\"Accueil\",\"item\":\"https:\/\/www.fcgueugnon.fr\/site\/\"},{\"@type\":\"ListItem\",\"position\":2,\"name\":\"Contrat d\u2019engagement r\u00e9publicain\"}]},{\"@type\":\"WebSite\",\"@id\":\"https:\/\/www.fcgueugnon.fr\/site\/#website\",\"url\":\"https:\/\/www.fcgueugnon.fr\/site\/\",\"name\":\"FOOTBALL CLUB GUEUGNON\",\"description\":\"Le Site Officiel des Forgerons\",\"publisher\":{\"@id\":\"https:\/\/www.fcgueugnon.fr\/site\/#organization\"},\"potentialAction\":[{\"@type\":\"SearchAction\",\"target\":{\"@type\":\"EntryPoint\",\"urlTemplate\":\"https:\/\/www.fcgueugnon.fr\/site\/?s={search_term_string}\"},\"query-input\":{\"@type\":\"PropertyValueSpecification\",\"valueRequired\":true,\"valueName\":\"search_term_string\"}}],\"inLanguage\":\"fr-FR\"},{\"@type\":\"Organization\",\"@id\":\"https:\/\/www.fcgueugnon.fr\/site\/#organization\",\"name\":\"FC Gueugnon\",\"url\":\"https:\/\/www.fcgueugnon.fr\/site\/\",\"logo\":{\"@type\":\"ImageObject\",\"inLanguage\":\"fr-FR\",\"@id\":\"https:\/\/www.fcgueugnon.fr\/site\/#\/schema\/logo\/image\/\",\"url\":\"https:\/\/www.fcgueugnon.fr\/site\/wp-content\/uploads\/2022\/07\/cropped-Logo-FCGUEUGNON-low-350x350-1.png\",\"contentUrl\":\"https:\/\/www.fcgueugnon.fr\/site\/wp-content\/uploads\/2022\/07\/cropped-Logo-FCGUEUGNON-low-350x350-1.png\",\"width\":350,\"height\":350,\"caption\":\"FC Gueugnon\"},\"image\":{\"@id\":\"https:\/\/www.fcgueugnon.fr\/site\/#\/schema\/logo\/image\/\"},\"sameAs\":[\"http:\/\/facebook.com\/FCGueugnon\",\"https:\/\/x.com\/FCGueugnon_off\",\"https:\/\/www.instagram.com\/fcgueugnon\/\",\"https:\/\/www.linkedin.com\/company\/football-club-de-gueugnon\/\",\"https:\/\/www.youtube.com\/user\/FCGueugnonnais\",\"https:\/\/fr.wikipedia.org\/wiki\/Football_Club_de_Gueugnon\"]}]}<\/script>\n<!-- \/ Yoast SEO plugin. -->","yoast_head_json":{"title":"Contrat d\u2019engagement r\u00e9publicain &#8226; FOOTBALL CLUB GUEUGNON","robots":{"index":"index","follow":"follow","max-snippet":"max-snippet:-1","max-image-preview":"max-image-preview:large","max-video-preview":"max-video-preview:-1"},"canonical":"https:\/\/www.fcgueugnon.fr\/site\/contrat-dengagement-republicain","og_locale":"fr_FR","og_type":"article","og_title":"Contrat d\u2019engagement r\u00e9publicain &#8226; FOOTBALL CLUB GUEUGNON","og_description":"Dans le cadre de ses obligations r\u00e9glementaires et de son engagement en faveur des valeurs du sport, le FC Gueugnon vous informe qu\u2019il a officiellement souscrit au Contrat d\u2019Engagement R\u00e9publicain (CER). Qu\u2019est-ce que le Contrat d\u2019Engagement R\u00e9publicain ? Le Contrat d\u2019Engagement R\u00e9publicain est un engagement que les associations signent lorsqu\u2019elles b\u00e9n\u00e9ficient de soutiens publics (subventions, ... Lire la suite","og_url":"https:\/\/www.fcgueugnon.fr\/site\/contrat-dengagement-republicain","og_site_name":"FOOTBALL CLUB GUEUGNON","article_publisher":"http:\/\/facebook.com\/FCGueugnon","article_modified_time":"2026-01-20T08:57:57+00:00","og_image":[{"width":512,"height":512,"url":"https:\/\/www.fcgueugnon.fr\/site\/wp-content\/uploads\/2022\/07\/cropped-cropped-Logo-FCGUEUGNON-low-350x350-1.png","type":"image\/png"}],"twitter_card":"summary_large_image","twitter_site":"@FCGueugnon_off","twitter_misc":{"Dur\u00e9e de lecture estim\u00e9e":"2 minutes"},"schema":{"@context":"https:\/\/schema.org","@graph":[{"@type":"WebPage","@id":"https:\/\/www.fcgueugnon.fr\/site\/contrat-dengagement-republicain","url":"https:\/\/www.fcgueugnon.fr\/site\/contrat-dengagement-republicain","name":"Contrat d\u2019engagement r\u00e9publicain &#8226; FOOTBALL CLUB GUEUGNON","isPartOf":{"@id":"https:\/\/www.fcgueugnon.fr\/site\/#website"},"datePublished":"2026-01-20T08:48:17+00:00","dateModified":"2026-01-20T08:57:57+00:00","breadcrumb":{"@id":"https:\/\/www.fcgueugnon.fr\/site\/contrat-dengagement-republicain#breadcrumb"},"inLanguage":"fr-FR","potentialAction":[{"@type":"ReadAction","target":["https:\/\/www.fcgueugnon.fr\/site\/contrat-dengagement-republicain"]}]},{"@type":"BreadcrumbList","@id":"https:\/\/www.fcgueugnon.fr\/site\/contrat-dengagement-republicain#breadcrumb","itemListElement":[{"@type":"ListItem","position":1,"name":"Accueil","item":"https:\/\/www.fcgueugnon.fr\/site\/"},{"@type":"ListItem","position":2,"name":"Contrat d\u2019engagement r\u00e9publicain"}]},{"@type":"WebSite","@id":"https:\/\/www.fcgueugnon.fr\/site\/#website","url":"https:\/\/www.fcgueugnon.fr\/site\/","name":"FOOTBALL CLUB GUEUGNON","description":"Le Site Officiel des Forgerons","publisher":{"@id":"https:\/\/www.fcgueugnon.fr\/site\/#organization"},"potentialAction":[{"@type":"SearchAction","target":{"@type":"EntryPoint","urlTemplate":"https:\/\/www.fcgueugnon.fr\/site\/?s={search_term_string}"},"query-input":{"@type":"PropertyValueSpecification","valueRequired":true,"valueName":"search_term_string"}}],"inLanguage":"fr-FR"},{"@type":"Organization","@id":"https:\/\/www.fcgueugnon.fr\/site\/#organization","name":"FC Gueugnon","url":"https:\/\/www.fcgueugnon.fr\/site\/","logo":{"@type":"ImageObject","inLanguage":"fr-FR","@id":"https:\/\/www.fcgueugnon.fr\/site\/#\/schema\/logo\/image\/","url":"https:\/\/www.fcgueugnon.fr\/site\/wp-content\/uploads\/2022\/07\/cropped-Logo-FCGUEUGNON-low-350x350-1.png","contentUrl":"https:\/\/www.fcgueugnon.fr\/site\/wp-content\/uploads\/2022\/07\/cropped-Logo-FCGUEUGNON-low-350x350-1.png","width":350,"height":350,"caption":"FC Gueugnon"},"image":{"@id":"https:\/\/www.fcgueugnon.fr\/site\/#\/schema\/logo\/image\/"},"sameAs":["http:\/\/facebook.com\/FCGueugnon","https:\/\/x.com\/FCGueugnon_off","https:\/\/www.instagram.com\/fcgueugnon\/","https:\/\/www.linkedin.com\/company\/football-club-de-gueugnon\/","https:\/\/www.youtube.com\/user\/FCGueugnonnais","https:\/\/fr.wikipedia.org\/wiki\/Football_Club_de_Gueugnon"]}]}},"rttpg_featured_image_url":null,"rttpg_author":{"display_name":"FC Gueugnon","author_link":"https:\/\/www.fcgueugnon.fr\/site\/author\/g-avin1"},"rttpg_comment":0,"rttpg_category":null,"rttpg_excerpt":"Dans le cadre de ses obligations r\u00e9glementaires et de son engagement en faveur des valeurs du sport, le FC Gueugnon vous informe qu\u2019il a officiellement souscrit au Contrat d\u2019Engagement R\u00e9publicain (CER). Qu\u2019est-ce que le Contrat d\u2019Engagement R\u00e9publicain ? Le Contrat d\u2019Engagement R\u00e9publicain est un engagement que les associations signent lorsqu\u2019elles b\u00e9n\u00e9ficient de soutiens publics (subventions,\u2026","_links":{"self":[{"href":"https:\/\/www.fcgueugnon.fr\/site\/wp-json\/wp\/v2\/pages\/56088","targetHints":{"allow":["GET"]}}],"collection":[{"href":"https:\/\/www.fcgueugnon.fr\/site\/wp-json\/wp\/v2\/pages"}],"about":[{"href":"https:\/\/www.fcgueugnon.fr\/site\/wp-json\/wp\/v2\/types\/page"}],"author":[{"embeddable":true,"href":"https:\/\/www.fcgueugnon.fr\/site\/wp-json\/wp\/v2\/users\/3"}],"replies":[{"embeddable":true,"href":"https:\/\/www.fcgueugnon.fr\/site\/wp-json\/wp\/v2\/comments?post=56088"}],"version-history":[{"count":1,"href":"https:\/\/www.fcgueugnon.fr\/site\/wp-json\/wp\/v2\/pages\/56088\/revisions"}],"predecessor-version":[{"id":56090,"href":"https:\/\/www.fcgueugnon.fr\/site\/wp-json\/wp\/v2\/pages\/56088\/revisions\/56090"}],"wp:attachment":[{"href":"https:\/\/www.fcgueugnon.fr\/site\/wp-json\/wp\/v2\/media?parent=56088"}],"curies":[{"name":"wp","href":"https:\/\/api.w.org\/{rel}","templated":true}]}}