{"id":175,"date":"2022-07-21T23:34:46","date_gmt":"2022-07-21T21:34:46","guid":{"rendered":"https:\/\/www.fcgueugnon.fr\/site\/?page_id=175"},"modified":"2023-06-01T16:01:19","modified_gmt":"2023-06-01T14:01:19","slug":"college-jorge-semprun-gueugnon","status":"publish","type":"page","link":"https:\/\/www.fcgueugnon.fr\/site\/college-jorge-semprun-gueugnon","title":{"rendered":"Coll\u00e8ge Jorge Semprun (Gueugnon)"},"content":{"rendered":"\n<div style=\"height:10px\" aria-hidden=\"true\" class=\"wp-block-spacer\"><\/div>\n\n\n\n<h3 class=\"wp-block-heading\"><strong>Principe des Sections Sportives :<\/strong><\/h3>\n\n\n\n<h3 class=\"wp-block-heading\"><strong>Un Club<\/strong> : FC Gueugnon<br><strong>Un \u00c9tablissement<\/strong> : coll\u00e8ge Jorge Semprun<br><strong>Une Ville<\/strong> : Gueugnon<\/h3>\n\n\n<div class=\"wp-block-image\">\n<figure class=\"aligncenter size-full\"><img loading=\"lazy\" decoding=\"async\" width=\"299\" height=\"195\" src=\"https:\/\/www.fcgueugnon.fr\/site\/wp-content\/uploads\/2022\/07\/Logo-College-Jorge-Semprun-Gueugnon.png\" alt=\"\" class=\"wp-image-176\"\/><\/figure>\n<\/div>\n\n\n<p>Avec l&rsquo;agr\u00e9ment de :<\/p>\n\n\n\n<ul class=\"wp-block-list\">\n<li>la F\u00e9d\u00e9ration Fran\u00e7aise de Football<\/li>\n\n\n\n<li>la Ligue de Bourgogne de Football<\/li>\n\n\n\n<li>le District du Pays Minier de Football<\/li>\n\n\n\n<li>le Conseil G\u00e9n\u00e9ral de Sa\u00f4ne et Loire<\/li>\n\n\n\n<li>l&rsquo;Education Nationale<\/li>\n\n\n\n<li>la ville de Gueugnon<\/li>\n<\/ul>\n\n\n\n<p><strong>Admissions aux classes \u00ab\u00a0sections sportives\u00a0\u00bb :<\/strong><\/p>\n\n\n\n<ul class=\"wp-block-list\">\n<li>Vous avez entre <strong>11 et 13 ans<\/strong>, vous pouvez rejoindre la section sportive dite \u00ab\u00a0C.H.A.\u00a0\u00bb classe \u00e0 horaires am\u00e9nag\u00e9s du coll\u00e8ge Jorge Semprun de Gueugnon.<\/li>\n\n\n\n<li>Vous avez entre <strong>13 et 15 ans<\/strong>&nbsp; Vous pouvez rejoindre la Section Sportive Excellence du Coll\u00e8ge Jorge Semprun de Gueugnon.<\/li>\n<\/ul>\n\n\n\n<p>Les inscriptions pour les tests sportifs et le dossier d&rsquo;admission ont lieu chaque ann\u00e9e au mois de mai, pendant l&rsquo;ann\u00e9e scolaire.<br>Les dossiers sont \u00e0 retirer directement au coll\u00e8ge ou aupr\u00e8s d&rsquo;un \u00e9ducateur du FCG.<\/p>\n\n\n\n<p>Contactez l&rsquo;\u00e9tablissement scolaire ou le Club r\u00e9f\u00e9rent :<br>&#8211; M. le Principal du Coll\u00e8ge Jorge Semprun au 03.85.85.22.15<br>&#8211; le FC Gueugnon par t\u00e9l\u00e9phone au 03.85.85.06.26 ou par mail \u00e0\u00a0<a href=\"mailto:gueugnon.fc@lbfc-foot.fr\">gueugnon.fc@lbfc-foot.fr<\/a><\/p>\n\n\n\n<div style=\"height:100px\" aria-hidden=\"true\" class=\"wp-block-spacer\"><\/div>\n\n\n\n<div class=\"wp-block-columns is-layout-flex wp-container-core-columns-is-layout-9d6595d7 wp-block-columns-is-layout-flex\">\n<div class=\"wp-block-column is-layout-flow wp-block-column-is-layout-flow\">\n<div class=\"wp-block-getwid-banner has-animation-style6 has-text-animation-opacity\"><a href=\"https:\/\/www.fcgueugnon.fr\/site\/college-jorge-semprun-gueugnon\" class=\"wp-block-getwid-banner__link\"><div class=\"wp-block-getwid-banner__wrapper\"><img loading=\"lazy\" decoding=\"async\" width=\"1024\" height=\"768\" src=\"https:\/\/www.fcgueugnon.fr\/site\/wp-content\/uploads\/2022\/07\/college-jorge-semrpun-Gueugnon-section-sportive.jpg\" alt=\"\" class=\"wp-block-getwid-banner__image wp-block-getwid-banner__source wp-image-170\" srcset=\"https:\/\/www.fcgueugnon.fr\/site\/wp-content\/uploads\/2022\/07\/college-jorge-semrpun-Gueugnon-section-sportive.jpg 1024w, https:\/\/www.fcgueugnon.fr\/site\/wp-content\/uploads\/2022\/07\/college-jorge-semrpun-Gueugnon-section-sportive-400x300.jpg 400w, https:\/\/www.fcgueugnon.fr\/site\/wp-content\/uploads\/2022\/07\/college-jorge-semrpun-Gueugnon-section-sportive-768x576.jpg 768w\" sizes=\"auto, (max-width: 1024px) 100vw, 1024px\" \/><div class=\"wp-block-getwid-banner__caption has-text-color\" style=\"color:#ffffff;min-height:400px\"><div class=\"wp-block-getwid-banner__caption-wrapper\"><span class=\"wp-block-getwid-banner__title\">Coll\u00e8ge <br>Jorge Semprun (Gueugnon)<\/span><\/div><\/div><\/div><\/a><\/div>\n<\/div>\n\n\n\n<div class=\"wp-block-column is-layout-flow wp-block-column-is-layout-flow\">\n<div class=\"wp-block-getwid-banner has-animation-style6 has-text-animation-opacity\"><a href=\"https:\/\/www.fcgueugnon.fr\/site\/lycee-camille-claudel-digoin\" class=\"wp-block-getwid-banner__link\"><div class=\"wp-block-getwid-banner__wrapper\"><img loading=\"lazy\" decoding=\"async\" width=\"400\" height=\"239\" src=\"https:\/\/www.fcgueugnon.fr\/site\/wp-content\/uploads\/2022\/07\/lycee-camille-claudel-Digoin-section-sportive.jpg\" alt=\"\" class=\"wp-block-getwid-banner__image wp-block-getwid-banner__source wp-image-171\"\/><div class=\"wp-block-getwid-banner__caption has-text-color\" style=\"color:#ffffff;min-height:400px\"><div class=\"wp-block-getwid-banner__caption-wrapper\"><span class=\"wp-block-getwid-banner__title\">Lyc\u00e9e <br>Camille Claudel (Digoin)<\/span><\/div><\/div><\/div><\/a><\/div>\n<\/div>\n\n\n\n<div class=\"wp-block-column is-layout-flow wp-block-column-is-layout-flow\">\n<div class=\"wp-block-getwid-banner has-animation-style6 has-text-animation-opacity\"><a href=\"https:\/\/www.fcgueugnon.fr\/site\/gueugnon-sport-formation\" class=\"wp-block-getwid-banner__link\"><div class=\"wp-block-getwid-banner__wrapper\"><img loading=\"lazy\" decoding=\"async\" width=\"1428\" height=\"1428\" src=\"https:\/\/www.fcgueugnon.fr\/site\/wp-content\/uploads\/2022\/07\/Formapi-Gueugnon-Sport-Formation-1.png\" alt=\"\" class=\"wp-block-getwid-banner__image wp-block-getwid-banner__source wp-image-173\" srcset=\"https:\/\/www.fcgueugnon.fr\/site\/wp-content\/uploads\/2022\/07\/Formapi-Gueugnon-Sport-Formation-1.png 1428w, https:\/\/www.fcgueugnon.fr\/site\/wp-content\/uploads\/2022\/07\/Formapi-Gueugnon-Sport-Formation-1-400x400.png 400w, https:\/\/www.fcgueugnon.fr\/site\/wp-content\/uploads\/2022\/07\/Formapi-Gueugnon-Sport-Formation-1-1024x1024.png 1024w, https:\/\/www.fcgueugnon.fr\/site\/wp-content\/uploads\/2022\/07\/Formapi-Gueugnon-Sport-Formation-1-150x150.png 150w, https:\/\/www.fcgueugnon.fr\/site\/wp-content\/uploads\/2022\/07\/Formapi-Gueugnon-Sport-Formation-1-768x768.png 768w\" sizes=\"auto, (max-width: 1428px) 100vw, 1428px\" \/><div class=\"wp-block-getwid-banner__caption has-text-color\" style=\"color:#ffffff;min-height:400px\"><div class=\"wp-block-getwid-banner__caption-wrapper\"><span class=\"wp-block-getwid-banner__title\"><br><strong>Gueugnon Sport Formation<\/strong><\/span><\/div><\/div><\/div><\/a><\/div>\n<\/div>\n<\/div>\n\n\n\n<div style=\"height:100px\" aria-hidden=\"true\" class=\"wp-block-spacer\"><\/div>\n","protected":false},"excerpt":{"rendered":"<p>Principe des Sections Sportives : Un Club : FC GueugnonUn \u00c9tablissement : coll\u00e8ge Jorge SemprunUne Ville : Gueugnon Avec l&rsquo;agr\u00e9ment de : Admissions aux classes \u00ab\u00a0sections sportives\u00a0\u00bb : Les inscriptions pour les tests sportifs et le dossier d&rsquo;admission ont lieu chaque ann\u00e9e au mois de mai, pendant l&rsquo;ann\u00e9e scolaire.Les dossiers sont \u00e0 retirer directement au &#8230; <\/p>\n<p class=\"read-more-container\"><a title=\"Coll\u00e8ge Jorge Semprun (Gueugnon)\" class=\"read-more button\" href=\"https:\/\/www.fcgueugnon.fr\/site\/college-jorge-semprun-gueugnon#more-175\" aria-label=\"Plus sur Coll\u00e8ge Jorge Semprun (Gueugnon)\">Lire la suite<\/a><\/p>\n","protected":false},"author":1,"featured_media":0,"parent":0,"menu_order":0,"comment_status":"closed","ping_status":"closed","template":"","meta":{"footnotes":""},"class_list":{"0":"post-175","1":"page","2":"type-page","3":"status-publish","5":"infinite-scroll-item"},"yoast_head":"<!-- This site is optimized with the Yoast SEO plugin v26.6 - https:\/\/yoast.com\/wordpress\/plugins\/seo\/ -->\n<title>Coll\u00e8ge Jorge Semprun (Gueugnon) &#8226; FOOTBALL CLUB GUEUGNON<\/title>\n<meta name=\"robots\" content=\"index, follow, max-snippet:-1, max-image-preview:large, max-video-preview:-1\" \/>\n<link rel=\"canonical\" href=\"https:\/\/www.fcgueugnon.fr\/site\/college-jorge-semprun-gueugnon\" \/>\n<meta property=\"og:locale\" content=\"fr_FR\" \/>\n<meta property=\"og:type\" content=\"article\" \/>\n<meta property=\"og:title\" content=\"Coll\u00e8ge Jorge Semprun (Gueugnon) &#8226; FOOTBALL CLUB GUEUGNON\" \/>\n<meta property=\"og:description\" content=\"Principe des Sections Sportives : Un Club : FC GueugnonUn \u00c9tablissement : coll\u00e8ge Jorge SemprunUne Ville : Gueugnon Avec l&rsquo;agr\u00e9ment de : Admissions aux classes \u00ab\u00a0sections sportives\u00a0\u00bb : Les inscriptions pour les tests sportifs et le dossier d&rsquo;admission ont lieu chaque ann\u00e9e au mois de mai, pendant l&rsquo;ann\u00e9e scolaire.Les dossiers sont \u00e0 retirer directement au ... Lire la suite\" \/>\n<meta property=\"og:url\" content=\"https:\/\/www.fcgueugnon.fr\/site\/college-jorge-semprun-gueugnon\" \/>\n<meta property=\"og:site_name\" content=\"FOOTBALL CLUB GUEUGNON\" \/>\n<meta property=\"article:publisher\" content=\"http:\/\/facebook.com\/FCGueugnon\" \/>\n<meta property=\"article:modified_time\" content=\"2023-06-01T14:01:19+00:00\" \/>\n<meta property=\"og:image\" content=\"https:\/\/www.fcgueugnon.fr\/site\/wp-content\/uploads\/2022\/07\/Logo-College-Jorge-Semprun-Gueugnon.png\" \/>\n<meta name=\"twitter:card\" content=\"summary_large_image\" \/>\n<meta name=\"twitter:site\" content=\"@FCGueugnon_off\" \/>\n<meta name=\"twitter:label1\" content=\"Dur\u00e9e de lecture estim\u00e9e\" \/>\n\t<meta name=\"twitter:data1\" content=\"2 minutes\" \/>\n<script type=\"application\/ld+json\" class=\"yoast-schema-graph\">{\"@context\":\"https:\/\/schema.org\",\"@graph\":[{\"@type\":\"WebPage\",\"@id\":\"https:\/\/www.fcgueugnon.fr\/site\/college-jorge-semprun-gueugnon\",\"url\":\"https:\/\/www.fcgueugnon.fr\/site\/college-jorge-semprun-gueugnon\",\"name\":\"Coll\u00e8ge Jorge Semprun (Gueugnon) &#8226; FOOTBALL CLUB GUEUGNON\",\"isPartOf\":{\"@id\":\"https:\/\/www.fcgueugnon.fr\/site\/#website\"},\"primaryImageOfPage\":{\"@id\":\"https:\/\/www.fcgueugnon.fr\/site\/college-jorge-semprun-gueugnon#primaryimage\"},\"image\":{\"@id\":\"https:\/\/www.fcgueugnon.fr\/site\/college-jorge-semprun-gueugnon#primaryimage\"},\"thumbnailUrl\":\"https:\/\/www.fcgueugnon.fr\/site\/wp-content\/uploads\/2022\/07\/Logo-College-Jorge-Semprun-Gueugnon.png\",\"datePublished\":\"2022-07-21T21:34:46+00:00\",\"dateModified\":\"2023-06-01T14:01:19+00:00\",\"breadcrumb\":{\"@id\":\"https:\/\/www.fcgueugnon.fr\/site\/college-jorge-semprun-gueugnon#breadcrumb\"},\"inLanguage\":\"fr-FR\",\"potentialAction\":[{\"@type\":\"ReadAction\",\"target\":[\"https:\/\/www.fcgueugnon.fr\/site\/college-jorge-semprun-gueugnon\"]}]},{\"@type\":\"ImageObject\",\"inLanguage\":\"fr-FR\",\"@id\":\"https:\/\/www.fcgueugnon.fr\/site\/college-jorge-semprun-gueugnon#primaryimage\",\"url\":\"https:\/\/www.fcgueugnon.fr\/site\/wp-content\/uploads\/2022\/07\/Logo-College-Jorge-Semprun-Gueugnon.png\",\"contentUrl\":\"https:\/\/www.fcgueugnon.fr\/site\/wp-content\/uploads\/2022\/07\/Logo-College-Jorge-Semprun-Gueugnon.png\",\"width\":299,\"height\":195},{\"@type\":\"BreadcrumbList\",\"@id\":\"https:\/\/www.fcgueugnon.fr\/site\/college-jorge-semprun-gueugnon#breadcrumb\",\"itemListElement\":[{\"@type\":\"ListItem\",\"position\":1,\"name\":\"Accueil\",\"item\":\"https:\/\/www.fcgueugnon.fr\/site\/\"},{\"@type\":\"ListItem\",\"position\":2,\"name\":\"Coll\u00e8ge Jorge Semprun (Gueugnon)\"}]},{\"@type\":\"WebSite\",\"@id\":\"https:\/\/www.fcgueugnon.fr\/site\/#website\",\"url\":\"https:\/\/www.fcgueugnon.fr\/site\/\",\"name\":\"FOOTBALL CLUB GUEUGNON\",\"description\":\"Le Site Officiel des Forgerons\",\"publisher\":{\"@id\":\"https:\/\/www.fcgueugnon.fr\/site\/#organization\"},\"potentialAction\":[{\"@type\":\"SearchAction\",\"target\":{\"@type\":\"EntryPoint\",\"urlTemplate\":\"https:\/\/www.fcgueugnon.fr\/site\/?s={search_term_string}\"},\"query-input\":{\"@type\":\"PropertyValueSpecification\",\"valueRequired\":true,\"valueName\":\"search_term_string\"}}],\"inLanguage\":\"fr-FR\"},{\"@type\":\"Organization\",\"@id\":\"https:\/\/www.fcgueugnon.fr\/site\/#organization\",\"name\":\"FC Gueugnon\",\"url\":\"https:\/\/www.fcgueugnon.fr\/site\/\",\"logo\":{\"@type\":\"ImageObject\",\"inLanguage\":\"fr-FR\",\"@id\":\"https:\/\/www.fcgueugnon.fr\/site\/#\/schema\/logo\/image\/\",\"url\":\"https:\/\/www.fcgueugnon.fr\/site\/wp-content\/uploads\/2022\/07\/cropped-Logo-FCGUEUGNON-low-350x350-1.png\",\"contentUrl\":\"https:\/\/www.fcgueugnon.fr\/site\/wp-content\/uploads\/2022\/07\/cropped-Logo-FCGUEUGNON-low-350x350-1.png\",\"width\":350,\"height\":350,\"caption\":\"FC Gueugnon\"},\"image\":{\"@id\":\"https:\/\/www.fcgueugnon.fr\/site\/#\/schema\/logo\/image\/\"},\"sameAs\":[\"http:\/\/facebook.com\/FCGueugnon\",\"https:\/\/x.com\/FCGueugnon_off\",\"https:\/\/www.instagram.com\/fcgueugnon\/\",\"https:\/\/www.linkedin.com\/company\/football-club-de-gueugnon\/\",\"https:\/\/www.youtube.com\/user\/FCGueugnonnais\",\"https:\/\/fr.wikipedia.org\/wiki\/Football_Club_de_Gueugnon\"]}]}<\/script>\n<!-- \/ Yoast SEO plugin. -->","yoast_head_json":{"title":"Coll\u00e8ge Jorge Semprun (Gueugnon) &#8226; FOOTBALL CLUB GUEUGNON","robots":{"index":"index","follow":"follow","max-snippet":"max-snippet:-1","max-image-preview":"max-image-preview:large","max-video-preview":"max-video-preview:-1"},"canonical":"https:\/\/www.fcgueugnon.fr\/site\/college-jorge-semprun-gueugnon","og_locale":"fr_FR","og_type":"article","og_title":"Coll\u00e8ge Jorge Semprun (Gueugnon) &#8226; FOOTBALL CLUB GUEUGNON","og_description":"Principe des Sections Sportives : Un Club : FC GueugnonUn \u00c9tablissement : coll\u00e8ge Jorge SemprunUne Ville : Gueugnon Avec l&rsquo;agr\u00e9ment de : Admissions aux classes \u00ab\u00a0sections sportives\u00a0\u00bb : Les inscriptions pour les tests sportifs et le dossier d&rsquo;admission ont lieu chaque ann\u00e9e au mois de mai, pendant l&rsquo;ann\u00e9e scolaire.Les dossiers sont \u00e0 retirer directement au ... Lire la suite","og_url":"https:\/\/www.fcgueugnon.fr\/site\/college-jorge-semprun-gueugnon","og_site_name":"FOOTBALL CLUB GUEUGNON","article_publisher":"http:\/\/facebook.com\/FCGueugnon","article_modified_time":"2023-06-01T14:01:19+00:00","og_image":[{"url":"https:\/\/www.fcgueugnon.fr\/site\/wp-content\/uploads\/2022\/07\/Logo-College-Jorge-Semprun-Gueugnon.png","type":"","width":"","height":""}],"twitter_card":"summary_large_image","twitter_site":"@FCGueugnon_off","twitter_misc":{"Dur\u00e9e de lecture estim\u00e9e":"2 minutes"},"schema":{"@context":"https:\/\/schema.org","@graph":[{"@type":"WebPage","@id":"https:\/\/www.fcgueugnon.fr\/site\/college-jorge-semprun-gueugnon","url":"https:\/\/www.fcgueugnon.fr\/site\/college-jorge-semprun-gueugnon","name":"Coll\u00e8ge Jorge Semprun (Gueugnon) &#8226; FOOTBALL CLUB GUEUGNON","isPartOf":{"@id":"https:\/\/www.fcgueugnon.fr\/site\/#website"},"primaryImageOfPage":{"@id":"https:\/\/www.fcgueugnon.fr\/site\/college-jorge-semprun-gueugnon#primaryimage"},"image":{"@id":"https:\/\/www.fcgueugnon.fr\/site\/college-jorge-semprun-gueugnon#primaryimage"},"thumbnailUrl":"https:\/\/www.fcgueugnon.fr\/site\/wp-content\/uploads\/2022\/07\/Logo-College-Jorge-Semprun-Gueugnon.png","datePublished":"2022-07-21T21:34:46+00:00","dateModified":"2023-06-01T14:01:19+00:00","breadcrumb":{"@id":"https:\/\/www.fcgueugnon.fr\/site\/college-jorge-semprun-gueugnon#breadcrumb"},"inLanguage":"fr-FR","potentialAction":[{"@type":"ReadAction","target":["https:\/\/www.fcgueugnon.fr\/site\/college-jorge-semprun-gueugnon"]}]},{"@type":"ImageObject","inLanguage":"fr-FR","@id":"https:\/\/www.fcgueugnon.fr\/site\/college-jorge-semprun-gueugnon#primaryimage","url":"https:\/\/www.fcgueugnon.fr\/site\/wp-content\/uploads\/2022\/07\/Logo-College-Jorge-Semprun-Gueugnon.png","contentUrl":"https:\/\/www.fcgueugnon.fr\/site\/wp-content\/uploads\/2022\/07\/Logo-College-Jorge-Semprun-Gueugnon.png","width":299,"height":195},{"@type":"BreadcrumbList","@id":"https:\/\/www.fcgueugnon.fr\/site\/college-jorge-semprun-gueugnon#breadcrumb","itemListElement":[{"@type":"ListItem","position":1,"name":"Accueil","item":"https:\/\/www.fcgueugnon.fr\/site\/"},{"@type":"ListItem","position":2,"name":"Coll\u00e8ge Jorge Semprun (Gueugnon)"}]},{"@type":"WebSite","@id":"https:\/\/www.fcgueugnon.fr\/site\/#website","url":"https:\/\/www.fcgueugnon.fr\/site\/","name":"FOOTBALL CLUB GUEUGNON","description":"Le Site Officiel des Forgerons","publisher":{"@id":"https:\/\/www.fcgueugnon.fr\/site\/#organization"},"potentialAction":[{"@type":"SearchAction","target":{"@type":"EntryPoint","urlTemplate":"https:\/\/www.fcgueugnon.fr\/site\/?s={search_term_string}"},"query-input":{"@type":"PropertyValueSpecification","valueRequired":true,"valueName":"search_term_string"}}],"inLanguage":"fr-FR"},{"@type":"Organization","@id":"https:\/\/www.fcgueugnon.fr\/site\/#organization","name":"FC Gueugnon","url":"https:\/\/www.fcgueugnon.fr\/site\/","logo":{"@type":"ImageObject","inLanguage":"fr-FR","@id":"https:\/\/www.fcgueugnon.fr\/site\/#\/schema\/logo\/image\/","url":"https:\/\/www.fcgueugnon.fr\/site\/wp-content\/uploads\/2022\/07\/cropped-Logo-FCGUEUGNON-low-350x350-1.png","contentUrl":"https:\/\/www.fcgueugnon.fr\/site\/wp-content\/uploads\/2022\/07\/cropped-Logo-FCGUEUGNON-low-350x350-1.png","width":350,"height":350,"caption":"FC Gueugnon"},"image":{"@id":"https:\/\/www.fcgueugnon.fr\/site\/#\/schema\/logo\/image\/"},"sameAs":["http:\/\/facebook.com\/FCGueugnon","https:\/\/x.com\/FCGueugnon_off","https:\/\/www.instagram.com\/fcgueugnon\/","https:\/\/www.linkedin.com\/company\/football-club-de-gueugnon\/","https:\/\/www.youtube.com\/user\/FCGueugnonnais","https:\/\/fr.wikipedia.org\/wiki\/Football_Club_de_Gueugnon"]}]}},"rttpg_featured_image_url":null,"rttpg_author":{"display_name":"FC Gueugnon","author_link":"https:\/\/www.fcgueugnon.fr\/site\/author\/admin-antho"},"rttpg_comment":0,"rttpg_category":null,"rttpg_excerpt":"Principe des Sections Sportives : Un Club : FC GueugnonUn \u00c9tablissement : coll\u00e8ge Jorge SemprunUne Ville : Gueugnon Avec l&rsquo;agr\u00e9ment de : Admissions aux classes \u00ab\u00a0sections sportives\u00a0\u00bb : Les inscriptions pour les tests sportifs et le dossier d&rsquo;admission ont lieu chaque ann\u00e9e au mois de mai, pendant l&rsquo;ann\u00e9e scolaire.Les dossiers sont \u00e0 retirer directement au\u2026","_links":{"self":[{"href":"https:\/\/www.fcgueugnon.fr\/site\/wp-json\/wp\/v2\/pages\/175","targetHints":{"allow":["GET"]}}],"collection":[{"href":"https:\/\/www.fcgueugnon.fr\/site\/wp-json\/wp\/v2\/pages"}],"about":[{"href":"https:\/\/www.fcgueugnon.fr\/site\/wp-json\/wp\/v2\/types\/page"}],"author":[{"embeddable":true,"href":"https:\/\/www.fcgueugnon.fr\/site\/wp-json\/wp\/v2\/users\/1"}],"replies":[{"embeddable":true,"href":"https:\/\/www.fcgueugnon.fr\/site\/wp-json\/wp\/v2\/comments?post=175"}],"version-history":[{"count":6,"href":"https:\/\/www.fcgueugnon.fr\/site\/wp-json\/wp\/v2\/pages\/175\/revisions"}],"predecessor-version":[{"id":4917,"href":"https:\/\/www.fcgueugnon.fr\/site\/wp-json\/wp\/v2\/pages\/175\/revisions\/4917"}],"wp:attachment":[{"href":"https:\/\/www.fcgueugnon.fr\/site\/wp-json\/wp\/v2\/media?parent=175"}],"curies":[{"name":"wp","href":"https:\/\/api.w.org\/{rel}","templated":true}]}}