{"id":17,"date":"2022-07-17T15:01:37","date_gmt":"2022-07-17T13:01:37","guid":{"rendered":"https:\/\/www.fcgueugnon.fr\/site\/?page_id=17"},"modified":"2022-07-20T23:58:18","modified_gmt":"2022-07-20T21:58:18","slug":"charte-de-protection-de-vos-donnees-personnelles","status":"publish","type":"page","link":"https:\/\/www.fcgueugnon.fr\/site\/charte-de-protection-de-vos-donnees-personnelles","title":{"rendered":"Charte de protection de vos donn\u00e9es personnelles"},"content":{"rendered":"\n<div style=\"height:100px\" aria-hidden=\"true\" class=\"wp-block-spacer\"><\/div>\n\n\n\n<h2 class=\"has-text-align-center wp-block-heading\"><strong>ASSOCIATION FC GUEUGNON<\/strong><\/h2>\n\n\n\n<div style=\"height:25px\" aria-hidden=\"true\" class=\"wp-block-spacer\"><\/div>\n\n\n\n<h3 class=\"wp-block-heading\"><span style=\"color: #002060;\"><strong>LES ENGAGEMENTS DE L\u2019ASSOCIATION FC GUEUGNON<\/strong><\/span><\/h3>\n\n\n\n<p>D\u00e9sireux de prot\u00e9ger la vie priv\u00e9e de ses supporters, l\u2019association FC Gueugnon a engag\u00e9 des actions pour se mettre en conformit\u00e9 au R\u00e8glement G\u00e9n\u00e9ral sur la Protection des Donn\u00e9es (RGPD), entr\u00e9 en vigueur au 25 mai 2018 et \u00e0 la R\u00e9glementation. Ce document d\u00e9crit les dispositions prises par l\u2019association FC Gueugnon pour prot\u00e9ger les donn\u00e9es personnelles que nous collectons.<\/p>\n\n\n\n<div style=\"height:10px\" aria-hidden=\"true\" class=\"wp-block-spacer\"><\/div>\n\n\n\n<h3 class=\"wp-block-heading\"><strong><span style=\"color: #002060;\">LE TRAITEMENT DE VOS DONN\u00c9ES PERSONNELLES<\/span><br><span style=\"color: #bf8f00;\">LES DONN\u00c9ES COLLECT\u00c9ES<\/span><\/strong><\/h3>\n\n\n\n<p>L\u2019association FC Gueugnon pourra \u00eatre amen\u00e9 \u00e0 collecter certaines de vos donn\u00e9es personnelles principalement dans le cadre de notre relation commerciale, et notamment \u00e0 l\u2019occasion :<\/p>\n\n\n\n<ul class=\"wp-block-list\"><li>De vos achats en ligne de nos produits et services (Maillots, \u00e9quipements, produits d\u00e9riv\u00e9s, etc.) ;<\/li><li>De la visite ou de l\u2019utilisation de nos services en ligne (fcgueugnon.fr) ;<\/li><li>De vos participations \u00e0 des op\u00e9rations marketing de type jeu concours ou r\u00e9ception d\u2019alertes.<\/li><\/ul>\n\n\n\n<p>L\u2019association FC Gueugnon s\u2019engage \u00e0 pr\u00e9ciser quelles sont les donn\u00e9es n\u00e9cessaires et\/ou optionnelles au bon fonctionnement du service, \u00e0 chaque fois que vos donn\u00e9es sont collect\u00e9es.<\/p>\n\n\n\n<p>La majorit\u00e9 des donn\u00e9es faisant l\u2019objet d\u2019un traitement sont :<\/p>\n\n\n\n<ul class=\"wp-block-list\"><li>Les identifiants de connexion ;<\/li><li>Le nom et pr\u00e9nom ;<\/li><li>L\u2019adresse postale ;<\/li><li>L\u2019adresse de courrier \u00e9lectronique.<\/li><\/ul>\n\n\n\n<p>Les autres donn\u00e9es qui peuvent \u00eatre collect\u00e9es pour des services sp\u00e9cifiques, seront nomm\u00e9es explicitement dans des mentions claires lors de leur collecte.<\/p>\n\n\n\n<div style=\"height:10px\" aria-hidden=\"true\" class=\"wp-block-spacer\"><\/div>\n\n\n\n<h3 class=\"wp-block-heading\"><span style=\"color: #bf8f00;\"><strong>SP\u00c9CIFICIT\u00c9 DES COOKIES<\/strong><\/span><\/h3>\n\n\n\n<p>Certaines parties du site implantent un \u00ab cookie \u00bb dans votre ordinateur. Un cookie ne nous permet pas de vous identifier. De mani\u00e8re g\u00e9n\u00e9rale, il enregistre des informations relatives \u00e0 la navigation de votre ordinateur sur notre site (les pages que vous avez consult\u00e9es, la date et l&rsquo;heure de la consultation, etc..) que nous pourrons lire lors de vos visites ult\u00e9rieures. Ainsi, vous n&rsquo;aurez pas besoin de remplir \u00e0 nouveau les formulaires que nous vous avons propos\u00e9. La dur\u00e9e de conservation de ces informations dans votre ordinateur est d\u2019un an. Vous avez la possibilit\u00e9 de param\u00e9trer votre navigateur pour vous opposer \u00e0 l&rsquo;enregistrement de cookies.<\/p>\n\n\n\n<div style=\"height:10px\" aria-hidden=\"true\" class=\"wp-block-spacer\"><\/div>\n\n\n\n<h3 class=\"wp-block-heading\"><span style=\"color: #bf8f00;\"><strong>FINALIT\u00c9S DES TRAITEMENTS DES DONN\u00c9ES<\/strong><\/span><\/h3>\n\n\n\n<p>Les finalit\u00e9s pour lesquelles sont trait\u00e9es vos donn\u00e9es sont notamment :<\/p>\n\n\n\n<ul class=\"wp-block-list\"><li>Proposer nos services, traiter vos achats, livrer vos commandes (produits) ;<\/li><li>Am\u00e9liorer votre exp\u00e9rience-client en ligne et sur nos sites d\u2019exploitation, au travers d\u2019une meilleure connaissance de nos visiteurs gr\u00e2ce aux analyses de donn\u00e9es afin de permettre de personnaliser nos produits et services pour les adapter \u00e0 vos besoins.<\/li><\/ul>\n\n\n\n<p>L\u2019association FC Gueugnon s\u2019engage \u00e0 ne pas utiliser vos donn\u00e9es personnelles \u00e0 d\u2019autres fins que celles pr\u00e9vues.<\/p>\n\n\n\n<div style=\"height:10px\" aria-hidden=\"true\" class=\"wp-block-spacer\"><\/div>\n\n\n\n<h3 class=\"wp-block-heading\"><span style=\"color: #bf8f00;\"><strong>DUR\u00c9E DE CONSERVATION DES DONN\u00c9ES<\/strong><\/span><\/h3>\n\n\n\n<p>L\u2019association FC Gueugnon a d\u00e9fini une dur\u00e9e de conservation des donn\u00e9es \u00e0 caract\u00e8re personnel pour chaque traitement dans un registre de ses traitements. La dur\u00e9e de conservation n\u2019exc\u00e8de pas celle n\u00e9cessaire au regard des finalit\u00e9s pour lesquelles les donn\u00e9es sont trait\u00e9es.<\/p>\n\n\n\n<p>La dur\u00e9e de conservation de vos donn\u00e9es est sp\u00e9cifi\u00e9e avec la cat\u00e9gorie de donn\u00e9es et les finalit\u00e9s pour chacun des traitements que l\u2019association FC Gueugnon r\u00e9alise.<\/p>\n\n\n\n<div style=\"height:10px\" aria-hidden=\"true\" class=\"wp-block-spacer\"><\/div>\n\n\n\n<h3 class=\"wp-block-heading\"><span style=\"color: #bf8f00;\"><strong>DESTINATAIRES DE VOS DONN\u00c9ES<\/strong><\/span><\/h3>\n\n\n\n<p>L\u2019association FC Gueugnon poss\u00e8de une gestion stricte des acc\u00e8s \u00e0 vos donn\u00e9es. Ainsi, seul le personnel, dont les fonctions supposent l\u2019utilisation de vos donn\u00e9es, est autoris\u00e9 \u00e0 consulter les donn\u00e9es personnelles que vous nous avez confi\u00e9es.<\/p>\n\n\n\n<p>Dans le cas o\u00f9 l\u2019association FC Gueugnon a fait appel \u00e0 un sous-traitant pour traiter des donn\u00e9es personnelles de supporter pour son compte, l\u2019association FC Gueugnon s\u2019assure que celui-ci pr\u00e9sente des garanties suffisantes quant \u00e0 la mise en \u0153uvre de mesures de s\u00e9curit\u00e9 techniques et organisationnelles appropri\u00e9es de mani\u00e8re \u00e0 ce que le traitement r\u00e9ponde aux exigences du RGPD et garantisse la protection de vos droits.<\/p>\n\n\n\n<div style=\"height:10px\" aria-hidden=\"true\" class=\"wp-block-spacer\"><\/div>\n\n\n\n<h3 class=\"wp-block-heading\"><span style=\"color: #bf8f00;\"><strong>VOS DROITS<\/strong><\/span><\/h3>\n\n\n\n<p>Conform\u00e9ment \u00e0 la loi \u00ab Informatique et Libert\u00e9 \u00bb en vigueur et \u00e0 la r\u00e8glementation Europ\u00e9enne concernant la protection des donn\u00e9es \u00e0 caract\u00e8re personnel, vous disposez des droits suivants : droit d\u2019acc\u00e8s, droit de rectification, droit \u00e0 l\u2019effacement, droit \u00e0 la portabilit\u00e9, droit d\u2019opposition pour motif l\u00e9gitime, droit \u00e0 la limitation du traitement, droit de retirer votre consentement le cas \u00e9ch\u00e9ant, droit de d\u00e9finir des directives relatives au sort de vos donn\u00e9es personnelles en cas de d\u00e9c\u00e8s. Ces demandes s&rsquo;exercent par courrier postal \u00e0 l\u2019attention du :<\/p>\n\n\n\n<p class=\"has-text-align-center\">FC Gueugnon, BP 8 &#8211; Avenue du Stade, Stade Jean-Laville, 71130 GUEUGNON<\/p>\n\n\n\n<p>accompagn\u00e9 d\u2019une copie d\u2019un titre d\u2019identit\u00e9.<\/p>\n\n\n\n<p>Enfin, il est rappel\u00e9 que vous disposez du droit d\u2019introduire une r\u00e9clamation aupr\u00e8s d\u2019une autorit\u00e9 de contr\u00f4le et notamment aupr\u00e8s de la CNIL (<u><a href=\"https:\/\/www.cnil.fr\/fr\/plaintes\">https:\/\/www.cnil.fr\/fr\/plaintes<\/a><\/u>).<\/p>\n\n\n\n<div style=\"height:10px\" aria-hidden=\"true\" class=\"wp-block-spacer\"><\/div>\n\n\n\n<h3 class=\"wp-block-heading\"><span style=\"color: #bf8f00;\"><strong>MESURES DE S\u00c9CURIT\u00c9<\/strong><\/span><\/h3>\n\n\n\n<p>L\u2019association FC Gueugnon a mis en place des mesures de s\u00e9curit\u00e9 afin de prot\u00e9ger au mieux vos donn\u00e9es personnelles contre la destruction accidentelle ou illicite, la perte accidentelle, l\u2019alt\u00e9ration, la diffusion ou l\u2019acc\u00e8s non autoris\u00e9 \u00e0 vos donn\u00e9es.<\/p>\n\n\n\n<div style=\"height:50px\" aria-hidden=\"true\" class=\"wp-block-spacer\"><\/div>\n\n\n\n<h3 class=\"wp-block-heading\"><span style=\"color: #002060;\"><strong>GLOSSAIRE<\/strong><\/span><\/h3>\n\n\n\n<p><strong>\u00ab Anonymisation \u00bb<\/strong> est d\u00e9finie comme \u00ab le r\u00e9sultat du traitement des donn\u00e9es personnelles afin d\u2019emp\u00eacher, de fa\u00e7on irr\u00e9versible, toute identification \u00bb.<\/p>\n\n\n\n<p><strong>\u00ab Collecter \u00bb <\/strong>s\u2019entend du fait de recueillir des donn\u00e9es \u00e0 caract\u00e8re personnel. Cette collecte peut s\u2019effectuer, notamment, \u00e0 l\u2019aide de formulaires en ligne.<\/p>\n\n\n\n<p><strong>\u00ab Consentement \u00bb<\/strong> s\u2019entend de toute manifestation de volont\u00e9, libre, sp\u00e9cifique, \u00e9clair\u00e9e et univoque par laquelle vous acceptez, par une d\u00e9claration ou par un acte positif clair, que des donn\u00e9es \u00e0 caract\u00e8re personnel vous concernant fassent l&rsquo;objet d&rsquo;un traitement.<\/p>\n\n\n\n<p><strong> \u00ab Association FC Gueugnon \u00bb<\/strong>, d\u00e9signe l\u2019Association Football Club de Gueugnon, association d\u00e9clar\u00e9e, dont le si\u00e8ge social est situ\u00e9 Avenue du Stade, Stade Jean-Laville, 71130 GUEUGNON.<\/p>\n\n\n\n<p><strong>\u00ab R\u00e9glementation \u00bb<\/strong> d\u00e9signe pour les besoins du pr\u00e9sent code l\u2019ensemble de la r\u00e9glementation en vigueur applicable au traitement de donn\u00e9es \u00e0 caract\u00e8re personnel et, notamment en particulier le RGPD tel que d\u00e9fini en introduction, la loi 78 17 du 6 janvier 1978 relative \u00e0 l\u2019informatique, aux fichiers et aux libert\u00e9s telle que modifi\u00e9e par la loi n\u00b0 2004-801 du 6 ao\u00fbt 2004 relative \u00e0 la protection des personnes physiques \u00e0 l\u2019\u00e9gard des traitements de donn\u00e9es \u00e0 caract\u00e8re personnel ainsi que la loi n\u00b0 2018-113 du 14 mai 2018 relatif \u00e0 la protection des donn\u00e9es personnelles.<\/p>\n\n\n\n<p><strong>\u00ab Sous-traitant \u00bb<\/strong> d\u00e9signe la personne physique ou morale, l&rsquo;autorit\u00e9 publique, le service ou un autre organisme qui traite des donn\u00e9es \u00e0 caract\u00e8re personnel pour le compte du responsable du traitement.<\/p>\n\n\n\n<div style=\"height:100px\" aria-hidden=\"true\" class=\"wp-block-spacer\"><\/div>\n","protected":false},"excerpt":{"rendered":"<p>ASSOCIATION FC GUEUGNON LES ENGAGEMENTS DE L\u2019ASSOCIATION FC GUEUGNON D\u00e9sireux de prot\u00e9ger la vie priv\u00e9e de ses supporters, l\u2019association FC Gueugnon a engag\u00e9 des actions pour se mettre en conformit\u00e9 au R\u00e8glement G\u00e9n\u00e9ral sur la Protection des Donn\u00e9es (RGPD), entr\u00e9 en vigueur au 25 mai 2018 et \u00e0 la R\u00e9glementation. Ce document d\u00e9crit les dispositions &#8230; <\/p>\n<p class=\"read-more-container\"><a title=\"Charte de protection de vos donn\u00e9es personnelles\" class=\"read-more button\" href=\"https:\/\/www.fcgueugnon.fr\/site\/charte-de-protection-de-vos-donnees-personnelles#more-17\" aria-label=\"Plus sur Charte de protection de vos donn\u00e9es personnelles\">Lire la suite<\/a><\/p>\n","protected":false},"author":1,"featured_media":0,"parent":0,"menu_order":0,"comment_status":"closed","ping_status":"closed","template":"","meta":{"footnotes":""},"class_list":{"0":"post-17","1":"page","2":"type-page","3":"status-publish","5":"infinite-scroll-item"},"yoast_head":"<!-- This site is optimized with the Yoast SEO plugin v26.6 - https:\/\/yoast.com\/wordpress\/plugins\/seo\/ -->\n<title>Charte de protection de vos donn\u00e9es personnelles &#8226; FOOTBALL CLUB GUEUGNON<\/title>\n<meta name=\"robots\" content=\"index, follow, max-snippet:-1, max-image-preview:large, max-video-preview:-1\" \/>\n<link rel=\"canonical\" href=\"https:\/\/www.fcgueugnon.fr\/site\/charte-de-protection-de-vos-donnees-personnelles\" \/>\n<meta property=\"og:locale\" content=\"fr_FR\" \/>\n<meta property=\"og:type\" content=\"article\" \/>\n<meta property=\"og:title\" content=\"Charte de protection de vos donn\u00e9es personnelles &#8226; FOOTBALL CLUB GUEUGNON\" \/>\n<meta property=\"og:description\" content=\"ASSOCIATION FC GUEUGNON LES ENGAGEMENTS DE L\u2019ASSOCIATION FC GUEUGNON D\u00e9sireux de prot\u00e9ger la vie priv\u00e9e de ses supporters, l\u2019association FC Gueugnon a engag\u00e9 des actions pour se mettre en conformit\u00e9 au R\u00e8glement G\u00e9n\u00e9ral sur la Protection des Donn\u00e9es (RGPD), entr\u00e9 en vigueur au 25 mai 2018 et \u00e0 la R\u00e9glementation. Ce document d\u00e9crit les dispositions ... Lire la suite\" \/>\n<meta property=\"og:url\" content=\"https:\/\/www.fcgueugnon.fr\/site\/charte-de-protection-de-vos-donnees-personnelles\" \/>\n<meta property=\"og:site_name\" content=\"FOOTBALL CLUB GUEUGNON\" \/>\n<meta property=\"article:publisher\" content=\"http:\/\/facebook.com\/FCGueugnon\" \/>\n<meta property=\"article:modified_time\" content=\"2022-07-20T21:58:18+00:00\" \/>\n<meta property=\"og:image\" content=\"https:\/\/www.fcgueugnon.fr\/site\/wp-content\/uploads\/2022\/07\/cropped-cropped-Logo-FCGUEUGNON-low-350x350-1.png\" \/>\n\t<meta property=\"og:image:width\" content=\"512\" \/>\n\t<meta property=\"og:image:height\" content=\"512\" \/>\n\t<meta property=\"og:image:type\" content=\"image\/png\" \/>\n<meta name=\"twitter:card\" content=\"summary_large_image\" \/>\n<meta name=\"twitter:site\" content=\"@FCGueugnon_off\" \/>\n<meta name=\"twitter:label1\" content=\"Dur\u00e9e de lecture estim\u00e9e\" \/>\n\t<meta name=\"twitter:data1\" content=\"5 minutes\" \/>\n<script type=\"application\/ld+json\" class=\"yoast-schema-graph\">{\"@context\":\"https:\/\/schema.org\",\"@graph\":[{\"@type\":\"WebPage\",\"@id\":\"https:\/\/www.fcgueugnon.fr\/site\/charte-de-protection-de-vos-donnees-personnelles\",\"url\":\"https:\/\/www.fcgueugnon.fr\/site\/charte-de-protection-de-vos-donnees-personnelles\",\"name\":\"Charte de protection de vos donn\u00e9es personnelles &#8226; FOOTBALL CLUB GUEUGNON\",\"isPartOf\":{\"@id\":\"https:\/\/www.fcgueugnon.fr\/site\/#website\"},\"datePublished\":\"2022-07-17T13:01:37+00:00\",\"dateModified\":\"2022-07-20T21:58:18+00:00\",\"breadcrumb\":{\"@id\":\"https:\/\/www.fcgueugnon.fr\/site\/charte-de-protection-de-vos-donnees-personnelles#breadcrumb\"},\"inLanguage\":\"fr-FR\",\"potentialAction\":[{\"@type\":\"ReadAction\",\"target\":[\"https:\/\/www.fcgueugnon.fr\/site\/charte-de-protection-de-vos-donnees-personnelles\"]}]},{\"@type\":\"BreadcrumbList\",\"@id\":\"https:\/\/www.fcgueugnon.fr\/site\/charte-de-protection-de-vos-donnees-personnelles#breadcrumb\",\"itemListElement\":[{\"@type\":\"ListItem\",\"position\":1,\"name\":\"Accueil\",\"item\":\"https:\/\/www.fcgueugnon.fr\/site\/\"},{\"@type\":\"ListItem\",\"position\":2,\"name\":\"Charte de protection de vos donn\u00e9es personnelles\"}]},{\"@type\":\"WebSite\",\"@id\":\"https:\/\/www.fcgueugnon.fr\/site\/#website\",\"url\":\"https:\/\/www.fcgueugnon.fr\/site\/\",\"name\":\"FOOTBALL CLUB GUEUGNON\",\"description\":\"Le Site Officiel des Forgerons\",\"publisher\":{\"@id\":\"https:\/\/www.fcgueugnon.fr\/site\/#organization\"},\"potentialAction\":[{\"@type\":\"SearchAction\",\"target\":{\"@type\":\"EntryPoint\",\"urlTemplate\":\"https:\/\/www.fcgueugnon.fr\/site\/?s={search_term_string}\"},\"query-input\":{\"@type\":\"PropertyValueSpecification\",\"valueRequired\":true,\"valueName\":\"search_term_string\"}}],\"inLanguage\":\"fr-FR\"},{\"@type\":\"Organization\",\"@id\":\"https:\/\/www.fcgueugnon.fr\/site\/#organization\",\"name\":\"FC Gueugnon\",\"url\":\"https:\/\/www.fcgueugnon.fr\/site\/\",\"logo\":{\"@type\":\"ImageObject\",\"inLanguage\":\"fr-FR\",\"@id\":\"https:\/\/www.fcgueugnon.fr\/site\/#\/schema\/logo\/image\/\",\"url\":\"https:\/\/www.fcgueugnon.fr\/site\/wp-content\/uploads\/2022\/07\/cropped-Logo-FCGUEUGNON-low-350x350-1.png\",\"contentUrl\":\"https:\/\/www.fcgueugnon.fr\/site\/wp-content\/uploads\/2022\/07\/cropped-Logo-FCGUEUGNON-low-350x350-1.png\",\"width\":350,\"height\":350,\"caption\":\"FC Gueugnon\"},\"image\":{\"@id\":\"https:\/\/www.fcgueugnon.fr\/site\/#\/schema\/logo\/image\/\"},\"sameAs\":[\"http:\/\/facebook.com\/FCGueugnon\",\"https:\/\/x.com\/FCGueugnon_off\",\"https:\/\/www.instagram.com\/fcgueugnon\/\",\"https:\/\/www.linkedin.com\/company\/football-club-de-gueugnon\/\",\"https:\/\/www.youtube.com\/user\/FCGueugnonnais\",\"https:\/\/fr.wikipedia.org\/wiki\/Football_Club_de_Gueugnon\"]}]}<\/script>\n<!-- \/ Yoast SEO plugin. -->","yoast_head_json":{"title":"Charte de protection de vos donn\u00e9es personnelles &#8226; FOOTBALL CLUB GUEUGNON","robots":{"index":"index","follow":"follow","max-snippet":"max-snippet:-1","max-image-preview":"max-image-preview:large","max-video-preview":"max-video-preview:-1"},"canonical":"https:\/\/www.fcgueugnon.fr\/site\/charte-de-protection-de-vos-donnees-personnelles","og_locale":"fr_FR","og_type":"article","og_title":"Charte de protection de vos donn\u00e9es personnelles &#8226; FOOTBALL CLUB GUEUGNON","og_description":"ASSOCIATION FC GUEUGNON LES ENGAGEMENTS DE L\u2019ASSOCIATION FC GUEUGNON D\u00e9sireux de prot\u00e9ger la vie priv\u00e9e de ses supporters, l\u2019association FC Gueugnon a engag\u00e9 des actions pour se mettre en conformit\u00e9 au R\u00e8glement G\u00e9n\u00e9ral sur la Protection des Donn\u00e9es (RGPD), entr\u00e9 en vigueur au 25 mai 2018 et \u00e0 la R\u00e9glementation. Ce document d\u00e9crit les dispositions ... Lire la suite","og_url":"https:\/\/www.fcgueugnon.fr\/site\/charte-de-protection-de-vos-donnees-personnelles","og_site_name":"FOOTBALL CLUB GUEUGNON","article_publisher":"http:\/\/facebook.com\/FCGueugnon","article_modified_time":"2022-07-20T21:58:18+00:00","og_image":[{"width":512,"height":512,"url":"https:\/\/www.fcgueugnon.fr\/site\/wp-content\/uploads\/2022\/07\/cropped-cropped-Logo-FCGUEUGNON-low-350x350-1.png","type":"image\/png"}],"twitter_card":"summary_large_image","twitter_site":"@FCGueugnon_off","twitter_misc":{"Dur\u00e9e de lecture estim\u00e9e":"5 minutes"},"schema":{"@context":"https:\/\/schema.org","@graph":[{"@type":"WebPage","@id":"https:\/\/www.fcgueugnon.fr\/site\/charte-de-protection-de-vos-donnees-personnelles","url":"https:\/\/www.fcgueugnon.fr\/site\/charte-de-protection-de-vos-donnees-personnelles","name":"Charte de protection de vos donn\u00e9es personnelles &#8226; FOOTBALL CLUB GUEUGNON","isPartOf":{"@id":"https:\/\/www.fcgueugnon.fr\/site\/#website"},"datePublished":"2022-07-17T13:01:37+00:00","dateModified":"2022-07-20T21:58:18+00:00","breadcrumb":{"@id":"https:\/\/www.fcgueugnon.fr\/site\/charte-de-protection-de-vos-donnees-personnelles#breadcrumb"},"inLanguage":"fr-FR","potentialAction":[{"@type":"ReadAction","target":["https:\/\/www.fcgueugnon.fr\/site\/charte-de-protection-de-vos-donnees-personnelles"]}]},{"@type":"BreadcrumbList","@id":"https:\/\/www.fcgueugnon.fr\/site\/charte-de-protection-de-vos-donnees-personnelles#breadcrumb","itemListElement":[{"@type":"ListItem","position":1,"name":"Accueil","item":"https:\/\/www.fcgueugnon.fr\/site\/"},{"@type":"ListItem","position":2,"name":"Charte de protection de vos donn\u00e9es personnelles"}]},{"@type":"WebSite","@id":"https:\/\/www.fcgueugnon.fr\/site\/#website","url":"https:\/\/www.fcgueugnon.fr\/site\/","name":"FOOTBALL CLUB GUEUGNON","description":"Le Site Officiel des Forgerons","publisher":{"@id":"https:\/\/www.fcgueugnon.fr\/site\/#organization"},"potentialAction":[{"@type":"SearchAction","target":{"@type":"EntryPoint","urlTemplate":"https:\/\/www.fcgueugnon.fr\/site\/?s={search_term_string}"},"query-input":{"@type":"PropertyValueSpecification","valueRequired":true,"valueName":"search_term_string"}}],"inLanguage":"fr-FR"},{"@type":"Organization","@id":"https:\/\/www.fcgueugnon.fr\/site\/#organization","name":"FC Gueugnon","url":"https:\/\/www.fcgueugnon.fr\/site\/","logo":{"@type":"ImageObject","inLanguage":"fr-FR","@id":"https:\/\/www.fcgueugnon.fr\/site\/#\/schema\/logo\/image\/","url":"https:\/\/www.fcgueugnon.fr\/site\/wp-content\/uploads\/2022\/07\/cropped-Logo-FCGUEUGNON-low-350x350-1.png","contentUrl":"https:\/\/www.fcgueugnon.fr\/site\/wp-content\/uploads\/2022\/07\/cropped-Logo-FCGUEUGNON-low-350x350-1.png","width":350,"height":350,"caption":"FC Gueugnon"},"image":{"@id":"https:\/\/www.fcgueugnon.fr\/site\/#\/schema\/logo\/image\/"},"sameAs":["http:\/\/facebook.com\/FCGueugnon","https:\/\/x.com\/FCGueugnon_off","https:\/\/www.instagram.com\/fcgueugnon\/","https:\/\/www.linkedin.com\/company\/football-club-de-gueugnon\/","https:\/\/www.youtube.com\/user\/FCGueugnonnais","https:\/\/fr.wikipedia.org\/wiki\/Football_Club_de_Gueugnon"]}]}},"rttpg_featured_image_url":null,"rttpg_author":{"display_name":"FC Gueugnon","author_link":"https:\/\/www.fcgueugnon.fr\/site\/author\/admin-antho"},"rttpg_comment":0,"rttpg_category":null,"rttpg_excerpt":"ASSOCIATION FC GUEUGNON LES ENGAGEMENTS DE L\u2019ASSOCIATION FC GUEUGNON D\u00e9sireux de prot\u00e9ger la vie priv\u00e9e de ses supporters, l\u2019association FC Gueugnon a engag\u00e9 des actions pour se mettre en conformit\u00e9 au R\u00e8glement G\u00e9n\u00e9ral sur la Protection des Donn\u00e9es (RGPD), entr\u00e9 en vigueur au 25 mai 2018 et \u00e0 la R\u00e9glementation. Ce document d\u00e9crit les dispositions\u2026","_links":{"self":[{"href":"https:\/\/www.fcgueugnon.fr\/site\/wp-json\/wp\/v2\/pages\/17","targetHints":{"allow":["GET"]}}],"collection":[{"href":"https:\/\/www.fcgueugnon.fr\/site\/wp-json\/wp\/v2\/pages"}],"about":[{"href":"https:\/\/www.fcgueugnon.fr\/site\/wp-json\/wp\/v2\/types\/page"}],"author":[{"embeddable":true,"href":"https:\/\/www.fcgueugnon.fr\/site\/wp-json\/wp\/v2\/users\/1"}],"replies":[{"embeddable":true,"href":"https:\/\/www.fcgueugnon.fr\/site\/wp-json\/wp\/v2\/comments?post=17"}],"version-history":[{"count":2,"href":"https:\/\/www.fcgueugnon.fr\/site\/wp-json\/wp\/v2\/pages\/17\/revisions"}],"predecessor-version":[{"id":101,"href":"https:\/\/www.fcgueugnon.fr\/site\/wp-json\/wp\/v2\/pages\/17\/revisions\/101"}],"wp:attachment":[{"href":"https:\/\/www.fcgueugnon.fr\/site\/wp-json\/wp\/v2\/media?parent=17"}],"curies":[{"name":"wp","href":"https:\/\/api.w.org\/{rel}","templated":true}]}}