{"id":169,"date":"2022-07-21T23:32:33","date_gmt":"2022-07-21T21:32:33","guid":{"rendered":"https:\/\/www.fcgueugnon.fr\/site\/?page_id=169"},"modified":"2022-08-09T23:51:26","modified_gmt":"2022-08-09T21:51:26","slug":"sections-sportives-du-fc-gueugnon","status":"publish","type":"page","link":"https:\/\/www.fcgueugnon.fr\/site\/sections-sportives-du-fc-gueugnon","title":{"rendered":"Sections Sportives du FC Gueugnon"},"content":{"rendered":"\n<div style=\"height:10px\" aria-hidden=\"true\" class=\"wp-block-spacer\"><\/div>\n\n\n\n<h3 class=\"wp-block-heading\">Si la formation fait partie de l&rsquo;ADN du club, le FCG a toujours d\u00e9sir\u00e9 valoriser et proposer une offre de formation de qualit\u00e9 ainsi qu&rsquo;un environnement id\u00e9al pour les jeunes footballeuses et footballeurs.<\/h3>\n\n\n\n<p>Retrouvez notre offre de formation au sein des 3 structures suivantes :<\/p>\n\n\n\n<div class=\"wp-block-columns is-layout-flex wp-container-core-columns-is-layout-9d6595d7 wp-block-columns-is-layout-flex\">\n<div class=\"wp-block-column is-layout-flow wp-block-column-is-layout-flow\">\n<div class=\"wp-block-getwid-banner has-animation-style2 has-text-animation-opacity\"><a href=\"https:\/\/www.fcgueugnon.fr\/site\/college-jorge-semprun-gueugnon\" class=\"wp-block-getwid-banner__link\"><div class=\"wp-block-getwid-banner__wrapper\"><img loading=\"lazy\" decoding=\"async\" width=\"1024\" height=\"768\" src=\"https:\/\/www.fcgueugnon.fr\/site\/wp-content\/uploads\/2022\/07\/college-jorge-semrpun-Gueugnon-section-sportive.jpg\" alt=\"\" class=\"wp-block-getwid-banner__image wp-block-getwid-banner__source wp-image-170\" srcset=\"https:\/\/www.fcgueugnon.fr\/site\/wp-content\/uploads\/2022\/07\/college-jorge-semrpun-Gueugnon-section-sportive.jpg 1024w, https:\/\/www.fcgueugnon.fr\/site\/wp-content\/uploads\/2022\/07\/college-jorge-semrpun-Gueugnon-section-sportive-400x300.jpg 400w, https:\/\/www.fcgueugnon.fr\/site\/wp-content\/uploads\/2022\/07\/college-jorge-semrpun-Gueugnon-section-sportive-768x576.jpg 768w\" sizes=\"auto, (max-width: 1024px) 100vw, 1024px\" \/><div class=\"wp-block-getwid-banner__caption has-text-color\" style=\"color:#ffffff;min-height:400px\"><div class=\"wp-block-getwid-banner__caption-wrapper\"><span class=\"wp-block-getwid-banner__title\">Coll\u00e8ge <br>Jorge Semprun (Gueugnon)<\/span><\/div><\/div><\/div><\/a><\/div>\n<\/div>\n\n\n\n<div class=\"wp-block-column is-layout-flow wp-block-column-is-layout-flow\">\n<div class=\"wp-block-getwid-banner has-animation-style2 has-text-animation-opacity\"><a href=\"https:\/\/www.fcgueugnon.fr\/site\/lycee-camille-claudel-digoin\" class=\"wp-block-getwid-banner__link\"><div class=\"wp-block-getwid-banner__wrapper\"><img loading=\"lazy\" decoding=\"async\" width=\"400\" height=\"239\" src=\"https:\/\/www.fcgueugnon.fr\/site\/wp-content\/uploads\/2022\/07\/lycee-camille-claudel-Digoin-section-sportive.jpg\" alt=\"\" class=\"wp-block-getwid-banner__image wp-block-getwid-banner__source wp-image-171\"\/><div class=\"wp-block-getwid-banner__caption has-text-color\" style=\"color:#ffffff;min-height:400px\"><div class=\"wp-block-getwid-banner__caption-wrapper\"><span class=\"wp-block-getwid-banner__title\">Lyc\u00e9e <br>Camille Claudel (Digoin)<\/span><\/div><\/div><\/div><\/a><\/div>\n<\/div>\n\n\n\n<div class=\"wp-block-column is-layout-flow wp-block-column-is-layout-flow\">\n<div class=\"wp-block-getwid-banner has-animation-style2 has-text-animation-opacity\"><a href=\"https:\/\/www.fcgueugnon.fr\/site\/gueugnon-sport-formation\" class=\"wp-block-getwid-banner__link\"><div class=\"wp-block-getwid-banner__wrapper\"><img loading=\"lazy\" decoding=\"async\" width=\"1428\" height=\"1428\" src=\"https:\/\/www.fcgueugnon.fr\/site\/wp-content\/uploads\/2022\/07\/Formapi-Gueugnon-Sport-Formation-1.png\" alt=\"\" class=\"wp-block-getwid-banner__image wp-block-getwid-banner__source wp-image-173\" srcset=\"https:\/\/www.fcgueugnon.fr\/site\/wp-content\/uploads\/2022\/07\/Formapi-Gueugnon-Sport-Formation-1.png 1428w, https:\/\/www.fcgueugnon.fr\/site\/wp-content\/uploads\/2022\/07\/Formapi-Gueugnon-Sport-Formation-1-400x400.png 400w, https:\/\/www.fcgueugnon.fr\/site\/wp-content\/uploads\/2022\/07\/Formapi-Gueugnon-Sport-Formation-1-1024x1024.png 1024w, https:\/\/www.fcgueugnon.fr\/site\/wp-content\/uploads\/2022\/07\/Formapi-Gueugnon-Sport-Formation-1-150x150.png 150w, https:\/\/www.fcgueugnon.fr\/site\/wp-content\/uploads\/2022\/07\/Formapi-Gueugnon-Sport-Formation-1-768x768.png 768w\" sizes=\"auto, (max-width: 1428px) 100vw, 1428px\" \/><div class=\"wp-block-getwid-banner__caption has-text-color\" style=\"color:#ffffff;min-height:400px\"><div class=\"wp-block-getwid-banner__caption-wrapper\"><span class=\"wp-block-getwid-banner__title\"><br><strong>Gueugnon Sport Formation<\/strong><\/span><\/div><\/div><\/div><\/a><\/div>\n<\/div>\n<\/div>\n\n\n\n<p><\/p>\n","protected":false},"excerpt":{"rendered":"<p>Si la formation fait partie de l&rsquo;ADN du club, le FCG a toujours d\u00e9sir\u00e9 valoriser et proposer une offre de formation de qualit\u00e9 ainsi qu&rsquo;un environnement id\u00e9al pour les jeunes footballeuses et footballeurs. Retrouvez notre offre de formation au sein des 3 structures suivantes :<\/p>\n","protected":false},"author":1,"featured_media":0,"parent":0,"menu_order":0,"comment_status":"closed","ping_status":"closed","template":"","meta":{"footnotes":""},"class_list":{"0":"post-169","1":"page","2":"type-page","3":"status-publish","5":"infinite-scroll-item"},"yoast_head":"<!-- This site is optimized with the Yoast SEO plugin v26.6 - https:\/\/yoast.com\/wordpress\/plugins\/seo\/ -->\n<title>Sections Sportives du FC Gueugnon &#8226; FOOTBALL CLUB GUEUGNON<\/title>\n<meta name=\"robots\" content=\"index, follow, max-snippet:-1, max-image-preview:large, max-video-preview:-1\" \/>\n<link rel=\"canonical\" href=\"https:\/\/www.fcgueugnon.fr\/site\/sections-sportives-du-fc-gueugnon\" \/>\n<meta property=\"og:locale\" content=\"fr_FR\" \/>\n<meta property=\"og:type\" content=\"article\" \/>\n<meta property=\"og:title\" content=\"Sections Sportives du FC Gueugnon &#8226; FOOTBALL CLUB GUEUGNON\" \/>\n<meta property=\"og:description\" content=\"Si la formation fait partie de l&rsquo;ADN du club, le FCG a toujours d\u00e9sir\u00e9 valoriser et proposer une offre de formation de qualit\u00e9 ainsi qu&rsquo;un environnement id\u00e9al pour les jeunes footballeuses et footballeurs. Retrouvez notre offre de formation au sein des 3 structures suivantes :\" \/>\n<meta property=\"og:url\" content=\"https:\/\/www.fcgueugnon.fr\/site\/sections-sportives-du-fc-gueugnon\" \/>\n<meta property=\"og:site_name\" content=\"FOOTBALL CLUB GUEUGNON\" \/>\n<meta property=\"article:publisher\" content=\"http:\/\/facebook.com\/FCGueugnon\" \/>\n<meta property=\"article:modified_time\" content=\"2022-08-09T21:51:26+00:00\" \/>\n<meta property=\"og:image\" content=\"https:\/\/www.fcgueugnon.fr\/site\/wp-content\/uploads\/2022\/07\/college-jorge-semrpun-Gueugnon-section-sportive.jpg\" \/>\n<meta name=\"twitter:card\" content=\"summary_large_image\" \/>\n<meta name=\"twitter:site\" content=\"@FCGueugnon_off\" \/>\n<meta name=\"twitter:label1\" content=\"Dur\u00e9e de lecture estim\u00e9e\" \/>\n\t<meta name=\"twitter:data1\" content=\"1 minute\" \/>\n<script type=\"application\/ld+json\" class=\"yoast-schema-graph\">{\"@context\":\"https:\/\/schema.org\",\"@graph\":[{\"@type\":\"WebPage\",\"@id\":\"https:\/\/www.fcgueugnon.fr\/site\/sections-sportives-du-fc-gueugnon\",\"url\":\"https:\/\/www.fcgueugnon.fr\/site\/sections-sportives-du-fc-gueugnon\",\"name\":\"Sections Sportives du FC Gueugnon &#8226; FOOTBALL CLUB GUEUGNON\",\"isPartOf\":{\"@id\":\"https:\/\/www.fcgueugnon.fr\/site\/#website\"},\"primaryImageOfPage\":{\"@id\":\"https:\/\/www.fcgueugnon.fr\/site\/sections-sportives-du-fc-gueugnon#primaryimage\"},\"image\":{\"@id\":\"https:\/\/www.fcgueugnon.fr\/site\/sections-sportives-du-fc-gueugnon#primaryimage\"},\"thumbnailUrl\":\"https:\/\/www.fcgueugnon.fr\/site\/wp-content\/uploads\/2022\/07\/college-jorge-semrpun-Gueugnon-section-sportive.jpg\",\"datePublished\":\"2022-07-21T21:32:33+00:00\",\"dateModified\":\"2022-08-09T21:51:26+00:00\",\"breadcrumb\":{\"@id\":\"https:\/\/www.fcgueugnon.fr\/site\/sections-sportives-du-fc-gueugnon#breadcrumb\"},\"inLanguage\":\"fr-FR\",\"potentialAction\":[{\"@type\":\"ReadAction\",\"target\":[\"https:\/\/www.fcgueugnon.fr\/site\/sections-sportives-du-fc-gueugnon\"]}]},{\"@type\":\"ImageObject\",\"inLanguage\":\"fr-FR\",\"@id\":\"https:\/\/www.fcgueugnon.fr\/site\/sections-sportives-du-fc-gueugnon#primaryimage\",\"url\":\"https:\/\/www.fcgueugnon.fr\/site\/wp-content\/uploads\/2022\/07\/college-jorge-semrpun-Gueugnon-section-sportive.jpg\",\"contentUrl\":\"https:\/\/www.fcgueugnon.fr\/site\/wp-content\/uploads\/2022\/07\/college-jorge-semrpun-Gueugnon-section-sportive.jpg\",\"width\":1024,\"height\":768},{\"@type\":\"BreadcrumbList\",\"@id\":\"https:\/\/www.fcgueugnon.fr\/site\/sections-sportives-du-fc-gueugnon#breadcrumb\",\"itemListElement\":[{\"@type\":\"ListItem\",\"position\":1,\"name\":\"Accueil\",\"item\":\"https:\/\/www.fcgueugnon.fr\/site\/\"},{\"@type\":\"ListItem\",\"position\":2,\"name\":\"Sections Sportives du FC Gueugnon\"}]},{\"@type\":\"WebSite\",\"@id\":\"https:\/\/www.fcgueugnon.fr\/site\/#website\",\"url\":\"https:\/\/www.fcgueugnon.fr\/site\/\",\"name\":\"FOOTBALL CLUB GUEUGNON\",\"description\":\"Le Site Officiel des Forgerons\",\"publisher\":{\"@id\":\"https:\/\/www.fcgueugnon.fr\/site\/#organization\"},\"potentialAction\":[{\"@type\":\"SearchAction\",\"target\":{\"@type\":\"EntryPoint\",\"urlTemplate\":\"https:\/\/www.fcgueugnon.fr\/site\/?s={search_term_string}\"},\"query-input\":{\"@type\":\"PropertyValueSpecification\",\"valueRequired\":true,\"valueName\":\"search_term_string\"}}],\"inLanguage\":\"fr-FR\"},{\"@type\":\"Organization\",\"@id\":\"https:\/\/www.fcgueugnon.fr\/site\/#organization\",\"name\":\"FC Gueugnon\",\"url\":\"https:\/\/www.fcgueugnon.fr\/site\/\",\"logo\":{\"@type\":\"ImageObject\",\"inLanguage\":\"fr-FR\",\"@id\":\"https:\/\/www.fcgueugnon.fr\/site\/#\/schema\/logo\/image\/\",\"url\":\"https:\/\/www.fcgueugnon.fr\/site\/wp-content\/uploads\/2022\/07\/cropped-Logo-FCGUEUGNON-low-350x350-1.png\",\"contentUrl\":\"https:\/\/www.fcgueugnon.fr\/site\/wp-content\/uploads\/2022\/07\/cropped-Logo-FCGUEUGNON-low-350x350-1.png\",\"width\":350,\"height\":350,\"caption\":\"FC Gueugnon\"},\"image\":{\"@id\":\"https:\/\/www.fcgueugnon.fr\/site\/#\/schema\/logo\/image\/\"},\"sameAs\":[\"http:\/\/facebook.com\/FCGueugnon\",\"https:\/\/x.com\/FCGueugnon_off\",\"https:\/\/www.instagram.com\/fcgueugnon\/\",\"https:\/\/www.linkedin.com\/company\/football-club-de-gueugnon\/\",\"https:\/\/www.youtube.com\/user\/FCGueugnonnais\",\"https:\/\/fr.wikipedia.org\/wiki\/Football_Club_de_Gueugnon\"]}]}<\/script>\n<!-- \/ Yoast SEO plugin. -->","yoast_head_json":{"title":"Sections Sportives du FC Gueugnon &#8226; FOOTBALL CLUB GUEUGNON","robots":{"index":"index","follow":"follow","max-snippet":"max-snippet:-1","max-image-preview":"max-image-preview:large","max-video-preview":"max-video-preview:-1"},"canonical":"https:\/\/www.fcgueugnon.fr\/site\/sections-sportives-du-fc-gueugnon","og_locale":"fr_FR","og_type":"article","og_title":"Sections Sportives du FC Gueugnon &#8226; FOOTBALL CLUB GUEUGNON","og_description":"Si la formation fait partie de l&rsquo;ADN du club, le FCG a toujours d\u00e9sir\u00e9 valoriser et proposer une offre de formation de qualit\u00e9 ainsi qu&rsquo;un environnement id\u00e9al pour les jeunes footballeuses et footballeurs. Retrouvez notre offre de formation au sein des 3 structures suivantes :","og_url":"https:\/\/www.fcgueugnon.fr\/site\/sections-sportives-du-fc-gueugnon","og_site_name":"FOOTBALL CLUB GUEUGNON","article_publisher":"http:\/\/facebook.com\/FCGueugnon","article_modified_time":"2022-08-09T21:51:26+00:00","og_image":[{"url":"https:\/\/www.fcgueugnon.fr\/site\/wp-content\/uploads\/2022\/07\/college-jorge-semrpun-Gueugnon-section-sportive.jpg","type":"","width":"","height":""}],"twitter_card":"summary_large_image","twitter_site":"@FCGueugnon_off","twitter_misc":{"Dur\u00e9e de lecture estim\u00e9e":"1 minute"},"schema":{"@context":"https:\/\/schema.org","@graph":[{"@type":"WebPage","@id":"https:\/\/www.fcgueugnon.fr\/site\/sections-sportives-du-fc-gueugnon","url":"https:\/\/www.fcgueugnon.fr\/site\/sections-sportives-du-fc-gueugnon","name":"Sections Sportives du FC Gueugnon &#8226; FOOTBALL CLUB GUEUGNON","isPartOf":{"@id":"https:\/\/www.fcgueugnon.fr\/site\/#website"},"primaryImageOfPage":{"@id":"https:\/\/www.fcgueugnon.fr\/site\/sections-sportives-du-fc-gueugnon#primaryimage"},"image":{"@id":"https:\/\/www.fcgueugnon.fr\/site\/sections-sportives-du-fc-gueugnon#primaryimage"},"thumbnailUrl":"https:\/\/www.fcgueugnon.fr\/site\/wp-content\/uploads\/2022\/07\/college-jorge-semrpun-Gueugnon-section-sportive.jpg","datePublished":"2022-07-21T21:32:33+00:00","dateModified":"2022-08-09T21:51:26+00:00","breadcrumb":{"@id":"https:\/\/www.fcgueugnon.fr\/site\/sections-sportives-du-fc-gueugnon#breadcrumb"},"inLanguage":"fr-FR","potentialAction":[{"@type":"ReadAction","target":["https:\/\/www.fcgueugnon.fr\/site\/sections-sportives-du-fc-gueugnon"]}]},{"@type":"ImageObject","inLanguage":"fr-FR","@id":"https:\/\/www.fcgueugnon.fr\/site\/sections-sportives-du-fc-gueugnon#primaryimage","url":"https:\/\/www.fcgueugnon.fr\/site\/wp-content\/uploads\/2022\/07\/college-jorge-semrpun-Gueugnon-section-sportive.jpg","contentUrl":"https:\/\/www.fcgueugnon.fr\/site\/wp-content\/uploads\/2022\/07\/college-jorge-semrpun-Gueugnon-section-sportive.jpg","width":1024,"height":768},{"@type":"BreadcrumbList","@id":"https:\/\/www.fcgueugnon.fr\/site\/sections-sportives-du-fc-gueugnon#breadcrumb","itemListElement":[{"@type":"ListItem","position":1,"name":"Accueil","item":"https:\/\/www.fcgueugnon.fr\/site\/"},{"@type":"ListItem","position":2,"name":"Sections Sportives du FC Gueugnon"}]},{"@type":"WebSite","@id":"https:\/\/www.fcgueugnon.fr\/site\/#website","url":"https:\/\/www.fcgueugnon.fr\/site\/","name":"FOOTBALL CLUB GUEUGNON","description":"Le Site Officiel des Forgerons","publisher":{"@id":"https:\/\/www.fcgueugnon.fr\/site\/#organization"},"potentialAction":[{"@type":"SearchAction","target":{"@type":"EntryPoint","urlTemplate":"https:\/\/www.fcgueugnon.fr\/site\/?s={search_term_string}"},"query-input":{"@type":"PropertyValueSpecification","valueRequired":true,"valueName":"search_term_string"}}],"inLanguage":"fr-FR"},{"@type":"Organization","@id":"https:\/\/www.fcgueugnon.fr\/site\/#organization","name":"FC Gueugnon","url":"https:\/\/www.fcgueugnon.fr\/site\/","logo":{"@type":"ImageObject","inLanguage":"fr-FR","@id":"https:\/\/www.fcgueugnon.fr\/site\/#\/schema\/logo\/image\/","url":"https:\/\/www.fcgueugnon.fr\/site\/wp-content\/uploads\/2022\/07\/cropped-Logo-FCGUEUGNON-low-350x350-1.png","contentUrl":"https:\/\/www.fcgueugnon.fr\/site\/wp-content\/uploads\/2022\/07\/cropped-Logo-FCGUEUGNON-low-350x350-1.png","width":350,"height":350,"caption":"FC Gueugnon"},"image":{"@id":"https:\/\/www.fcgueugnon.fr\/site\/#\/schema\/logo\/image\/"},"sameAs":["http:\/\/facebook.com\/FCGueugnon","https:\/\/x.com\/FCGueugnon_off","https:\/\/www.instagram.com\/fcgueugnon\/","https:\/\/www.linkedin.com\/company\/football-club-de-gueugnon\/","https:\/\/www.youtube.com\/user\/FCGueugnonnais","https:\/\/fr.wikipedia.org\/wiki\/Football_Club_de_Gueugnon"]}]}},"rttpg_featured_image_url":null,"rttpg_author":{"display_name":"FC Gueugnon","author_link":"https:\/\/www.fcgueugnon.fr\/site\/author\/admin-antho"},"rttpg_comment":0,"rttpg_category":null,"rttpg_excerpt":"Si la formation fait partie de l&rsquo;ADN du club, le FCG a toujours d\u00e9sir\u00e9 valoriser et proposer une offre de formation de qualit\u00e9 ainsi qu&rsquo;un environnement id\u00e9al pour les jeunes footballeuses et footballeurs. Retrouvez notre offre de formation au sein des 3 structures suivantes :","_links":{"self":[{"href":"https:\/\/www.fcgueugnon.fr\/site\/wp-json\/wp\/v2\/pages\/169","targetHints":{"allow":["GET"]}}],"collection":[{"href":"https:\/\/www.fcgueugnon.fr\/site\/wp-json\/wp\/v2\/pages"}],"about":[{"href":"https:\/\/www.fcgueugnon.fr\/site\/wp-json\/wp\/v2\/types\/page"}],"author":[{"embeddable":true,"href":"https:\/\/www.fcgueugnon.fr\/site\/wp-json\/wp\/v2\/users\/1"}],"replies":[{"embeddable":true,"href":"https:\/\/www.fcgueugnon.fr\/site\/wp-json\/wp\/v2\/comments?post=169"}],"version-history":[{"count":3,"href":"https:\/\/www.fcgueugnon.fr\/site\/wp-json\/wp\/v2\/pages\/169\/revisions"}],"predecessor-version":[{"id":285,"href":"https:\/\/www.fcgueugnon.fr\/site\/wp-json\/wp\/v2\/pages\/169\/revisions\/285"}],"wp:attachment":[{"href":"https:\/\/www.fcgueugnon.fr\/site\/wp-json\/wp\/v2\/media?parent=169"}],"curies":[{"name":"wp","href":"https:\/\/api.w.org\/{rel}","templated":true}]}}