{"id":150,"date":"2022-07-21T15:03:29","date_gmt":"2022-07-21T13:03:29","guid":{"rendered":"https:\/\/www.fcgueugnon.fr\/site\/?page_id=150"},"modified":"2025-08-27T21:57:21","modified_gmt":"2025-08-27T19:57:21","slug":"sport-e-leclerc-academie","status":"publish","type":"page","link":"https:\/\/www.fcgueugnon.fr\/site\/sport-e-leclerc-academie","title":{"rendered":"E.LECLERC ACAD\u00c9MIE"},"content":{"rendered":"\n<div class=\"wp-block-media-text is-stacked-on-mobile\"><figure class=\"wp-block-media-text__media\"><img loading=\"lazy\" decoding=\"async\" width=\"1024\" height=\"576\" src=\"https:\/\/www.fcgueugnon.fr\/site\/wp-content\/uploads\/2022\/07\/banc-2-sport-e.leclerc-acade\u0301mie-du-fc-gueugnon-1024x576.png\" alt=\"\" class=\"wp-image-144 size-full\" srcset=\"https:\/\/www.fcgueugnon.fr\/site\/wp-content\/uploads\/2022\/07\/banc-2-sport-e.leclerc-acade\u0301mie-du-fc-gueugnon-1024x576.png 1024w, https:\/\/www.fcgueugnon.fr\/site\/wp-content\/uploads\/2022\/07\/banc-2-sport-e.leclerc-acade\u0301mie-du-fc-gueugnon-400x225.png 400w, https:\/\/www.fcgueugnon.fr\/site\/wp-content\/uploads\/2022\/07\/banc-2-sport-e.leclerc-acade\u0301mie-du-fc-gueugnon-768x432.png 768w, https:\/\/www.fcgueugnon.fr\/site\/wp-content\/uploads\/2022\/07\/banc-2-sport-e.leclerc-acade\u0301mie-du-fc-gueugnon-1536x864.png 1536w, https:\/\/www.fcgueugnon.fr\/site\/wp-content\/uploads\/2022\/07\/banc-2-sport-e.leclerc-acade\u0301mie-du-fc-gueugnon.png 1920w\" sizes=\"auto, (max-width: 1024px) 100vw, 1024px\" \/><\/figure><div class=\"wp-block-media-text__content\">\n<p>Le magasin E.Leclerc Digoin, par le biais de sa filiale Sport E.Leclerc, est partenaire premium de l\u2019Acad\u00e9mie du FC Gueugnon avec ce <strong>naming pour l\u2019acad\u00e9mie des forgerons !<\/strong><\/p>\n\n\n\n<p>Si <strong>Sandrine et Fr\u00e9d\u00e9ric Givry<\/strong>, g\u00e9rants de l\u2019enseigne, mettent leur vocation sociale en avant en pr\u00e9cisant que \u00ab <em>Aider, c\u2019est notre job !<\/em> \u00bb, ils pr\u00e9cisent leur enthousiasme et leur vision au sujet du club : \u00ab <em>On croit \u00e0 ce grand projet qui rayonne \u00e0 l\u2019\u00e9chelle du Charolais avec l\u2019\u00e9tiquette FCG.<\/em> \u00bb<\/p>\n\n\n\n<p>Pour <strong>Christophe Noluveau<\/strong>, directeur g\u00e9n\u00e9ral du FCG, \u00ab <em>ce naming de l\u2019Acad\u00e9mie est un geste fort qui d\u00e9montre leur engagement en faveur de la jeunesse. Cela d\u00e9montre \u00e9galement toute l\u2019importance que nous portons \u00e0 nos jeunes et l\u2019ambition que nous avons pour notre formation.<\/em> \u00bb<\/p>\n\n\n\n<p><\/p>\n<\/div><\/div>\n\n\n\n<div style=\"height:100px\" aria-hidden=\"true\" class=\"wp-block-spacer\"><\/div>\n\n\n\n<div class=\"wp-block-columns is-layout-flex wp-container-core-columns-is-layout-9d6595d7 wp-block-columns-is-layout-flex\">\n<div class=\"wp-block-column is-layout-flow wp-block-column-is-layout-flow\">\n<div style=\"height:0px\" aria-hidden=\"true\" class=\"wp-block-spacer\"><\/div>\n\n\n\n<h2 class=\"wp-block-heading has-text-align-center\">&gt; <a href=\"https:\/\/www.fcgueugnon.fr\/site\/sport-e-leclerc-academie-jeunes\">EQUIPES DE JEUNES<\/a><\/h2>\n\n\n\n<div class=\"wp-block-getwid-banner has-animation-style2 has-text-animation-opacity-bottom has-foreground-20\"><a href=\"https:\/\/www.fcgueugnon.fr\/site\/sport-e-leclerc-academie-jeunes\" class=\"wp-block-getwid-banner__link\"><div class=\"wp-block-getwid-banner__wrapper\"><img loading=\"lazy\" decoding=\"async\" width=\"1024\" height=\"682\" src=\"https:\/\/www.fcgueugnon.fr\/site\/wp-content\/uploads\/2022\/08\/crop-0-0-1772-1181-0-Entrainement-U14-U15-Saison-2022-2023-4-1024x682.png\" alt=\"\" class=\"wp-block-getwid-banner__image wp-block-getwid-banner__source wp-image-589\" srcset=\"https:\/\/www.fcgueugnon.fr\/site\/wp-content\/uploads\/2022\/08\/crop-0-0-1772-1181-0-Entrainement-U14-U15-Saison-2022-2023-4-1024x682.png 1024w, https:\/\/www.fcgueugnon.fr\/site\/wp-content\/uploads\/2022\/08\/crop-0-0-1772-1181-0-Entrainement-U14-U15-Saison-2022-2023-4-400x267.png 400w, https:\/\/www.fcgueugnon.fr\/site\/wp-content\/uploads\/2022\/08\/crop-0-0-1772-1181-0-Entrainement-U14-U15-Saison-2022-2023-4-768x512.png 768w, https:\/\/www.fcgueugnon.fr\/site\/wp-content\/uploads\/2022\/08\/crop-0-0-1772-1181-0-Entrainement-U14-U15-Saison-2022-2023-4-1536x1024.png 1536w, https:\/\/www.fcgueugnon.fr\/site\/wp-content\/uploads\/2022\/08\/crop-0-0-1772-1181-0-Entrainement-U14-U15-Saison-2022-2023-4.png 1772w\" sizes=\"auto, (max-width: 1024px) 100vw, 1024px\" \/><div class=\"wp-block-getwid-banner__caption has-text-color has-white-color\" style=\"min-height:250px\"><div class=\"wp-block-getwid-banner__caption-wrapper\"><\/div><\/div><\/div><\/a><\/div>\n\n\n\n<div style=\"height:75px\" aria-hidden=\"true\" class=\"wp-block-spacer\"><\/div>\n<\/div>\n\n\n\n<div class=\"wp-block-column is-layout-flow wp-block-column-is-layout-flow\">\n<h2 class=\"wp-block-heading has-text-align-center\">&gt; <a href=\"https:\/\/www.fcgueugnon.fr\/site\/sections-sportives-du-fc-gueugnon\">SECTIONS SPORTIVES<\/a><\/h2>\n\n\n\n<div class=\"wp-block-getwid-banner has-animation-style2 has-text-animation-opacity-bottom has-foreground-20\"><a href=\"https:\/\/www.fcgueugnon.fr\/site\/sections-sportives-du-fc-gueugnon\" class=\"wp-block-getwid-banner__link\"><div class=\"wp-block-getwid-banner__wrapper\"><img loading=\"lazy\" decoding=\"async\" width=\"1024\" height=\"768\" src=\"https:\/\/www.fcgueugnon.fr\/site\/wp-content\/uploads\/2022\/08\/Test-dentree-section-sportive-6e-5e-2021-14-1024x768.jpg\" alt=\"\" class=\"wp-block-getwid-banner__image wp-block-getwid-banner__source wp-image-673\" srcset=\"https:\/\/www.fcgueugnon.fr\/site\/wp-content\/uploads\/2022\/08\/Test-dentree-section-sportive-6e-5e-2021-14-1024x768.jpg 1024w, https:\/\/www.fcgueugnon.fr\/site\/wp-content\/uploads\/2022\/08\/Test-dentree-section-sportive-6e-5e-2021-14-400x300.jpg 400w, https:\/\/www.fcgueugnon.fr\/site\/wp-content\/uploads\/2022\/08\/Test-dentree-section-sportive-6e-5e-2021-14-768x576.jpg 768w, https:\/\/www.fcgueugnon.fr\/site\/wp-content\/uploads\/2022\/08\/Test-dentree-section-sportive-6e-5e-2021-14-1536x1152.jpg 1536w, https:\/\/www.fcgueugnon.fr\/site\/wp-content\/uploads\/2022\/08\/Test-dentree-section-sportive-6e-5e-2021-14-1320x990.jpg 1320w, https:\/\/www.fcgueugnon.fr\/site\/wp-content\/uploads\/2022\/08\/Test-dentree-section-sportive-6e-5e-2021-14.jpg 2016w\" sizes=\"auto, (max-width: 1024px) 100vw, 1024px\" \/><div class=\"wp-block-getwid-banner__caption has-text-color has-white-color\" style=\"min-height:250px\"><div class=\"wp-block-getwid-banner__caption-wrapper\"><\/div><\/div><\/div><\/a><\/div>\n<\/div>\n<\/div>\n","protected":false},"excerpt":{"rendered":"<p>Le magasin E.Leclerc Digoin, par le biais de sa filiale Sport E.Leclerc, est partenaire premium de l\u2019Acad\u00e9mie du FC Gueugnon avec ce naming pour l\u2019acad\u00e9mie des forgerons ! Si Sandrine et Fr\u00e9d\u00e9ric Givry, g\u00e9rants de l\u2019enseigne, mettent leur vocation sociale en avant en pr\u00e9cisant que \u00ab Aider, c\u2019est notre job ! \u00bb, ils pr\u00e9cisent leur &#8230; <\/p>\n<p class=\"read-more-container\"><a title=\"E.LECLERC ACAD\u00c9MIE\" class=\"read-more button\" href=\"https:\/\/www.fcgueugnon.fr\/site\/sport-e-leclerc-academie#more-150\" aria-label=\"Plus sur E.LECLERC ACAD\u00c9MIE\">Lire la suite<\/a><\/p>\n","protected":false},"author":1,"featured_media":0,"parent":0,"menu_order":0,"comment_status":"closed","ping_status":"closed","template":"","meta":{"footnotes":""},"class_list":{"0":"post-150","1":"page","2":"type-page","3":"status-publish","5":"infinite-scroll-item"},"yoast_head":"<!-- This site is optimized with the Yoast SEO plugin v26.6 - https:\/\/yoast.com\/wordpress\/plugins\/seo\/ -->\n<title>E.LECLERC ACAD\u00c9MIE &#8226; FOOTBALL CLUB GUEUGNON<\/title>\n<meta name=\"robots\" content=\"index, follow, max-snippet:-1, max-image-preview:large, max-video-preview:-1\" \/>\n<link rel=\"canonical\" href=\"https:\/\/www.fcgueugnon.fr\/site\/sport-e-leclerc-academie\" \/>\n<meta property=\"og:locale\" content=\"fr_FR\" \/>\n<meta property=\"og:type\" content=\"article\" \/>\n<meta property=\"og:title\" content=\"E.LECLERC ACAD\u00c9MIE &#8226; FOOTBALL CLUB GUEUGNON\" \/>\n<meta property=\"og:description\" content=\"Le magasin E.Leclerc Digoin, par le biais de sa filiale Sport E.Leclerc, est partenaire premium de l\u2019Acad\u00e9mie du FC Gueugnon avec ce naming pour l\u2019acad\u00e9mie des forgerons ! Si Sandrine et Fr\u00e9d\u00e9ric Givry, g\u00e9rants de l\u2019enseigne, mettent leur vocation sociale en avant en pr\u00e9cisant que \u00ab Aider, c\u2019est notre job ! \u00bb, ils pr\u00e9cisent leur ... Lire la suite\" \/>\n<meta property=\"og:url\" content=\"https:\/\/www.fcgueugnon.fr\/site\/sport-e-leclerc-academie\" \/>\n<meta property=\"og:site_name\" content=\"FOOTBALL CLUB GUEUGNON\" \/>\n<meta property=\"article:publisher\" content=\"http:\/\/facebook.com\/FCGueugnon\" \/>\n<meta property=\"article:modified_time\" content=\"2025-08-27T19:57:21+00:00\" \/>\n<meta property=\"og:image\" content=\"https:\/\/www.fcgueugnon.fr\/site\/wp-content\/uploads\/2022\/08\/crop-0-0-1772-1181-0-Entrainement-U14-U15-Saison-2022-2023-4-1024x682.png\" \/>\n<meta name=\"twitter:card\" content=\"summary_large_image\" \/>\n<meta name=\"twitter:site\" content=\"@FCGueugnon_off\" \/>\n<meta name=\"twitter:label1\" content=\"Dur\u00e9e de lecture estim\u00e9e\" \/>\n\t<meta name=\"twitter:data1\" content=\"2 minutes\" \/>\n<script type=\"application\/ld+json\" class=\"yoast-schema-graph\">{\"@context\":\"https:\/\/schema.org\",\"@graph\":[{\"@type\":\"WebPage\",\"@id\":\"https:\/\/www.fcgueugnon.fr\/site\/sport-e-leclerc-academie\",\"url\":\"https:\/\/www.fcgueugnon.fr\/site\/sport-e-leclerc-academie\",\"name\":\"E.LECLERC ACAD\u00c9MIE &#8226; FOOTBALL CLUB GUEUGNON\",\"isPartOf\":{\"@id\":\"https:\/\/www.fcgueugnon.fr\/site\/#website\"},\"primaryImageOfPage\":{\"@id\":\"https:\/\/www.fcgueugnon.fr\/site\/sport-e-leclerc-academie#primaryimage\"},\"image\":{\"@id\":\"https:\/\/www.fcgueugnon.fr\/site\/sport-e-leclerc-academie#primaryimage\"},\"thumbnailUrl\":\"https:\/\/www.fcgueugnon.fr\/site\/wp-content\/uploads\/2022\/08\/crop-0-0-1772-1181-0-Entrainement-U14-U15-Saison-2022-2023-4-1024x682.png\",\"datePublished\":\"2022-07-21T13:03:29+00:00\",\"dateModified\":\"2025-08-27T19:57:21+00:00\",\"breadcrumb\":{\"@id\":\"https:\/\/www.fcgueugnon.fr\/site\/sport-e-leclerc-academie#breadcrumb\"},\"inLanguage\":\"fr-FR\",\"potentialAction\":[{\"@type\":\"ReadAction\",\"target\":[\"https:\/\/www.fcgueugnon.fr\/site\/sport-e-leclerc-academie\"]}]},{\"@type\":\"ImageObject\",\"inLanguage\":\"fr-FR\",\"@id\":\"https:\/\/www.fcgueugnon.fr\/site\/sport-e-leclerc-academie#primaryimage\",\"url\":\"https:\/\/www.fcgueugnon.fr\/site\/wp-content\/uploads\/2022\/08\/crop-0-0-1772-1181-0-Entrainement-U14-U15-Saison-2022-2023-4.png\",\"contentUrl\":\"https:\/\/www.fcgueugnon.fr\/site\/wp-content\/uploads\/2022\/08\/crop-0-0-1772-1181-0-Entrainement-U14-U15-Saison-2022-2023-4.png\",\"width\":1772,\"height\":1181},{\"@type\":\"BreadcrumbList\",\"@id\":\"https:\/\/www.fcgueugnon.fr\/site\/sport-e-leclerc-academie#breadcrumb\",\"itemListElement\":[{\"@type\":\"ListItem\",\"position\":1,\"name\":\"Accueil\",\"item\":\"https:\/\/www.fcgueugnon.fr\/site\/\"},{\"@type\":\"ListItem\",\"position\":2,\"name\":\"E.LECLERC ACAD\u00c9MIE\"}]},{\"@type\":\"WebSite\",\"@id\":\"https:\/\/www.fcgueugnon.fr\/site\/#website\",\"url\":\"https:\/\/www.fcgueugnon.fr\/site\/\",\"name\":\"FOOTBALL CLUB GUEUGNON\",\"description\":\"Le Site Officiel des Forgerons\",\"publisher\":{\"@id\":\"https:\/\/www.fcgueugnon.fr\/site\/#organization\"},\"potentialAction\":[{\"@type\":\"SearchAction\",\"target\":{\"@type\":\"EntryPoint\",\"urlTemplate\":\"https:\/\/www.fcgueugnon.fr\/site\/?s={search_term_string}\"},\"query-input\":{\"@type\":\"PropertyValueSpecification\",\"valueRequired\":true,\"valueName\":\"search_term_string\"}}],\"inLanguage\":\"fr-FR\"},{\"@type\":\"Organization\",\"@id\":\"https:\/\/www.fcgueugnon.fr\/site\/#organization\",\"name\":\"FC Gueugnon\",\"url\":\"https:\/\/www.fcgueugnon.fr\/site\/\",\"logo\":{\"@type\":\"ImageObject\",\"inLanguage\":\"fr-FR\",\"@id\":\"https:\/\/www.fcgueugnon.fr\/site\/#\/schema\/logo\/image\/\",\"url\":\"https:\/\/www.fcgueugnon.fr\/site\/wp-content\/uploads\/2022\/07\/cropped-Logo-FCGUEUGNON-low-350x350-1.png\",\"contentUrl\":\"https:\/\/www.fcgueugnon.fr\/site\/wp-content\/uploads\/2022\/07\/cropped-Logo-FCGUEUGNON-low-350x350-1.png\",\"width\":350,\"height\":350,\"caption\":\"FC Gueugnon\"},\"image\":{\"@id\":\"https:\/\/www.fcgueugnon.fr\/site\/#\/schema\/logo\/image\/\"},\"sameAs\":[\"http:\/\/facebook.com\/FCGueugnon\",\"https:\/\/x.com\/FCGueugnon_off\",\"https:\/\/www.instagram.com\/fcgueugnon\/\",\"https:\/\/www.linkedin.com\/company\/football-club-de-gueugnon\/\",\"https:\/\/www.youtube.com\/user\/FCGueugnonnais\",\"https:\/\/fr.wikipedia.org\/wiki\/Football_Club_de_Gueugnon\"]}]}<\/script>\n<!-- \/ Yoast SEO plugin. -->","yoast_head_json":{"title":"E.LECLERC ACAD\u00c9MIE &#8226; FOOTBALL CLUB GUEUGNON","robots":{"index":"index","follow":"follow","max-snippet":"max-snippet:-1","max-image-preview":"max-image-preview:large","max-video-preview":"max-video-preview:-1"},"canonical":"https:\/\/www.fcgueugnon.fr\/site\/sport-e-leclerc-academie","og_locale":"fr_FR","og_type":"article","og_title":"E.LECLERC ACAD\u00c9MIE &#8226; FOOTBALL CLUB GUEUGNON","og_description":"Le magasin E.Leclerc Digoin, par le biais de sa filiale Sport E.Leclerc, est partenaire premium de l\u2019Acad\u00e9mie du FC Gueugnon avec ce naming pour l\u2019acad\u00e9mie des forgerons ! Si Sandrine et Fr\u00e9d\u00e9ric Givry, g\u00e9rants de l\u2019enseigne, mettent leur vocation sociale en avant en pr\u00e9cisant que \u00ab Aider, c\u2019est notre job ! \u00bb, ils pr\u00e9cisent leur ... Lire la suite","og_url":"https:\/\/www.fcgueugnon.fr\/site\/sport-e-leclerc-academie","og_site_name":"FOOTBALL CLUB GUEUGNON","article_publisher":"http:\/\/facebook.com\/FCGueugnon","article_modified_time":"2025-08-27T19:57:21+00:00","og_image":[{"url":"https:\/\/www.fcgueugnon.fr\/site\/wp-content\/uploads\/2022\/08\/crop-0-0-1772-1181-0-Entrainement-U14-U15-Saison-2022-2023-4-1024x682.png","type":"","width":"","height":""}],"twitter_card":"summary_large_image","twitter_site":"@FCGueugnon_off","twitter_misc":{"Dur\u00e9e de lecture estim\u00e9e":"2 minutes"},"schema":{"@context":"https:\/\/schema.org","@graph":[{"@type":"WebPage","@id":"https:\/\/www.fcgueugnon.fr\/site\/sport-e-leclerc-academie","url":"https:\/\/www.fcgueugnon.fr\/site\/sport-e-leclerc-academie","name":"E.LECLERC ACAD\u00c9MIE &#8226; FOOTBALL CLUB GUEUGNON","isPartOf":{"@id":"https:\/\/www.fcgueugnon.fr\/site\/#website"},"primaryImageOfPage":{"@id":"https:\/\/www.fcgueugnon.fr\/site\/sport-e-leclerc-academie#primaryimage"},"image":{"@id":"https:\/\/www.fcgueugnon.fr\/site\/sport-e-leclerc-academie#primaryimage"},"thumbnailUrl":"https:\/\/www.fcgueugnon.fr\/site\/wp-content\/uploads\/2022\/08\/crop-0-0-1772-1181-0-Entrainement-U14-U15-Saison-2022-2023-4-1024x682.png","datePublished":"2022-07-21T13:03:29+00:00","dateModified":"2025-08-27T19:57:21+00:00","breadcrumb":{"@id":"https:\/\/www.fcgueugnon.fr\/site\/sport-e-leclerc-academie#breadcrumb"},"inLanguage":"fr-FR","potentialAction":[{"@type":"ReadAction","target":["https:\/\/www.fcgueugnon.fr\/site\/sport-e-leclerc-academie"]}]},{"@type":"ImageObject","inLanguage":"fr-FR","@id":"https:\/\/www.fcgueugnon.fr\/site\/sport-e-leclerc-academie#primaryimage","url":"https:\/\/www.fcgueugnon.fr\/site\/wp-content\/uploads\/2022\/08\/crop-0-0-1772-1181-0-Entrainement-U14-U15-Saison-2022-2023-4.png","contentUrl":"https:\/\/www.fcgueugnon.fr\/site\/wp-content\/uploads\/2022\/08\/crop-0-0-1772-1181-0-Entrainement-U14-U15-Saison-2022-2023-4.png","width":1772,"height":1181},{"@type":"BreadcrumbList","@id":"https:\/\/www.fcgueugnon.fr\/site\/sport-e-leclerc-academie#breadcrumb","itemListElement":[{"@type":"ListItem","position":1,"name":"Accueil","item":"https:\/\/www.fcgueugnon.fr\/site\/"},{"@type":"ListItem","position":2,"name":"E.LECLERC ACAD\u00c9MIE"}]},{"@type":"WebSite","@id":"https:\/\/www.fcgueugnon.fr\/site\/#website","url":"https:\/\/www.fcgueugnon.fr\/site\/","name":"FOOTBALL CLUB GUEUGNON","description":"Le Site Officiel des Forgerons","publisher":{"@id":"https:\/\/www.fcgueugnon.fr\/site\/#organization"},"potentialAction":[{"@type":"SearchAction","target":{"@type":"EntryPoint","urlTemplate":"https:\/\/www.fcgueugnon.fr\/site\/?s={search_term_string}"},"query-input":{"@type":"PropertyValueSpecification","valueRequired":true,"valueName":"search_term_string"}}],"inLanguage":"fr-FR"},{"@type":"Organization","@id":"https:\/\/www.fcgueugnon.fr\/site\/#organization","name":"FC Gueugnon","url":"https:\/\/www.fcgueugnon.fr\/site\/","logo":{"@type":"ImageObject","inLanguage":"fr-FR","@id":"https:\/\/www.fcgueugnon.fr\/site\/#\/schema\/logo\/image\/","url":"https:\/\/www.fcgueugnon.fr\/site\/wp-content\/uploads\/2022\/07\/cropped-Logo-FCGUEUGNON-low-350x350-1.png","contentUrl":"https:\/\/www.fcgueugnon.fr\/site\/wp-content\/uploads\/2022\/07\/cropped-Logo-FCGUEUGNON-low-350x350-1.png","width":350,"height":350,"caption":"FC Gueugnon"},"image":{"@id":"https:\/\/www.fcgueugnon.fr\/site\/#\/schema\/logo\/image\/"},"sameAs":["http:\/\/facebook.com\/FCGueugnon","https:\/\/x.com\/FCGueugnon_off","https:\/\/www.instagram.com\/fcgueugnon\/","https:\/\/www.linkedin.com\/company\/football-club-de-gueugnon\/","https:\/\/www.youtube.com\/user\/FCGueugnonnais","https:\/\/fr.wikipedia.org\/wiki\/Football_Club_de_Gueugnon"]}]}},"rttpg_featured_image_url":null,"rttpg_author":{"display_name":"FC Gueugnon","author_link":"https:\/\/www.fcgueugnon.fr\/site\/author\/admin-antho"},"rttpg_comment":0,"rttpg_category":null,"rttpg_excerpt":"Le magasin E.Leclerc Digoin, par le biais de sa filiale Sport E.Leclerc, est partenaire premium de l\u2019Acad\u00e9mie du FC Gueugnon avec ce naming pour l\u2019acad\u00e9mie des forgerons ! Si Sandrine et Fr\u00e9d\u00e9ric Givry, g\u00e9rants de l\u2019enseigne, mettent leur vocation sociale en avant en pr\u00e9cisant que \u00ab Aider, c\u2019est notre job ! \u00bb, ils pr\u00e9cisent leur\u2026","_links":{"self":[{"href":"https:\/\/www.fcgueugnon.fr\/site\/wp-json\/wp\/v2\/pages\/150","targetHints":{"allow":["GET"]}}],"collection":[{"href":"https:\/\/www.fcgueugnon.fr\/site\/wp-json\/wp\/v2\/pages"}],"about":[{"href":"https:\/\/www.fcgueugnon.fr\/site\/wp-json\/wp\/v2\/types\/page"}],"author":[{"embeddable":true,"href":"https:\/\/www.fcgueugnon.fr\/site\/wp-json\/wp\/v2\/users\/1"}],"replies":[{"embeddable":true,"href":"https:\/\/www.fcgueugnon.fr\/site\/wp-json\/wp\/v2\/comments?post=150"}],"version-history":[{"count":15,"href":"https:\/\/www.fcgueugnon.fr\/site\/wp-json\/wp\/v2\/pages\/150\/revisions"}],"predecessor-version":[{"id":54970,"href":"https:\/\/www.fcgueugnon.fr\/site\/wp-json\/wp\/v2\/pages\/150\/revisions\/54970"}],"wp:attachment":[{"href":"https:\/\/www.fcgueugnon.fr\/site\/wp-json\/wp\/v2\/media?parent=150"}],"curies":[{"name":"wp","href":"https:\/\/api.w.org\/{rel}","templated":true}]}}