{"id":129,"date":"2022-07-21T14:20:23","date_gmt":"2022-07-21T12:20:23","guid":{"rendered":"https:\/\/www.fcgueugnon.fr\/site\/?page_id=129"},"modified":"2025-08-27T21:40:25","modified_gmt":"2025-08-27T19:40:25","slug":"national-3","status":"publish","type":"page","link":"https:\/\/www.fcgueugnon.fr\/site\/national-3","title":{"rendered":"REGIONAL 1 HERBELIN"},"content":{"rendered":"\n<p><\/p>\n\n\n\n<p><\/p>\n\n\n\n<div class=\"wp-block-media-text is-stacked-on-mobile is-style-default\" style=\"grid-template-columns:60% auto\"><figure class=\"wp-block-media-text__media\"><img loading=\"lazy\" decoding=\"async\" width=\"1024\" height=\"461\" src=\"https:\/\/www.fcgueugnon.fr\/site\/wp-content\/uploads\/2025\/08\/DFCO-B-4-0-FCG-Match-preparation-1024x461.jpeg\" alt=\"\" class=\"wp-image-54876 size-full\" srcset=\"https:\/\/www.fcgueugnon.fr\/site\/wp-content\/uploads\/2025\/08\/DFCO-B-4-0-FCG-Match-preparation-1024x461.jpeg 1024w, https:\/\/www.fcgueugnon.fr\/site\/wp-content\/uploads\/2025\/08\/DFCO-B-4-0-FCG-Match-preparation-400x180.jpeg 400w, https:\/\/www.fcgueugnon.fr\/site\/wp-content\/uploads\/2025\/08\/DFCO-B-4-0-FCG-Match-preparation-768x345.jpeg 768w, https:\/\/www.fcgueugnon.fr\/site\/wp-content\/uploads\/2025\/08\/DFCO-B-4-0-FCG-Match-preparation-1536x691.jpeg 1536w, https:\/\/www.fcgueugnon.fr\/site\/wp-content\/uploads\/2025\/08\/DFCO-B-4-0-FCG-Match-preparation-2048x921.jpeg 2048w\" sizes=\"auto, (max-width: 1024px) 100vw, 1024px\" \/><\/figure><div class=\"wp-block-media-text__content\">\n<p>Apr\u00e8s la relance du club en 2011 en DH, l\u2019\u00e9quipe S\u00e9niors A acc\u00e8de au <strong>CFA2 <\/strong>en 2013. <br>Renomm\u00e9e <strong>National 3<\/strong>, les forgerons joueront r\u00e9guli\u00e8rement le haut de tableau de cette division avant que la r\u00e9forme des championnat nationaux ne viennent basculer le football amateur qui passe de 250 \u00e0 178 \u00e9quipes durant 4 ans. <br>Malgr\u00e9 sa d\u00e9termination, le FCG sera <strong>rel\u00e9gu\u00e9<\/strong> lors de la derni\u00e8re ann\u00e9e de r\u00e9forme pour rebasculer, en 2025-2026 en <strong>R\u00e9gional 1 Herbelin<\/strong>.<\/p>\n<\/div><\/div>\n\n\n\n<div style=\"height:20px\" aria-hidden=\"true\" class=\"wp-block-spacer\"><\/div>\n\n\n\n<div class=\"wp-block-getwid-icon-box has-icon-left has-text-left\"><div class=\"wp-block-getwid-icon-box__icon-container is-position-top\"><div class=\"wp-block-getwid-icon-box__icon-wrapper\"><i class=\"fas fa-user\"><\/i><\/div><\/div><div class=\"wp-block-getwid-icon-box__content\">\n<h3 class=\"wp-block-heading has-text-align-left\">Responsables<\/h3>\n\n\n\n<ul class=\"wp-block-list\">\n<li><strong><em>Entraineur : Sony MUSTIVAR<\/em><\/strong><\/li>\n\n\n\n<li><strong><em>Entraineur Adjoint : Bakeba BAYO<\/em><\/strong><\/li>\n\n\n\n<li><strong><em>Dirigeant : Guy CLOPIN<\/em><\/strong><\/li>\n<\/ul>\n\n\n\n<p><\/p>\n<\/div><\/div>\n\n\n\n<div style=\"height:100px\" aria-hidden=\"true\" class=\"wp-block-spacer\"><\/div>\n\n\n\n<div class=\"wp-block-columns is-layout-flex wp-container-core-columns-is-layout-9d6595d7 wp-block-columns-is-layout-flex\">\n<div class=\"wp-block-column is-layout-flow wp-block-column-is-layout-flow\">\n<h2 class=\"wp-block-heading\">&gt; <a href=\"https:\/\/www.fcgueugnon.fr\/site\/calendrier-seniors-a\">Calendrier<\/a><\/h2>\n\n\n\n<div class=\"wp-block-getwid-banner has-animation-style2 has-foreground-0\"><a href=\"https:\/\/www.fcgueugnon.fr\/site\/calendrier-seniors-a\" rel=\"\" class=\"wp-block-getwid-banner__link\"><div class=\"wp-block-getwid-banner__wrapper\"><img loading=\"lazy\" decoding=\"async\" width=\"600\" height=\"200\" src=\"https:\/\/www.fcgueugnon.fr\/site\/wp-content\/uploads\/2022\/08\/visuel-ban-generique-200.png\" alt=\"\" class=\"wp-block-getwid-banner__image wp-block-getwid-banner__source wp-image-878\" srcset=\"https:\/\/www.fcgueugnon.fr\/site\/wp-content\/uploads\/2022\/08\/visuel-ban-generique-200.png 600w, https:\/\/www.fcgueugnon.fr\/site\/wp-content\/uploads\/2022\/08\/visuel-ban-generique-200-400x133.png 400w\" sizes=\"auto, (max-width: 600px) 100vw, 600px\" \/><div class=\"wp-block-getwid-banner__caption has-text-color has-base-3-color\" style=\"min-height:200px\"><div class=\"wp-block-getwid-banner__caption-wrapper\"><span class=\"wp-block-getwid-banner__title\">CALENDRIER R1<\/span><\/div><\/div><\/div><\/a><\/div>\n<\/div>\n\n\n\n<div class=\"wp-block-column is-layout-flow wp-block-column-is-layout-flow\">\n<h2 class=\"wp-block-heading\">&gt; <a href=\"https:\/\/www.fcgueugnon.fr\/site\/classement-seniors-a\">Classement<\/a><\/h2>\n\n\n\n<div class=\"wp-block-getwid-banner has-animation-style2 has-foreground-0\"><a href=\"https:\/\/www.fcgueugnon.fr\/site\/classement-seniors-a\" rel=\"\" class=\"wp-block-getwid-banner__link\"><div class=\"wp-block-getwid-banner__wrapper\"><img loading=\"lazy\" decoding=\"async\" width=\"600\" height=\"200\" src=\"https:\/\/www.fcgueugnon.fr\/site\/wp-content\/uploads\/2022\/08\/visuel-ban-generique-200.png\" alt=\"\" class=\"wp-block-getwid-banner__image wp-block-getwid-banner__source wp-image-878\" srcset=\"https:\/\/www.fcgueugnon.fr\/site\/wp-content\/uploads\/2022\/08\/visuel-ban-generique-200.png 600w, https:\/\/www.fcgueugnon.fr\/site\/wp-content\/uploads\/2022\/08\/visuel-ban-generique-200-400x133.png 400w\" sizes=\"auto, (max-width: 600px) 100vw, 600px\" \/><div class=\"wp-block-getwid-banner__caption has-text-color has-base-3-color\" style=\"min-height:200px\"><div class=\"wp-block-getwid-banner__caption-wrapper\"><span class=\"wp-block-getwid-banner__title\">CLASSEMENT R1<\/span><\/div><\/div><\/div><\/a><\/div>\n<\/div>\n<\/div>\n\n\n\n<div style=\"height:70px\" aria-hidden=\"true\" class=\"wp-block-spacer\"><\/div>\n\n\n\n<div class=\"wp-block-columns is-layout-flex wp-container-core-columns-is-layout-9d6595d7 wp-block-columns-is-layout-flex\">\n<div class=\"wp-block-column is-layout-flow wp-block-column-is-layout-flow\">\n<h2 class=\"wp-block-heading\">> <a href=\"https:\/\/www.fcgueugnon.fr\/site\/calendrier-seniors-a\">Mercato<\/a><\/h2>\n\n\n\n<div class=\"wp-block-getwid-banner has-animation-style2 has-foreground-65\"><a href=\"https:\/\/www.fcgueugnon.fr\/site\/?s=%22mercato+2025-2026%22\" rel=\"\" class=\"wp-block-getwid-banner__link\"><div class=\"wp-block-getwid-banner__wrapper\"><img loading=\"lazy\" decoding=\"async\" width=\"1200\" height=\"1600\" src=\"https:\/\/www.fcgueugnon.fr\/site\/wp-content\/uploads\/2022\/08\/Arnaud-Rollin-1-signature-mercato-fcg.png\" alt=\"\" class=\"wp-block-getwid-banner__image wp-block-getwid-banner__source wp-image-485\" srcset=\"https:\/\/www.fcgueugnon.fr\/site\/wp-content\/uploads\/2022\/08\/Arnaud-Rollin-1-signature-mercato-fcg.png 1200w, https:\/\/www.fcgueugnon.fr\/site\/wp-content\/uploads\/2022\/08\/Arnaud-Rollin-1-signature-mercato-fcg-300x400.png 300w, https:\/\/www.fcgueugnon.fr\/site\/wp-content\/uploads\/2022\/08\/Arnaud-Rollin-1-signature-mercato-fcg-768x1024.png 768w, https:\/\/www.fcgueugnon.fr\/site\/wp-content\/uploads\/2022\/08\/Arnaud-Rollin-1-signature-mercato-fcg-1152x1536.png 1152w\" sizes=\"auto, (max-width: 1200px) 100vw, 1200px\" \/><div class=\"wp-block-getwid-banner__caption has-text-color has-base-3-color\" style=\"min-height:200px\"><div class=\"wp-block-getwid-banner__caption-wrapper\"><span class=\"wp-block-getwid-banner__title\">MERCATO 2025<\/span><\/div><\/div><\/div><\/a><\/div>\n<\/div>\n\n\n\n<div class=\"wp-block-column is-layout-flow wp-block-column-is-layout-flow\">\n<h2 class=\"wp-block-heading\">> <a href=\"https:\/\/www.fcgueugnon.fr\/site\/regional-1-les-adversaires-du-fcg-pour-la-saison-2025-2026-sont-connus\/54761\">Adversaires<\/a><\/h2>\n\n\n\n<div class=\"wp-block-getwid-banner has-animation-style2 has-foreground-0\"><a href=\"https:\/\/www.fcgueugnon.fr\/site\/classement-seniors-a\" rel=\"\" class=\"wp-block-getwid-banner__link\"><div class=\"wp-block-getwid-banner__wrapper\"><img loading=\"lazy\" decoding=\"async\" width=\"2560\" height=\"1600\" src=\"https:\/\/www.fcgueugnon.fr\/site\/wp-content\/uploads\/2025\/07\/Groupe-Regional-1-Saison-25-26-scaled.jpg\" alt=\"\" class=\"wp-block-getwid-banner__image wp-block-getwid-banner__source wp-image-54762\" srcset=\"https:\/\/www.fcgueugnon.fr\/site\/wp-content\/uploads\/2025\/07\/Groupe-Regional-1-Saison-25-26-scaled.jpg 2560w, https:\/\/www.fcgueugnon.fr\/site\/wp-content\/uploads\/2025\/07\/Groupe-Regional-1-Saison-25-26-400x250.jpg 400w, https:\/\/www.fcgueugnon.fr\/site\/wp-content\/uploads\/2025\/07\/Groupe-Regional-1-Saison-25-26-1024x640.jpg 1024w, https:\/\/www.fcgueugnon.fr\/site\/wp-content\/uploads\/2025\/07\/Groupe-Regional-1-Saison-25-26-768x480.jpg 768w, https:\/\/www.fcgueugnon.fr\/site\/wp-content\/uploads\/2025\/07\/Groupe-Regional-1-Saison-25-26-1536x960.jpg 1536w, https:\/\/www.fcgueugnon.fr\/site\/wp-content\/uploads\/2025\/07\/Groupe-Regional-1-Saison-25-26-2048x1280.jpg 2048w\" sizes=\"auto, (max-width: 2560px) 100vw, 2560px\" \/><div class=\"wp-block-getwid-banner__caption has-text-color has-base-3-color\" style=\"min-height:200px\"><div class=\"wp-block-getwid-banner__caption-wrapper\"><span class=\"wp-block-getwid-banner__title\">Adversaires<\/span><\/div><\/div><\/div><\/a><\/div>\n<\/div>\n<\/div>\n\n\n\n<div style=\"height:70px\" aria-hidden=\"true\" class=\"wp-block-spacer\"><\/div>\n","protected":false},"excerpt":{"rendered":"<p>Apr\u00e8s la relance du club en 2011 en DH, l\u2019\u00e9quipe S\u00e9niors A acc\u00e8de au CFA2 en 2013. Renomm\u00e9e National 3, les forgerons joueront r\u00e9guli\u00e8rement le haut de tableau de cette division avant que la r\u00e9forme des championnat nationaux ne viennent basculer le football amateur qui passe de 250 \u00e0 178 \u00e9quipes durant 4 ans. Malgr\u00e9 &#8230; <\/p>\n<p class=\"read-more-container\"><a title=\"REGIONAL 1 HERBELIN\" class=\"read-more button\" href=\"https:\/\/www.fcgueugnon.fr\/site\/national-3#more-129\" aria-label=\"Plus sur REGIONAL 1 HERBELIN\">Lire la suite<\/a><\/p>\n","protected":false},"author":1,"featured_media":0,"parent":0,"menu_order":0,"comment_status":"closed","ping_status":"closed","template":"","meta":{"footnotes":""},"class_list":{"0":"post-129","1":"page","2":"type-page","3":"status-publish","5":"infinite-scroll-item"},"yoast_head":"<!-- This site is optimized with the Yoast SEO plugin v26.6 - https:\/\/yoast.com\/wordpress\/plugins\/seo\/ -->\n<title>REGIONAL 1 HERBELIN &#8226; FOOTBALL CLUB GUEUGNON<\/title>\n<meta name=\"robots\" content=\"index, follow, max-snippet:-1, max-image-preview:large, max-video-preview:-1\" \/>\n<link rel=\"canonical\" href=\"https:\/\/www.fcgueugnon.fr\/site\/national-3\" \/>\n<meta property=\"og:locale\" content=\"fr_FR\" \/>\n<meta property=\"og:type\" content=\"article\" \/>\n<meta property=\"og:title\" content=\"REGIONAL 1 HERBELIN &#8226; FOOTBALL CLUB GUEUGNON\" \/>\n<meta property=\"og:description\" content=\"Apr\u00e8s la relance du club en 2011 en DH, l\u2019\u00e9quipe S\u00e9niors A acc\u00e8de au CFA2 en 2013. Renomm\u00e9e National 3, les forgerons joueront r\u00e9guli\u00e8rement le haut de tableau de cette division avant que la r\u00e9forme des championnat nationaux ne viennent basculer le football amateur qui passe de 250 \u00e0 178 \u00e9quipes durant 4 ans. Malgr\u00e9 ... Lire la suite\" \/>\n<meta property=\"og:url\" content=\"https:\/\/www.fcgueugnon.fr\/site\/national-3\" \/>\n<meta property=\"og:site_name\" content=\"FOOTBALL CLUB GUEUGNON\" \/>\n<meta property=\"article:publisher\" content=\"http:\/\/facebook.com\/FCGueugnon\" \/>\n<meta property=\"article:modified_time\" content=\"2025-08-27T19:40:25+00:00\" \/>\n<meta property=\"og:image\" content=\"https:\/\/www.fcgueugnon.fr\/site\/wp-content\/uploads\/2025\/08\/DFCO-B-4-0-FCG-Match-preparation.jpeg\" \/>\n\t<meta property=\"og:image:width\" content=\"2194\" \/>\n\t<meta property=\"og:image:height\" content=\"987\" \/>\n\t<meta property=\"og:image:type\" content=\"image\/jpeg\" \/>\n<meta name=\"twitter:card\" content=\"summary_large_image\" \/>\n<meta name=\"twitter:site\" content=\"@FCGueugnon_off\" \/>\n<meta name=\"twitter:label1\" content=\"Dur\u00e9e de lecture estim\u00e9e\" \/>\n\t<meta name=\"twitter:data1\" content=\"2 minutes\" \/>\n<script type=\"application\/ld+json\" class=\"yoast-schema-graph\">{\"@context\":\"https:\/\/schema.org\",\"@graph\":[{\"@type\":\"WebPage\",\"@id\":\"https:\/\/www.fcgueugnon.fr\/site\/national-3\",\"url\":\"https:\/\/www.fcgueugnon.fr\/site\/national-3\",\"name\":\"REGIONAL 1 HERBELIN &#8226; FOOTBALL CLUB GUEUGNON\",\"isPartOf\":{\"@id\":\"https:\/\/www.fcgueugnon.fr\/site\/#website\"},\"primaryImageOfPage\":{\"@id\":\"https:\/\/www.fcgueugnon.fr\/site\/national-3#primaryimage\"},\"image\":{\"@id\":\"https:\/\/www.fcgueugnon.fr\/site\/national-3#primaryimage\"},\"thumbnailUrl\":\"https:\/\/www.fcgueugnon.fr\/site\/wp-content\/uploads\/2025\/08\/DFCO-B-4-0-FCG-Match-preparation-1024x461.jpeg\",\"datePublished\":\"2022-07-21T12:20:23+00:00\",\"dateModified\":\"2025-08-27T19:40:25+00:00\",\"breadcrumb\":{\"@id\":\"https:\/\/www.fcgueugnon.fr\/site\/national-3#breadcrumb\"},\"inLanguage\":\"fr-FR\",\"potentialAction\":[{\"@type\":\"ReadAction\",\"target\":[\"https:\/\/www.fcgueugnon.fr\/site\/national-3\"]}]},{\"@type\":\"ImageObject\",\"inLanguage\":\"fr-FR\",\"@id\":\"https:\/\/www.fcgueugnon.fr\/site\/national-3#primaryimage\",\"url\":\"https:\/\/www.fcgueugnon.fr\/site\/wp-content\/uploads\/2025\/08\/DFCO-B-4-0-FCG-Match-preparation.jpeg\",\"contentUrl\":\"https:\/\/www.fcgueugnon.fr\/site\/wp-content\/uploads\/2025\/08\/DFCO-B-4-0-FCG-Match-preparation.jpeg\",\"width\":2194,\"height\":987},{\"@type\":\"BreadcrumbList\",\"@id\":\"https:\/\/www.fcgueugnon.fr\/site\/national-3#breadcrumb\",\"itemListElement\":[{\"@type\":\"ListItem\",\"position\":1,\"name\":\"Accueil\",\"item\":\"https:\/\/www.fcgueugnon.fr\/site\/\"},{\"@type\":\"ListItem\",\"position\":2,\"name\":\"REGIONAL 1 HERBELIN\"}]},{\"@type\":\"WebSite\",\"@id\":\"https:\/\/www.fcgueugnon.fr\/site\/#website\",\"url\":\"https:\/\/www.fcgueugnon.fr\/site\/\",\"name\":\"FOOTBALL CLUB GUEUGNON\",\"description\":\"Le Site Officiel des Forgerons\",\"publisher\":{\"@id\":\"https:\/\/www.fcgueugnon.fr\/site\/#organization\"},\"potentialAction\":[{\"@type\":\"SearchAction\",\"target\":{\"@type\":\"EntryPoint\",\"urlTemplate\":\"https:\/\/www.fcgueugnon.fr\/site\/?s={search_term_string}\"},\"query-input\":{\"@type\":\"PropertyValueSpecification\",\"valueRequired\":true,\"valueName\":\"search_term_string\"}}],\"inLanguage\":\"fr-FR\"},{\"@type\":\"Organization\",\"@id\":\"https:\/\/www.fcgueugnon.fr\/site\/#organization\",\"name\":\"FC Gueugnon\",\"url\":\"https:\/\/www.fcgueugnon.fr\/site\/\",\"logo\":{\"@type\":\"ImageObject\",\"inLanguage\":\"fr-FR\",\"@id\":\"https:\/\/www.fcgueugnon.fr\/site\/#\/schema\/logo\/image\/\",\"url\":\"https:\/\/www.fcgueugnon.fr\/site\/wp-content\/uploads\/2022\/07\/cropped-Logo-FCGUEUGNON-low-350x350-1.png\",\"contentUrl\":\"https:\/\/www.fcgueugnon.fr\/site\/wp-content\/uploads\/2022\/07\/cropped-Logo-FCGUEUGNON-low-350x350-1.png\",\"width\":350,\"height\":350,\"caption\":\"FC Gueugnon\"},\"image\":{\"@id\":\"https:\/\/www.fcgueugnon.fr\/site\/#\/schema\/logo\/image\/\"},\"sameAs\":[\"http:\/\/facebook.com\/FCGueugnon\",\"https:\/\/x.com\/FCGueugnon_off\",\"https:\/\/www.instagram.com\/fcgueugnon\/\",\"https:\/\/www.linkedin.com\/company\/football-club-de-gueugnon\/\",\"https:\/\/www.youtube.com\/user\/FCGueugnonnais\",\"https:\/\/fr.wikipedia.org\/wiki\/Football_Club_de_Gueugnon\"]}]}<\/script>\n<!-- \/ Yoast SEO plugin. -->","yoast_head_json":{"title":"REGIONAL 1 HERBELIN &#8226; FOOTBALL CLUB GUEUGNON","robots":{"index":"index","follow":"follow","max-snippet":"max-snippet:-1","max-image-preview":"max-image-preview:large","max-video-preview":"max-video-preview:-1"},"canonical":"https:\/\/www.fcgueugnon.fr\/site\/national-3","og_locale":"fr_FR","og_type":"article","og_title":"REGIONAL 1 HERBELIN &#8226; FOOTBALL CLUB GUEUGNON","og_description":"Apr\u00e8s la relance du club en 2011 en DH, l\u2019\u00e9quipe S\u00e9niors A acc\u00e8de au CFA2 en 2013. Renomm\u00e9e National 3, les forgerons joueront r\u00e9guli\u00e8rement le haut de tableau de cette division avant que la r\u00e9forme des championnat nationaux ne viennent basculer le football amateur qui passe de 250 \u00e0 178 \u00e9quipes durant 4 ans. Malgr\u00e9 ... Lire la suite","og_url":"https:\/\/www.fcgueugnon.fr\/site\/national-3","og_site_name":"FOOTBALL CLUB GUEUGNON","article_publisher":"http:\/\/facebook.com\/FCGueugnon","article_modified_time":"2025-08-27T19:40:25+00:00","og_image":[{"width":2194,"height":987,"url":"https:\/\/www.fcgueugnon.fr\/site\/wp-content\/uploads\/2025\/08\/DFCO-B-4-0-FCG-Match-preparation.jpeg","type":"image\/jpeg"}],"twitter_card":"summary_large_image","twitter_site":"@FCGueugnon_off","twitter_misc":{"Dur\u00e9e de lecture estim\u00e9e":"2 minutes"},"schema":{"@context":"https:\/\/schema.org","@graph":[{"@type":"WebPage","@id":"https:\/\/www.fcgueugnon.fr\/site\/national-3","url":"https:\/\/www.fcgueugnon.fr\/site\/national-3","name":"REGIONAL 1 HERBELIN &#8226; FOOTBALL CLUB GUEUGNON","isPartOf":{"@id":"https:\/\/www.fcgueugnon.fr\/site\/#website"},"primaryImageOfPage":{"@id":"https:\/\/www.fcgueugnon.fr\/site\/national-3#primaryimage"},"image":{"@id":"https:\/\/www.fcgueugnon.fr\/site\/national-3#primaryimage"},"thumbnailUrl":"https:\/\/www.fcgueugnon.fr\/site\/wp-content\/uploads\/2025\/08\/DFCO-B-4-0-FCG-Match-preparation-1024x461.jpeg","datePublished":"2022-07-21T12:20:23+00:00","dateModified":"2025-08-27T19:40:25+00:00","breadcrumb":{"@id":"https:\/\/www.fcgueugnon.fr\/site\/national-3#breadcrumb"},"inLanguage":"fr-FR","potentialAction":[{"@type":"ReadAction","target":["https:\/\/www.fcgueugnon.fr\/site\/national-3"]}]},{"@type":"ImageObject","inLanguage":"fr-FR","@id":"https:\/\/www.fcgueugnon.fr\/site\/national-3#primaryimage","url":"https:\/\/www.fcgueugnon.fr\/site\/wp-content\/uploads\/2025\/08\/DFCO-B-4-0-FCG-Match-preparation.jpeg","contentUrl":"https:\/\/www.fcgueugnon.fr\/site\/wp-content\/uploads\/2025\/08\/DFCO-B-4-0-FCG-Match-preparation.jpeg","width":2194,"height":987},{"@type":"BreadcrumbList","@id":"https:\/\/www.fcgueugnon.fr\/site\/national-3#breadcrumb","itemListElement":[{"@type":"ListItem","position":1,"name":"Accueil","item":"https:\/\/www.fcgueugnon.fr\/site\/"},{"@type":"ListItem","position":2,"name":"REGIONAL 1 HERBELIN"}]},{"@type":"WebSite","@id":"https:\/\/www.fcgueugnon.fr\/site\/#website","url":"https:\/\/www.fcgueugnon.fr\/site\/","name":"FOOTBALL CLUB GUEUGNON","description":"Le Site Officiel des Forgerons","publisher":{"@id":"https:\/\/www.fcgueugnon.fr\/site\/#organization"},"potentialAction":[{"@type":"SearchAction","target":{"@type":"EntryPoint","urlTemplate":"https:\/\/www.fcgueugnon.fr\/site\/?s={search_term_string}"},"query-input":{"@type":"PropertyValueSpecification","valueRequired":true,"valueName":"search_term_string"}}],"inLanguage":"fr-FR"},{"@type":"Organization","@id":"https:\/\/www.fcgueugnon.fr\/site\/#organization","name":"FC Gueugnon","url":"https:\/\/www.fcgueugnon.fr\/site\/","logo":{"@type":"ImageObject","inLanguage":"fr-FR","@id":"https:\/\/www.fcgueugnon.fr\/site\/#\/schema\/logo\/image\/","url":"https:\/\/www.fcgueugnon.fr\/site\/wp-content\/uploads\/2022\/07\/cropped-Logo-FCGUEUGNON-low-350x350-1.png","contentUrl":"https:\/\/www.fcgueugnon.fr\/site\/wp-content\/uploads\/2022\/07\/cropped-Logo-FCGUEUGNON-low-350x350-1.png","width":350,"height":350,"caption":"FC Gueugnon"},"image":{"@id":"https:\/\/www.fcgueugnon.fr\/site\/#\/schema\/logo\/image\/"},"sameAs":["http:\/\/facebook.com\/FCGueugnon","https:\/\/x.com\/FCGueugnon_off","https:\/\/www.instagram.com\/fcgueugnon\/","https:\/\/www.linkedin.com\/company\/football-club-de-gueugnon\/","https:\/\/www.youtube.com\/user\/FCGueugnonnais","https:\/\/fr.wikipedia.org\/wiki\/Football_Club_de_Gueugnon"]}]}},"rttpg_featured_image_url":null,"rttpg_author":{"display_name":"FC Gueugnon","author_link":"https:\/\/www.fcgueugnon.fr\/site\/author\/admin-antho"},"rttpg_comment":0,"rttpg_category":null,"rttpg_excerpt":"Apr\u00e8s la relance du club en 2011 en DH, l\u2019\u00e9quipe S\u00e9niors A acc\u00e8de au CFA2 en 2013. Renomm\u00e9e National 3, les forgerons joueront r\u00e9guli\u00e8rement le haut de tableau de cette division avant que la r\u00e9forme des championnat nationaux ne viennent basculer le football amateur qui passe de 250 \u00e0 178 \u00e9quipes durant 4 ans. Malgr\u00e9\u2026","_links":{"self":[{"href":"https:\/\/www.fcgueugnon.fr\/site\/wp-json\/wp\/v2\/pages\/129","targetHints":{"allow":["GET"]}}],"collection":[{"href":"https:\/\/www.fcgueugnon.fr\/site\/wp-json\/wp\/v2\/pages"}],"about":[{"href":"https:\/\/www.fcgueugnon.fr\/site\/wp-json\/wp\/v2\/types\/page"}],"author":[{"embeddable":true,"href":"https:\/\/www.fcgueugnon.fr\/site\/wp-json\/wp\/v2\/users\/1"}],"replies":[{"embeddable":true,"href":"https:\/\/www.fcgueugnon.fr\/site\/wp-json\/wp\/v2\/comments?post=129"}],"version-history":[{"count":37,"href":"https:\/\/www.fcgueugnon.fr\/site\/wp-json\/wp\/v2\/pages\/129\/revisions"}],"predecessor-version":[{"id":54959,"href":"https:\/\/www.fcgueugnon.fr\/site\/wp-json\/wp\/v2\/pages\/129\/revisions\/54959"}],"wp:attachment":[{"href":"https:\/\/www.fcgueugnon.fr\/site\/wp-json\/wp\/v2\/media?parent=129"}],"curies":[{"name":"wp","href":"https:\/\/api.w.org\/{rel}","templated":true}]}}