{"id":104,"date":"2022-07-21T00:01:56","date_gmt":"2022-07-20T22:01:56","guid":{"rendered":"https:\/\/www.fcgueugnon.fr\/site\/?page_id=104"},"modified":"2022-07-21T00:01:57","modified_gmt":"2022-07-20T22:01:57","slug":"cgv-boutique-en-ligne","status":"publish","type":"page","link":"https:\/\/www.fcgueugnon.fr\/site\/cgv-boutique-en-ligne","title":{"rendered":"CGV Boutique en Ligne"},"content":{"rendered":"\n<div style=\"height:20px\" aria-hidden=\"true\" class=\"wp-block-spacer\"><\/div>\n\n\n\n<h2 class=\"has-text-align-center wp-block-heading\"><strong>CONDITIONS G\u00c9N\u00c9RALES DE VENTE BOUTIQUE EN LIGNE<\/strong><\/h2>\n\n\n\n<p>Les pr\u00e9sentes conditions g\u00e9n\u00e9rales de vente sont conclues entre, d\u2019une part :<\/p>\n\n\n\n<p>Association FC Gueugnon, Association Loi 1901<br>Si\u00e8ge social : FC Gueugnon, BP 8 \u2013 Avenue du Stade, Stade Jean-Laville<br>71130 GUEUGNON<br>Ci-apr\u00e8s d\u00e9nomm\u00e9e \u00ab www.boutique.fcgueugnon.fr \u00bb.<\/p>\n\n\n\n<p>Et, d\u2019autre part, les internautes qui souhaitent effectuer un achat sur le site ci-apr\u00e8s d\u00e9nomm\u00e9 \u00ab l\u2018acheteur \u00bb.<\/p>\n\n\n\n<p>Les pr\u00e9sentes conditions r\u00e9gissent la vente de tout produit pr\u00e9sent\u00e9 sur le site \u00ab www.boutique.fcgueugnon.fr \u00bb par l\u2019Association FCG. Les parties conviennent que leurs relations seront exclusivement r\u00e9gies par le pr\u00e9sent contrat, \u00e0 l\u2019exclusion de toute autre condition. Les articles ne sont propos\u00e9s \u00e0 la vente qu\u2019aux personnes physiques non commer\u00e7antes. Elles sont conclues intuitu person\u00e6 et ne peuvent donc faire l\u2019objet d\u2019aucune cession, de quelque nature qu\u2019elle soit. Toute commande d\u00fbment valid\u00e9e sur le site www.boutique.fcgueugnon.fr implique l\u2019adh\u00e9sion totale et sans aucune r\u00e9serve aux pr\u00e9sentes conditions g\u00e9n\u00e9rales de vente et, \u00e9ventuellement, aux conditions particuli\u00e8res ou sp\u00e9cifiques \u00e0 un ou plusieurs produits ou commandes.<\/p>\n\n\n\n<div style=\"height:15px\" aria-hidden=\"true\" class=\"wp-block-spacer\"><\/div>\n\n\n\n<h3 class=\"wp-block-heading\"><strong>OBJET<\/strong><\/h3>\n\n\n\n<p>Les pr\u00e9sentes conditions de vente visent \u00e0 d\u00e9finir les relations contractuelles entre www.boutique.fcgueugnon.fr et l\u2019acheteur et les conditions applicables \u00e0 tout achat effectu\u00e9 par le biais du site marchand de www.boutique.fcgueugnon.fr que l\u2019acheteur soit professionnel ou consommateur. L\u2019acquisition d\u2019un bien \u00e0 travers le pr\u00e9sent site implique une acceptation sans r\u00e9serve par l\u2019acheteur des pr\u00e9sentes conditions de vente. Ces conditions de vente pr\u00e9vaudront sur toutes autres conditions g\u00e9n\u00e9rales ou particuli\u00e8res non express\u00e9ment agr\u00e9\u00e9es. www.boutique.fcgueugnon.fr se r\u00e9serve le droit de pouvoir modifier ses conditions de vente \u00e0 tout moment. Dans ce cas, les conditions applicables seront celles en vigueur \u00e0 la date de la commande par l\u2019acheteur.<\/p>\n\n\n\n<div style=\"height:15px\" aria-hidden=\"true\" class=\"wp-block-spacer\"><\/div>\n\n\n\n<h3 class=\"wp-block-heading\"><strong>TARIFS<\/strong><\/h3>\n\n\n\n<p>Les prix figurant dans le catalogue sont des prix TTC en euros tenant compte de la TVA applicable au jour de la commande ; tout changement du taux pourra \u00eatre r\u00e9percut\u00e9 sur le prix des produits. www.boutique.fcgueugnon.fr se r\u00e9serve le droit de modifier ses prix \u00e0 tout moment, \u00e9tant toutefois entendu que le prix figurant au catalogue le jour de la commande sera le seul applicable \u00e0 l\u2019acheteur. Les prix indiqu\u00e9s ne comprennent pas les frais de livraison.<\/p>\n\n\n\n<div style=\"height:15px\" aria-hidden=\"true\" class=\"wp-block-spacer\"><\/div>\n\n\n\n<h3 class=\"wp-block-heading\"><strong>COMMANDES<\/strong><\/h3>\n\n\n\n<p>L\u2019acheteur, qui souhaite acheter un produit doit obligatoirement :<\/p>\n\n\n\n<p>Se connecter sur le site officiel du FC Gueugnon et choisir le ou les produits souhait\u00e9s.<br>Valider sa commande apr\u00e8s l\u2019avoir v\u00e9rifi\u00e9e,<br>Effectuer le paiement dans les conditions pr\u00e9vues,<\/p>\n\n\n\n<p>Confirmer sa commande et son r\u00e8glement. La confirmation de la commande entra\u00eene acceptation des pr\u00e9sentes conditions de vente, la reconnaissance d\u2019en avoir parfaite connaissance et la renonciation \u00e0 se pr\u00e9valoir de ses propres conditions d\u2019achat ou d\u2019autres conditions. L\u2019ensemble des donn\u00e9es fournies et la confirmation enregistr\u00e9e vaudront preuve de la transaction. La confirmation vaudra signature et acceptation des op\u00e9rations effectu\u00e9es. Le vendeur communiquera par courrier \u00e9lectronique confirmation de la commande enregistr\u00e9e.<\/p>\n\n\n\n<div style=\"height:15px\" aria-hidden=\"true\" class=\"wp-block-spacer\"><\/div>\n\n\n\n<h3 class=\"wp-block-heading\"><strong>LIVRAISONS<\/strong><\/h3>\n\n\n\n<p>Les livraisons sont faites \u00e0 l\u2019adresse indiqu\u00e9e dans le bon de commande. En cas de dommage du colis pendant le transport, la protestation motiv\u00e9e doit \u00eatre formul\u00e9e en premier lieu aupr\u00e8s de La Poste, puis aupr\u00e8s de www.boutique.fcgueugnon.fr dans un d\u00e9lai de trois jours \u00e0 compter de la livraison. Le d\u00e9lai maximal de livraison est de 30 jours et sont donn\u00e9s qu\u2019\u00e0 titre indicatif. Si ceux-ci d\u00e9passent trente jours \u00e0 compter de la commande et si l&rsquo;acheteur n&rsquo;a pas pris contact dans la p\u00e9riode de 30 jours aupr\u00e8s de www.boutique.fcgueugnon.fr pour plus d&rsquo;informations, le contrat de vente pourra \u00eatre r\u00e9sili\u00e9 et l\u2019acheteur rembours\u00e9.<\/p>\n\n\n\n<div style=\"height:15px\" aria-hidden=\"true\" class=\"wp-block-spacer\"><\/div>\n\n\n\n<h3 class=\"wp-block-heading\"><strong>GARANTIE<\/strong><\/h3>\n\n\n\n<p>Tous les produits fournis par le vendeur b\u00e9n\u00e9ficient de la garantie l\u00e9gale pr\u00e9vue par les articles 1641 et suivants du Code civil. En cas de non-conformit\u00e9 d\u2019un produit vendu, il pourra \u00eatre retourn\u00e9 au vendeur qui le reprendra, l\u2019\u00e9changera ou le remboursera.<\/p>\n\n\n\n<div style=\"height:15px\" aria-hidden=\"true\" class=\"wp-block-spacer\"><\/div>\n\n\n\n<h3 class=\"wp-block-heading\"><strong>REPRISE \/ \u00c9CHANGE<\/strong><\/h3>\n\n\n\n<p>Toutes les r\u00e9clamations et demandes d\u2019\u00e9change doivent s\u2019effectuer par voie postale \u00e0 l\u2019adresse suivante : FC Gueugnon, BP 8 \u2013 Avenue du Stade, Stade Jean-Laville \u2013\u00a071130 GUEUGNON, dans le d\u00e9lai de trente jours de la livraison.<br>Si un article ne convient pas, renvoyez-le (colissimo suivi sans signature), \u00e0 vos frais, il sera \u00e9chang\u00e9 ou rembours\u00e9 en cas de rupture de stock.<br>En vertu de l\u2019article 121 20 2 du code de la consommation, les maillots personnalis\u00e9s par flocage de nom et ou num\u00e9ro ou toute autre sp\u00e9cification ne sont ni repris ni \u00e9chang\u00e9s.<\/p>\n\n\n\n<div style=\"height:15px\" aria-hidden=\"true\" class=\"wp-block-spacer\"><\/div>\n\n\n\n<h3 class=\"wp-block-heading\"><strong>RETRACTATION<\/strong><\/h3>\n\n\n\n<p>Conform\u00e9ment \u00e0 la loi n\u00b02014-344 du 17 mars 2014 relative \u00e0 la consommation, dite \u00ab loi Hamon \u00bb, les acheteurs, personnes physiques non professionnelles, b\u00e9n\u00e9ficient d\u2019un d\u00e9lai de r\u00e9tractation de 14 jours \u00e0 compter de la livraison de leur commande pour faire retour du produit au vendeur pour \u00e9change ou remboursement sans p\u00e9nalit\u00e9, \u00e0 l\u2019exception des frais de retour. Le d\u00e9lai de remboursement du vendeur \u00e0 l\u2019acheteur est de 14 jours.<\/p>\n\n\n\n<div style=\"height:15px\" aria-hidden=\"true\" class=\"wp-block-spacer\"><\/div>\n\n\n\n<h3 class=\"wp-block-heading\"><strong>RESPONSABILITE<\/strong><\/h3>\n\n\n\n<p>Le vendeur, dans le processus de vente en ligne, n\u2019est tenu que par une obligation de moyens ; sa responsabilit\u00e9 ne pourra \u00eatre engag\u00e9e pour un dommage r\u00e9sultant de l\u2019utilisation du r\u00e9seau Internet tel que perte de donn\u00e9es, intrusion, virus, rupture du service, ou autres probl\u00e8mes involontaires.<\/p>\n\n\n\n<div style=\"height:15px\" aria-hidden=\"true\" class=\"wp-block-spacer\"><\/div>\n\n\n\n<h3 class=\"wp-block-heading\"><strong>PROPRIETE INTELLECTUELLE<\/strong><\/h3>\n\n\n\n<p>Tous les \u00e9l\u00e9ments du site de www.boutique.fcgueugnon.fr sont et restent la propri\u00e9t\u00e9 intellectuelle et exclusive du FCG. Personne n\u2019est autoris\u00e9 \u00e0 reproduire, exploiter, rediffuser, ou utiliser \u00e0 quelque titre que ce soit, m\u00eame partiellement, des \u00e9l\u00e9ments du site qu\u2019ils soient logiciels, visuels ou sonores. Tout lien simple ou par hypertexte est strictement interdit sans un accord \u00e9crit expr\u00e8s du FCG.<\/p>\n\n\n\n<div style=\"height:15px\" aria-hidden=\"true\" class=\"wp-block-spacer\"><\/div>\n\n\n\n<h3 class=\"wp-block-heading\"><strong>DONNEES A CARACTERE PERSONNEL<\/strong><\/h3>\n\n\n\n<p>Conform\u00e9ment \u00e0 la loi relative \u00e0 l\u2019informatique, aux fichiers et aux libert\u00e9s du 6 janvier 1978, les informations \u00e0 caract\u00e8re nominatif relatives aux acheteurs pourront faire l\u2019objet d\u2019un traitement automatis\u00e9. www.boutique.fcgueugnon.fr se r\u00e9serve le droit de collecter des informations sur les acheteurs y compris en utilisant des cookies, et, s\u2019il le souhaite, de transmettre \u00e0 des partenaires commerciaux les informations collect\u00e9es. Les acheteurs peuvent s\u2019opposer \u00e0 la divulgation de leurs coordonn\u00e9es en le signalant \u00e0 www.boutique.fcgueugnon.fr. De m\u00eame, les utilisateurs disposent d\u2019un droit d\u2019acc\u00e8s et de rectification des donn\u00e9es les concernant, conform\u00e9ment \u00e0 la loi du 6 janvier 1978.<\/p>\n\n\n\n<div style=\"height:15px\" aria-hidden=\"true\" class=\"wp-block-spacer\"><\/div>\n\n\n\n<h3 class=\"wp-block-heading\"><strong>ARCHIVAGE \/ PREUVE<\/strong><\/h3>\n\n\n\n<p>www.boutique.fcgueugnon.fr archivera les bons de commandes et les factures sur un support fiable et durable constituant une copie fid\u00e8le conform\u00e9ment aux dispositions de l\u2019article 1348 du Code civil. Les registres informatis\u00e9s de www.boutique.fcgueugnon.fr seront consid\u00e9r\u00e9s par les parties comme preuve des communications, commandes, paiements et transactions intervenus entre les parties.<\/p>\n\n\n\n<div style=\"height:15px\" aria-hidden=\"true\" class=\"wp-block-spacer\"><\/div>\n\n\n\n<h3 class=\"wp-block-heading\"><strong>REGLEMENT DES LITIGES<\/strong><\/h3>\n\n\n\n<p>Les pr\u00e9sentes conditions de vente en ligne sont soumises \u00e0 la loi fran\u00e7aise. En cas de litige, comp\u00e9tence est attribu\u00e9e aux tribunaux comp\u00e9tents, nonobstant pluralit\u00e9 de d\u00e9fendeurs ou appel en garantie.<\/p>\n\n\n\n<div style=\"height:100px\" aria-hidden=\"true\" class=\"wp-block-spacer\"><\/div>\n","protected":false},"excerpt":{"rendered":"<p>CONDITIONS G\u00c9N\u00c9RALES DE VENTE BOUTIQUE EN LIGNE Les pr\u00e9sentes conditions g\u00e9n\u00e9rales de vente sont conclues entre, d\u2019une part : Association FC Gueugnon, Association Loi 1901Si\u00e8ge social : FC Gueugnon, BP 8 \u2013 Avenue du Stade, Stade Jean-Laville71130 GUEUGNONCi-apr\u00e8s d\u00e9nomm\u00e9e \u00ab www.boutique.fcgueugnon.fr \u00bb. Et, d\u2019autre part, les internautes qui souhaitent effectuer un achat sur le site &#8230; <\/p>\n<p class=\"read-more-container\"><a title=\"CGV Boutique en Ligne\" class=\"read-more button\" href=\"https:\/\/www.fcgueugnon.fr\/site\/cgv-boutique-en-ligne#more-104\" aria-label=\"Plus sur CGV Boutique en Ligne\">Lire la suite<\/a><\/p>\n","protected":false},"author":1,"featured_media":0,"parent":0,"menu_order":0,"comment_status":"closed","ping_status":"closed","template":"","meta":{"footnotes":""},"class_list":{"0":"post-104","1":"page","2":"type-page","3":"status-publish","5":"infinite-scroll-item"},"yoast_head":"<!-- This site is optimized with the Yoast SEO plugin v26.6 - https:\/\/yoast.com\/wordpress\/plugins\/seo\/ -->\n<title>CGV Boutique en Ligne &#8226; FOOTBALL CLUB GUEUGNON<\/title>\n<meta name=\"robots\" content=\"index, follow, max-snippet:-1, max-image-preview:large, max-video-preview:-1\" \/>\n<link rel=\"canonical\" href=\"https:\/\/www.fcgueugnon.fr\/site\/cgv-boutique-en-ligne\" \/>\n<meta property=\"og:locale\" content=\"fr_FR\" \/>\n<meta property=\"og:type\" content=\"article\" \/>\n<meta property=\"og:title\" content=\"CGV Boutique en Ligne &#8226; FOOTBALL CLUB GUEUGNON\" \/>\n<meta property=\"og:description\" content=\"CONDITIONS G\u00c9N\u00c9RALES DE VENTE BOUTIQUE EN LIGNE Les pr\u00e9sentes conditions g\u00e9n\u00e9rales de vente sont conclues entre, d\u2019une part : Association FC Gueugnon, Association Loi 1901Si\u00e8ge social : FC Gueugnon, BP 8 \u2013 Avenue du Stade, Stade Jean-Laville71130 GUEUGNONCi-apr\u00e8s d\u00e9nomm\u00e9e \u00ab www.boutique.fcgueugnon.fr \u00bb. Et, d\u2019autre part, les internautes qui souhaitent effectuer un achat sur le site ... Lire la suite\" \/>\n<meta property=\"og:url\" content=\"https:\/\/www.fcgueugnon.fr\/site\/cgv-boutique-en-ligne\" \/>\n<meta property=\"og:site_name\" content=\"FOOTBALL CLUB GUEUGNON\" \/>\n<meta property=\"article:publisher\" content=\"http:\/\/facebook.com\/FCGueugnon\" \/>\n<meta property=\"article:modified_time\" content=\"2022-07-20T22:01:57+00:00\" \/>\n<meta property=\"og:image\" content=\"https:\/\/www.fcgueugnon.fr\/site\/wp-content\/uploads\/2022\/07\/cropped-cropped-Logo-FCGUEUGNON-low-350x350-1.png\" \/>\n\t<meta property=\"og:image:width\" content=\"512\" \/>\n\t<meta property=\"og:image:height\" content=\"512\" \/>\n\t<meta property=\"og:image:type\" content=\"image\/png\" \/>\n<meta name=\"twitter:card\" content=\"summary_large_image\" \/>\n<meta name=\"twitter:site\" content=\"@FCGueugnon_off\" \/>\n<meta name=\"twitter:label1\" content=\"Dur\u00e9e de lecture estim\u00e9e\" \/>\n\t<meta name=\"twitter:data1\" content=\"6 minutes\" \/>\n<script type=\"application\/ld+json\" class=\"yoast-schema-graph\">{\"@context\":\"https:\/\/schema.org\",\"@graph\":[{\"@type\":\"WebPage\",\"@id\":\"https:\/\/www.fcgueugnon.fr\/site\/cgv-boutique-en-ligne\",\"url\":\"https:\/\/www.fcgueugnon.fr\/site\/cgv-boutique-en-ligne\",\"name\":\"CGV Boutique en Ligne &#8226; FOOTBALL CLUB GUEUGNON\",\"isPartOf\":{\"@id\":\"https:\/\/www.fcgueugnon.fr\/site\/#website\"},\"datePublished\":\"2022-07-20T22:01:56+00:00\",\"dateModified\":\"2022-07-20T22:01:57+00:00\",\"breadcrumb\":{\"@id\":\"https:\/\/www.fcgueugnon.fr\/site\/cgv-boutique-en-ligne#breadcrumb\"},\"inLanguage\":\"fr-FR\",\"potentialAction\":[{\"@type\":\"ReadAction\",\"target\":[\"https:\/\/www.fcgueugnon.fr\/site\/cgv-boutique-en-ligne\"]}]},{\"@type\":\"BreadcrumbList\",\"@id\":\"https:\/\/www.fcgueugnon.fr\/site\/cgv-boutique-en-ligne#breadcrumb\",\"itemListElement\":[{\"@type\":\"ListItem\",\"position\":1,\"name\":\"Accueil\",\"item\":\"https:\/\/www.fcgueugnon.fr\/site\/\"},{\"@type\":\"ListItem\",\"position\":2,\"name\":\"CGV Boutique en Ligne\"}]},{\"@type\":\"WebSite\",\"@id\":\"https:\/\/www.fcgueugnon.fr\/site\/#website\",\"url\":\"https:\/\/www.fcgueugnon.fr\/site\/\",\"name\":\"FOOTBALL CLUB GUEUGNON\",\"description\":\"Le Site Officiel des Forgerons\",\"publisher\":{\"@id\":\"https:\/\/www.fcgueugnon.fr\/site\/#organization\"},\"potentialAction\":[{\"@type\":\"SearchAction\",\"target\":{\"@type\":\"EntryPoint\",\"urlTemplate\":\"https:\/\/www.fcgueugnon.fr\/site\/?s={search_term_string}\"},\"query-input\":{\"@type\":\"PropertyValueSpecification\",\"valueRequired\":true,\"valueName\":\"search_term_string\"}}],\"inLanguage\":\"fr-FR\"},{\"@type\":\"Organization\",\"@id\":\"https:\/\/www.fcgueugnon.fr\/site\/#organization\",\"name\":\"FC Gueugnon\",\"url\":\"https:\/\/www.fcgueugnon.fr\/site\/\",\"logo\":{\"@type\":\"ImageObject\",\"inLanguage\":\"fr-FR\",\"@id\":\"https:\/\/www.fcgueugnon.fr\/site\/#\/schema\/logo\/image\/\",\"url\":\"https:\/\/www.fcgueugnon.fr\/site\/wp-content\/uploads\/2022\/07\/cropped-Logo-FCGUEUGNON-low-350x350-1.png\",\"contentUrl\":\"https:\/\/www.fcgueugnon.fr\/site\/wp-content\/uploads\/2022\/07\/cropped-Logo-FCGUEUGNON-low-350x350-1.png\",\"width\":350,\"height\":350,\"caption\":\"FC Gueugnon\"},\"image\":{\"@id\":\"https:\/\/www.fcgueugnon.fr\/site\/#\/schema\/logo\/image\/\"},\"sameAs\":[\"http:\/\/facebook.com\/FCGueugnon\",\"https:\/\/x.com\/FCGueugnon_off\",\"https:\/\/www.instagram.com\/fcgueugnon\/\",\"https:\/\/www.linkedin.com\/company\/football-club-de-gueugnon\/\",\"https:\/\/www.youtube.com\/user\/FCGueugnonnais\",\"https:\/\/fr.wikipedia.org\/wiki\/Football_Club_de_Gueugnon\"]}]}<\/script>\n<!-- \/ Yoast SEO plugin. -->","yoast_head_json":{"title":"CGV Boutique en Ligne &#8226; FOOTBALL CLUB GUEUGNON","robots":{"index":"index","follow":"follow","max-snippet":"max-snippet:-1","max-image-preview":"max-image-preview:large","max-video-preview":"max-video-preview:-1"},"canonical":"https:\/\/www.fcgueugnon.fr\/site\/cgv-boutique-en-ligne","og_locale":"fr_FR","og_type":"article","og_title":"CGV Boutique en Ligne &#8226; FOOTBALL CLUB GUEUGNON","og_description":"CONDITIONS G\u00c9N\u00c9RALES DE VENTE BOUTIQUE EN LIGNE Les pr\u00e9sentes conditions g\u00e9n\u00e9rales de vente sont conclues entre, d\u2019une part : Association FC Gueugnon, Association Loi 1901Si\u00e8ge social : FC Gueugnon, BP 8 \u2013 Avenue du Stade, Stade Jean-Laville71130 GUEUGNONCi-apr\u00e8s d\u00e9nomm\u00e9e \u00ab www.boutique.fcgueugnon.fr \u00bb. Et, d\u2019autre part, les internautes qui souhaitent effectuer un achat sur le site ... Lire la suite","og_url":"https:\/\/www.fcgueugnon.fr\/site\/cgv-boutique-en-ligne","og_site_name":"FOOTBALL CLUB GUEUGNON","article_publisher":"http:\/\/facebook.com\/FCGueugnon","article_modified_time":"2022-07-20T22:01:57+00:00","og_image":[{"width":512,"height":512,"url":"https:\/\/www.fcgueugnon.fr\/site\/wp-content\/uploads\/2022\/07\/cropped-cropped-Logo-FCGUEUGNON-low-350x350-1.png","type":"image\/png"}],"twitter_card":"summary_large_image","twitter_site":"@FCGueugnon_off","twitter_misc":{"Dur\u00e9e de lecture estim\u00e9e":"6 minutes"},"schema":{"@context":"https:\/\/schema.org","@graph":[{"@type":"WebPage","@id":"https:\/\/www.fcgueugnon.fr\/site\/cgv-boutique-en-ligne","url":"https:\/\/www.fcgueugnon.fr\/site\/cgv-boutique-en-ligne","name":"CGV Boutique en Ligne &#8226; FOOTBALL CLUB GUEUGNON","isPartOf":{"@id":"https:\/\/www.fcgueugnon.fr\/site\/#website"},"datePublished":"2022-07-20T22:01:56+00:00","dateModified":"2022-07-20T22:01:57+00:00","breadcrumb":{"@id":"https:\/\/www.fcgueugnon.fr\/site\/cgv-boutique-en-ligne#breadcrumb"},"inLanguage":"fr-FR","potentialAction":[{"@type":"ReadAction","target":["https:\/\/www.fcgueugnon.fr\/site\/cgv-boutique-en-ligne"]}]},{"@type":"BreadcrumbList","@id":"https:\/\/www.fcgueugnon.fr\/site\/cgv-boutique-en-ligne#breadcrumb","itemListElement":[{"@type":"ListItem","position":1,"name":"Accueil","item":"https:\/\/www.fcgueugnon.fr\/site\/"},{"@type":"ListItem","position":2,"name":"CGV Boutique en Ligne"}]},{"@type":"WebSite","@id":"https:\/\/www.fcgueugnon.fr\/site\/#website","url":"https:\/\/www.fcgueugnon.fr\/site\/","name":"FOOTBALL CLUB GUEUGNON","description":"Le Site Officiel des Forgerons","publisher":{"@id":"https:\/\/www.fcgueugnon.fr\/site\/#organization"},"potentialAction":[{"@type":"SearchAction","target":{"@type":"EntryPoint","urlTemplate":"https:\/\/www.fcgueugnon.fr\/site\/?s={search_term_string}"},"query-input":{"@type":"PropertyValueSpecification","valueRequired":true,"valueName":"search_term_string"}}],"inLanguage":"fr-FR"},{"@type":"Organization","@id":"https:\/\/www.fcgueugnon.fr\/site\/#organization","name":"FC Gueugnon","url":"https:\/\/www.fcgueugnon.fr\/site\/","logo":{"@type":"ImageObject","inLanguage":"fr-FR","@id":"https:\/\/www.fcgueugnon.fr\/site\/#\/schema\/logo\/image\/","url":"https:\/\/www.fcgueugnon.fr\/site\/wp-content\/uploads\/2022\/07\/cropped-Logo-FCGUEUGNON-low-350x350-1.png","contentUrl":"https:\/\/www.fcgueugnon.fr\/site\/wp-content\/uploads\/2022\/07\/cropped-Logo-FCGUEUGNON-low-350x350-1.png","width":350,"height":350,"caption":"FC Gueugnon"},"image":{"@id":"https:\/\/www.fcgueugnon.fr\/site\/#\/schema\/logo\/image\/"},"sameAs":["http:\/\/facebook.com\/FCGueugnon","https:\/\/x.com\/FCGueugnon_off","https:\/\/www.instagram.com\/fcgueugnon\/","https:\/\/www.linkedin.com\/company\/football-club-de-gueugnon\/","https:\/\/www.youtube.com\/user\/FCGueugnonnais","https:\/\/fr.wikipedia.org\/wiki\/Football_Club_de_Gueugnon"]}]}},"rttpg_featured_image_url":null,"rttpg_author":{"display_name":"FC Gueugnon","author_link":"https:\/\/www.fcgueugnon.fr\/site\/author\/admin-antho"},"rttpg_comment":0,"rttpg_category":null,"rttpg_excerpt":"CONDITIONS G\u00c9N\u00c9RALES DE VENTE BOUTIQUE EN LIGNE Les pr\u00e9sentes conditions g\u00e9n\u00e9rales de vente sont conclues entre, d\u2019une part : Association FC Gueugnon, Association Loi 1901Si\u00e8ge social : FC Gueugnon, BP 8 \u2013 Avenue du Stade, Stade Jean-Laville71130 GUEUGNONCi-apr\u00e8s d\u00e9nomm\u00e9e \u00ab www.boutique.fcgueugnon.fr \u00bb. Et, d\u2019autre part, les internautes qui souhaitent effectuer un achat sur le site\u2026","_links":{"self":[{"href":"https:\/\/www.fcgueugnon.fr\/site\/wp-json\/wp\/v2\/pages\/104","targetHints":{"allow":["GET"]}}],"collection":[{"href":"https:\/\/www.fcgueugnon.fr\/site\/wp-json\/wp\/v2\/pages"}],"about":[{"href":"https:\/\/www.fcgueugnon.fr\/site\/wp-json\/wp\/v2\/types\/page"}],"author":[{"embeddable":true,"href":"https:\/\/www.fcgueugnon.fr\/site\/wp-json\/wp\/v2\/users\/1"}],"replies":[{"embeddable":true,"href":"https:\/\/www.fcgueugnon.fr\/site\/wp-json\/wp\/v2\/comments?post=104"}],"version-history":[{"count":1,"href":"https:\/\/www.fcgueugnon.fr\/site\/wp-json\/wp\/v2\/pages\/104\/revisions"}],"predecessor-version":[{"id":105,"href":"https:\/\/www.fcgueugnon.fr\/site\/wp-json\/wp\/v2\/pages\/104\/revisions\/105"}],"wp:attachment":[{"href":"https:\/\/www.fcgueugnon.fr\/site\/wp-json\/wp\/v2\/media?parent=104"}],"curies":[{"name":"wp","href":"https:\/\/api.w.org\/{rel}","templated":true}]}}